{"id":9135,"date":"2023-12-18T11:13:49","date_gmt":"2023-12-18T10:13:49","guid":{"rendered":"https:\/\/atemhaus-hubertushof.de\/widerrufsbelehrung\/"},"modified":"2023-12-18T11:28:06","modified_gmt":"2023-12-18T10:28:06","slug":"widerrufsbelehrung","status":"publish","type":"page","link":"https:\/\/atemhaus-hubertushof.de\/ru\/widerrufsbelehrung\/","title":{"rendered":"\u041f\u0440\u0430\u0432\u0438\u043b\u0430 \u043e\u0442\u043c\u0435\u043d\u044b"},"content":{"rendered":"<div data-elementor-type=\"wp-page\" data-elementor-id=\"9135\" class=\"elementor elementor-9135\" data-elementor-post-type=\"page\">\n\t\t\t\t<div class=\"elementor-element elementor-element-1deb92cc e-flex e-con-boxed e-con e-parent\" data-id=\"1deb92cc\" data-element_type=\"container\" data-e-type=\"container\">\n\t\t\t\t\t<div class=\"e-con-inner\">\n\t\t\t\t<div class=\"elementor-element elementor-element-41f438e6 elementor-widget elementor-widget-text-editor\" data-id=\"41f438e6\" data-element_type=\"widget\" data-e-type=\"widget\" data-widget_type=\"text-editor.default\">\n\t\t\t\t<div class=\"elementor-widget-container\">\n\t\t\t\t\t\t\t\t\t<h3>\u041f\u0440\u0430\u0432\u043e \u043d\u0430 \u043e\u0442\u043c\u0435\u043d\u0443 \u0434\u043b\u044f \u043f\u043e\u0442\u0440\u0435\u0431\u0438\u0442\u0435\u043b\u0435\u0439<\/h3>\r\n(\u041f\u043e\u0442\u0440\u0435\u0431\u0438\u0442\u0435\u043b\u044c - \u044d\u0442\u043e \u043b\u044e\u0431\u043e\u0435 \u0444\u0438\u0437\u0438\u0447\u0435\u0441\u043a\u043e\u0435 \u043b\u0438\u0446\u043e, \u043a\u043e\u0442\u043e\u0440\u043e\u0435 \u0437\u0430\u043a\u043b\u044e\u0447\u0430\u0435\u0442 \u044e\u0440\u0438\u0434\u0438\u0447\u0435\u0441\u043a\u0443\u044e \u0441\u0434\u0435\u043b\u043a\u0443 \u0432 \u0446\u0435\u043b\u044f\u0445, \u043f\u0440\u0435\u0438\u043c\u0443\u0449\u0435\u0441\u0442\u0432\u0435\u043d\u043d\u043e \u043d\u0435 \u0441\u0432\u044f\u0437\u0430\u043d\u043d\u044b\u0445 \u0441 \u0435\u0433\u043e \u0442\u043e\u0440\u0433\u043e\u0432\u043b\u0435\u0439, \u0431\u0438\u0437\u043d\u0435\u0441\u043e\u043c \u0438\u043b\u0438 \u043f\u0440\u043e\u0444\u0435\u0441\u0441\u0438\u0435\u0439).\r\n<h1>\u041f\u0440\u0430\u0432\u0438\u043b\u0430 \u043e\u0442\u043c\u0435\u043d\u044b<\/h1>\r\n<h3>\u041f\u0440\u0430\u0432\u043e \u043d\u0430 \u043e\u0442\u043c\u0435\u043d\u0443<\/h3>\r\n\u0412\u044b \u0438\u043c\u0435\u0435\u0442\u0435 \u043f\u0440\u0430\u0432\u043e \u0440\u0430\u0441\u0442\u043e\u0440\u0433\u043d\u0443\u0442\u044c \u044d\u0442\u043e\u0442 \u0434\u043e\u0433\u043e\u0432\u043e\u0440 \u0432 \u0442\u0435\u0447\u0435\u043d\u0438\u0435 \u0447\u0435\u0442\u044b\u0440\u043d\u0430\u0434\u0446\u0430\u0442\u0438 \u0434\u043d\u0435\u0439 \u0431\u0435\u0437 \u043e\u0431\u044a\u044f\u0441\u043d\u0435\u043d\u0438\u044f \u043f\u0440\u0438\u0447\u0438\u043d.\r\n\r\n\u0421\u0440\u043e\u043a \u0430\u043d\u043d\u0443\u043b\u0438\u0440\u043e\u0432\u0430\u043d\u0438\u044f \u0441\u043e\u0441\u0442\u0430\u0432\u043b\u044f\u0435\u0442 \u0447\u0435\u0442\u044b\u0440\u043d\u0430\u0434\u0446\u0430\u0442\u044c \u0434\u043d\u0435\u0439 \u0441 \u043c\u043e\u043c\u0435\u043d\u0442\u0430 \u0437\u0430\u043a\u043b\u044e\u0447\u0435\u043d\u0438\u044f \u0434\u043e\u0433\u043e\u0432\u043e\u0440\u0430.\r\n\r\n\u0427\u0442\u043e\u0431\u044b \u0432\u043e\u0441\u043f\u043e\u043b\u044c\u0437\u043e\u0432\u0430\u0442\u044c\u0441\u044f \u043f\u0440\u0430\u0432\u043e\u043c \u043d\u0430 \u043e\u0442\u043c\u0435\u043d\u0443, \u0432\u044b \u0434\u043e\u043b\u0436\u043d\u044b \u0441\u043e\u043e\u0431\u0449\u0438\u0442\u044c \u043d\u0430\u043c (ATEMevents GmbH, Poppenberg 5, 95505 Immenreuth, Deutschland, Telefonnummer: +49 9642 - 6913 100, E-Mail-Adresse: mail@atemhaus-hubertushof.de) \u043e \u0441\u0432\u043e\u0435\u043c \u0440\u0435\u0448\u0435\u043d\u0438\u0438 \u043e\u0442\u043c\u0435\u043d\u0438\u0442\u044c \u0434\u0430\u043d\u043d\u044b\u0439 \u0434\u043e\u0433\u043e\u0432\u043e\u0440 \u043f\u0443\u0442\u0435\u043c \u0447\u0435\u0442\u043a\u043e\u0433\u043e \u0437\u0430\u044f\u0432\u043b\u0435\u043d\u0438\u044f (\u043d\u0430\u043f\u0440\u0438\u043c\u0435\u0440, \u043f\u0438\u0441\u044c\u043c\u043e, \u043e\u0442\u043f\u0440\u0430\u0432\u043b\u0435\u043d\u043d\u043e\u0435 \u043f\u043e \u043f\u043e\u0447\u0442\u0435, \u044d\u043b\u0435\u043a\u0442\u0440\u043e\u043d\u043d\u043e\u0435 \u043f\u0438\u0441\u044c\u043c\u043e). \u0412\u044b \u043c\u043e\u0436\u0435\u0442\u0435 \u0432\u043e\u0441\u043f\u043e\u043b\u044c\u0437\u043e\u0432\u0430\u0442\u044c\u0441\u044f \u043f\u0440\u0438\u043b\u0430\u0433\u0430\u0435\u043c\u044b\u043c \u043e\u0431\u0440\u0430\u0437\u0446\u043e\u043c \u0444\u043e\u0440\u043c\u044b \u0440\u0430\u0441\u0442\u043e\u0440\u0436\u0435\u043d\u0438\u044f \u0434\u043e\u0433\u043e\u0432\u043e\u0440\u0430, \u043d\u043e \u044d\u0442\u043e \u043d\u0435 \u044f\u0432\u043b\u044f\u0435\u0442\u0441\u044f \u043e\u0431\u044f\u0437\u0430\u0442\u0435\u043b\u044c\u043d\u044b\u043c.\r\n\r\n\u0414\u043b\u044f \u0441\u043e\u0431\u043b\u044e\u0434\u0435\u043d\u0438\u044f \u0441\u0440\u043e\u043a\u0430 \u0430\u043d\u043d\u0443\u043b\u0438\u0440\u043e\u0432\u0430\u043d\u0438\u044f \u0434\u043e\u0441\u0442\u0430\u0442\u043e\u0447\u043d\u043e \u043e\u0442\u043f\u0440\u0430\u0432\u0438\u0442\u044c \u0443\u0432\u0435\u0434\u043e\u043c\u043b\u0435\u043d\u0438\u0435 \u043e\u0431 \u0438\u0441\u043f\u043e\u043b\u044c\u0437\u043e\u0432\u0430\u043d\u0438\u0438 \u043f\u0440\u0430\u0432\u0430 \u043d\u0430 \u0430\u043d\u043d\u0443\u043b\u0438\u0440\u043e\u0432\u0430\u043d\u0438\u0435 \u0434\u043e \u0438\u0441\u0442\u0435\u0447\u0435\u043d\u0438\u044f \u0441\u0440\u043e\u043a\u0430 \u0430\u043d\u043d\u0443\u043b\u0438\u0440\u043e\u0432\u0430\u043d\u0438\u044f.\r\n<h3>\u041f\u043e\u0441\u043b\u0435\u0434\u0441\u0442\u0432\u0438\u044f \u043e\u0442\u043c\u0435\u043d\u044b<\/h3>\r\n\u0415\u0441\u043b\u0438 \u0432\u044b \u043e\u0442\u043a\u0430\u0436\u0435\u0442\u0435\u0441\u044c \u043e\u0442 \u043d\u0430\u0441\u0442\u043e\u044f\u0449\u0435\u0433\u043e \u0434\u043e\u0433\u043e\u0432\u043e\u0440\u0430, \u043c\u044b \u0432\u043e\u0437\u043c\u0435\u0441\u0442\u0438\u043c \u0432\u0430\u043c \u0432\u0441\u0435 \u043f\u043e\u043b\u0443\u0447\u0435\u043d\u043d\u044b\u0435 \u043e\u0442 \u0432\u0430\u0441 \u043f\u043b\u0430\u0442\u0435\u0436\u0438, \u0432\u043a\u043b\u044e\u0447\u0430\u044f \u0440\u0430\u0441\u0445\u043e\u0434\u044b \u043d\u0430 \u0434\u043e\u0441\u0442\u0430\u0432\u043a\u0443 (\u0437\u0430 \u0438\u0441\u043a\u043b\u044e\u0447\u0435\u043d\u0438\u0435\u043c \u0434\u043e\u043f\u043e\u043b\u043d\u0438\u0442\u0435\u043b\u044c\u043d\u044b\u0445 \u0440\u0430\u0441\u0445\u043e\u0434\u043e\u0432, \u0432\u043e\u0437\u043d\u0438\u043a\u0448\u0438\u0445 \u0432 \u0440\u0435\u0437\u0443\u043b\u044c\u0442\u0430\u0442\u0435 \u0432\u044b\u0431\u043e\u0440\u0430 \u0432\u0430\u043c\u0438 \u0432\u0438\u0434\u0430 \u0434\u043e\u0441\u0442\u0430\u0432\u043a\u0438, \u043e\u0442\u043b\u0438\u0447\u043d\u043e\u0433\u043e \u043e\u0442 \u043d\u0430\u0438\u043c\u0435\u043d\u0435\u0435 \u0434\u043e\u0440\u043e\u0433\u043e\u0433\u043e \u0432\u0438\u0434\u0430 \u0441\u0442\u0430\u043d\u0434\u0430\u0440\u0442\u043d\u043e\u0439 \u0434\u043e\u0441\u0442\u0430\u0432\u043a\u0438, \u043f\u0440\u0435\u0434\u043b\u0430\u0433\u0430\u0435\u043c\u043e\u0433\u043e \u043d\u0430\u043c\u0438), \u0431\u0435\u0437 \u043d\u0435\u043e\u043f\u0440\u0430\u0432\u0434\u0430\u043d\u043d\u043e\u0439 \u0437\u0430\u0434\u0435\u0440\u0436\u043a\u0438 \u0438 \u0432 \u043b\u044e\u0431\u043e\u043c \u0441\u043b\u0443\u0447\u0430\u0435 \u043d\u0435 \u043f\u043e\u0437\u0434\u043d\u0435\u0435 14 \u0434\u043d\u0435\u0439 \u0441\u043e \u0434\u043d\u044f, \u043a\u043e\u0433\u0434\u0430 \u043c\u044b \u0431\u0443\u0434\u0435\u043c \u043f\u0440\u043e\u0438\u043d\u0444\u043e\u0440\u043c\u0438\u0440\u043e\u0432\u0430\u043d\u044b \u043e \u0432\u0430\u0448\u0435\u043c \u0440\u0435\u0448\u0435\u043d\u0438\u0438 \u043e\u0442\u043a\u0430\u0437\u0430\u0442\u044c\u0441\u044f \u043e\u0442 \u043d\u0430\u0441\u0442\u043e\u044f\u0449\u0435\u0433\u043e \u0434\u043e\u0433\u043e\u0432\u043e\u0440\u0430. \u0414\u043b\u044f \u0442\u0430\u043a\u043e\u0433\u043e \u043f\u043e\u0433\u0430\u0448\u0435\u043d\u0438\u044f \u043c\u044b \u0431\u0443\u0434\u0435\u043c \u0438\u0441\u043f\u043e\u043b\u044c\u0437\u043e\u0432\u0430\u0442\u044c \u0442\u0435 \u0436\u0435 \u043f\u043b\u0430\u0442\u0435\u0436\u043d\u044b\u0435 \u0441\u0440\u0435\u0434\u0441\u0442\u0432\u0430, \u043a\u043e\u0442\u043e\u0440\u044b\u0435 \u0432\u044b \u0438\u0441\u043f\u043e\u043b\u044c\u0437\u043e\u0432\u0430\u043b\u0438 \u0434\u043b\u044f \u043f\u0435\u0440\u0432\u043e\u043d\u0430\u0447\u0430\u043b\u044c\u043d\u043e\u0439 \u0441\u0434\u0435\u043b\u043a\u0438, \u0435\u0441\u043b\u0438 \u0441 \u0432\u0430\u043c\u0438 \u044f\u0432\u043d\u043e \u043d\u0435 \u0441\u043e\u0433\u043b\u0430\u0441\u043e\u0432\u0430\u043d\u043e \u0438\u043d\u043e\u0435; \u043d\u0438 \u0432 \u043a\u043e\u0435\u043c \u0441\u043b\u0443\u0447\u0430\u0435 \u0441 \u0432\u0430\u0441 \u043d\u0435 \u0431\u0443\u0434\u0443\u0442 \u0432\u0437\u0438\u043c\u0430\u0442\u044c\u0441\u044f \u043a\u0430\u043a\u0438\u0435-\u043b\u0438\u0431\u043e \u043a\u043e\u043c\u0438\u0441\u0441\u0438\u0438 \u0437\u0430 \u0442\u0430\u043a\u043e\u0435 \u043f\u043e\u0433\u0430\u0448\u0435\u043d\u0438\u0435.\r\n\r\n\u0415\u0441\u043b\u0438 \u0432\u044b \u043f\u043e\u0442\u0440\u0435\u0431\u043e\u0432\u0430\u043b\u0438 \u043d\u0430\u0447\u0430\u0442\u044c \u043e\u043a\u0430\u0437\u0430\u043d\u0438\u0435 \u0443\u0441\u043b\u0443\u0433 \u0432 \u043f\u0435\u0440\u0438\u043e\u0434 \u0440\u0430\u0441\u0442\u043e\u0440\u0436\u0435\u043d\u0438\u044f \u0434\u043e\u0433\u043e\u0432\u043e\u0440\u0430, \u0432\u044b \u0434\u043e\u043b\u0436\u043d\u044b \u0432\u044b\u043f\u043b\u0430\u0442\u0438\u0442\u044c \u043d\u0430\u043c \u0440\u0430\u0437\u0443\u043c\u043d\u0443\u044e \u0441\u0443\u043c\u043c\u0443, \u0441\u043e\u043e\u0442\u0432\u0435\u0442\u0441\u0442\u0432\u0443\u044e\u0449\u0443\u044e \u0434\u043e\u043b\u0435 \u0443\u0441\u043b\u0443\u0433, \u0443\u0436\u0435 \u043e\u043a\u0430\u0437\u0430\u043d\u043d\u044b\u0445 \u043a \u043c\u043e\u043c\u0435\u043d\u0442\u0443 \u0432\u0430\u0448\u0435\u0433\u043e \u0443\u0432\u0435\u0434\u043e\u043c\u043b\u0435\u043d\u0438\u044f \u043e\u0431 \u0438\u0441\u043f\u043e\u043b\u044c\u0437\u043e\u0432\u0430\u043d\u0438\u0438 \u043f\u0440\u0430\u0432\u0430 \u043d\u0430 \u0440\u0430\u0441\u0442\u043e\u0440\u0436\u0435\u043d\u0438\u0435 \u0434\u043e\u0433\u043e\u0432\u043e\u0440\u0430, \u043f\u043e \u043e\u0442\u043d\u043e\u0448\u0435\u043d\u0438\u044e \u043a \u043e\u0431\u0449\u0435\u043c\u0443 \u043e\u0431\u044a\u0435\u043c\u0443 \u0443\u0441\u043b\u0443\u0433, \u043f\u0440\u0435\u0434\u0443\u0441\u043c\u043e\u0442\u0440\u0435\u043d\u043d\u044b\u0445 \u0434\u043e\u0433\u043e\u0432\u043e\u0440\u043e\u043c.\r\n<h2>\u041e\u0431\u0440\u0430\u0437\u0435\u0446 \u0444\u043e\u0440\u043c\u044b \u0430\u043d\u043d\u0443\u043b\u0438\u0440\u043e\u0432\u0430\u043d\u0438\u044f<\/h2>\r\n(\u0415\u0441\u043b\u0438 \u0432\u044b \u0445\u043e\u0442\u0438\u0442\u0435 \u0440\u0430\u0441\u0442\u043e\u0440\u0433\u043d\u0443\u0442\u044c \u0434\u043e\u0433\u043e\u0432\u043e\u0440, \u0437\u0430\u043f\u043e\u043b\u043d\u0438\u0442\u0435 \u0438 \u0432\u0435\u0440\u043d\u0438\u0442\u0435 \u044d\u0442\u0443 \u0444\u043e\u0440\u043c\u0443).\r\n\r\n- \u0427\u0442\u043e\u0431\u044b\r\n\r\nATEMevents GmbH, Poppenberg 5, 95505 Immenreuth, Germany, \u0442\u0435\u043b\u0435\u0444\u043e\u043d: +49 9642 - 6913 100, \u0430\u0434\u0440\u0435\u0441 \u044d\u043b\u0435\u043a\u0442\u0440\u043e\u043d\u043d\u043e\u0439 \u043f\u043e\u0447\u0442\u044b: mail@atemhaus-hubertushof.de.\r\n\r\n- \u042f\/\u043c\u044b (*) \u043d\u0430\u0441\u0442\u043e\u044f\u0449\u0438\u043c \u0440\u0430\u0441\u0442\u043e\u0440\u0433\u0430\u0435\u043c \u0434\u043e\u0433\u043e\u0432\u043e\u0440, \u0437\u0430\u043a\u043b\u044e\u0447\u0435\u043d\u043d\u044b\u0439 \u043c\u043d\u043e\u0439\/\u043d\u0430\u043c\u0438 (*) \u043d\u0430 \u043f\u0440\u0438\u043e\u0431\u0440\u0435\u0442\u0435\u043d\u0438\u0435 \u0441\u043b\u0435\u0434\u0443\u044e\u0449\u0438\u0445 \u0442\u043e\u0432\u0430\u0440\u043e\u0432 (*)\/\u043e\u043a\u0430\u0437\u0430\u043d\u0438\u0435 \u0441\u043b\u0435\u0434\u0443\u044e\u0449\u0438\u0445 \u0443\u0441\u043b\u0443\u0433 (*)\r\n\r\n- \u0417\u0430\u043a\u0430\u0437\u0430\u043d\u043e \u043d\u0430 (*)\/\u043f\u043e\u043b\u0443\u0447\u0435\u043d\u043e \u043d\u0430 (*)\r\n\r\n- \u0418\u043c\u044f \u043f\u043e\u0442\u0440\u0435\u0431\u0438\u0442\u0435\u043b\u044f(\u0435\u0439)\r\n\r\n- \u0410\u0434\u0440\u0435\u0441 \u043f\u043e\u0442\u0440\u0435\u0431\u0438\u0442\u0435\u043b\u044f(\u0435\u0439)\r\n\r\n- \u041f\u043e\u0434\u043f\u0438\u0441\u044c \u043f\u043e\u0442\u0440\u0435\u0431\u0438\u0442\u0435\u043b\u044f (\u043f\u043e\u0442\u0440\u0435\u0431\u0438\u0442\u0435\u043b\u0435\u0439) (\u0442\u043e\u043b\u044c\u043a\u043e \u0434\u043b\u044f \u0443\u0432\u0435\u0434\u043e\u043c\u043b\u0435\u043d\u0438\u044f \u043d\u0430 \u0431\u0443\u043c\u0430\u0436\u043d\u043e\u043c \u043d\u043e\u0441\u0438\u0442\u0435\u043b\u0435)\r\n\r\n- \u0414\u0430\u0442\u0430\r\n\r\n___________\r\n(*) \u0423\u0434\u0430\u043b\u0438\u0442\u044c \u043f\u043e \u043c\u0435\u0440\u0435 \u043d\u0435\u043e\u0431\u0445\u043e\u0434\u0438\u043c\u043e\u0441\u0442\u0438.\t\t\t\t\t\t\t\t<\/div>\n\t\t\t\t<\/div>\n\t\t\t\t\t<\/div>\n\t\t\t\t<\/div>\n\t\t\t\t<\/div>","protected":false},"excerpt":{"rendered":"<p>\u041f\u0440\u0430\u0432\u043e \u043d\u0430 \u043e\u0442\u043c\u0435\u043d\u0443 \u0434\u043b\u044f \u043f\u043e\u0442\u0440\u0435\u0431\u0438\u0442\u0435\u043b\u0435\u0439 (\u043f\u043e\u0442\u0440\u0435\u0431\u0438\u0442\u0435\u043b\u0435\u043c \u044f\u0432\u043b\u044f\u0435\u0442\u0441\u044f \u043b\u044e\u0431\u043e\u0435 \u0444\u0438\u0437\u0438\u0447\u0435\u0441\u043a\u043e\u0435 \u043b\u0438\u0446\u043e, \u043a\u043e\u0442\u043e\u0440\u043e\u0435 \u0437\u0430\u043a\u043b\u044e\u0447\u0430\u0435\u0442 \u044e\u0440\u0438\u0434\u0438\u0447\u0435\u0441\u043a\u0443\u044e \u0441\u0434\u0435\u043b\u043a\u0443 \u0432 \u0446\u0435\u043b\u044f\u0445, \u043a\u043e\u0442\u043e\u0440\u044b\u0435 \u043f\u0440\u0435\u0438\u043c\u0443\u0449\u0435\u0441\u0442\u0432\u0435\u043d\u043d\u043e \u043d\u0435 \u043e\u0442\u043d\u043e\u0441\u044f\u0442\u0441\u044f \u043a \u0435\u0433\u043e \u0442\u043e\u0440\u0433\u043e\u0432\u043b\u0435, \u0431\u0438\u0437\u043d\u0435\u0441\u0443 \u0438\u043b\u0438 \u043f\u0440\u043e\u0444\u0435\u0441\u0441\u0438\u0438). \u041f\u043e\u043b\u0438\u0442\u0438\u043a\u0430 \u0430\u043d\u043d\u0443\u043b\u0438\u0440\u043e\u0432\u0430\u043d\u0438\u044f \u041f\u0440\u0430\u0432\u043e \u043d\u0430 \u0430\u043d\u043d\u0443\u043b\u0438\u0440\u043e\u0432\u0430\u043d\u0438\u0435 \u0412\u044b...<\/p>","protected":false},"author":1,"featured_media":0,"parent":0,"menu_order":0,"comment_status":"closed","ping_status":"closed","template":"elementor_header_footer","meta":{"_EventAllDay":false,"_EventTimezone":"","_EventStartDate":"","_EventEndDate":"","_EventStartDateUTC":"","_EventEndDateUTC":"","_EventShowMap":false,"_EventShowMapLink":false,"_EventURL":"","_EventCost":"","_EventCostDescription":"","_EventCurrencySymbol":"","_EventCurrencyCode":"","_EventCurrencyPosition":"","_EventDateTimeSeparator":"","_EventTimeRangeSeparator":"","_EventOrganizerID":[],"_EventVenueID":[],"_OrganizerEmail":"","_OrganizerPhone":"","_OrganizerWebsite":"","_VenueAddress":"","_VenueCity":"","_VenueCountry":"","_VenueProvince":"","_VenueState":"","_VenueZip":"","_VenuePhone":"","_VenueURL":"","_VenueStateProvince":"","_VenueLat":"","_VenueLng":"","_VenueShowMap":false,"_VenueShowMapLink":false,"footnotes":""},"class_list":["post-9135","page","type-page","status-publish","hentry"],"yoast_head":"<!-- This site is optimized with the Yoast SEO plugin v27.4 - https:\/\/yoast.com\/product\/yoast-seo-wordpress\/ -->\n<title>Widerrufsbelehrung - Atemhaus Hubertushof [95505 Immenreuth]<\/title>\n<meta name=\"robots\" content=\"index, follow, max-snippet:-1, max-image-preview:large, max-video-preview:-1\" \/>\n<link rel=\"canonical\" href=\"https:\/\/atemhaus-hubertushof.de\/ru\/widerrufsbelehrung\/\" \/>\n<meta property=\"og:locale\" content=\"ru_RU\" \/>\n<meta property=\"og:type\" content=\"article\" \/>\n<meta property=\"og:title\" content=\"Widerrufsbelehrung - Atemhaus Hubertushof [95505 Immenreuth]\" \/>\n<meta property=\"og:description\" content=\"Widerrufsrecht f\u00fcr Verbraucher (Verbraucher ist jede nat\u00fcrliche Person, die ein Rechtsgesch\u00e4ft zu Zwecken abschlie\u00dft, die \u00fcberwiegend weder ihrer gewerblichen noch ihrer selbstst\u00e4ndigen beruflichen T\u00e4tigkeit zugerechnet werden kann.) Widerrufsbelehrung Widerrufsrecht Sie&hellip;\" \/>\n<meta property=\"og:url\" content=\"https:\/\/atemhaus-hubertushof.de\/ru\/widerrufsbelehrung\/\" \/>\n<meta property=\"og:site_name\" content=\"Atemhaus Hubertushof [95505 Immenreuth]\" \/>\n<meta property=\"article:modified_time\" content=\"2023-12-18T10:28:06+00:00\" \/>\n<meta name=\"twitter:card\" content=\"summary_large_image\" \/>\n<meta name=\"twitter:label1\" content=\"\u041f\u0440\u0438\u043c\u0435\u0440\u043d\u043e\u0435 \u0432\u0440\u0435\u043c\u044f \u0434\u043b\u044f \u0447\u0442\u0435\u043d\u0438\u044f\" \/>\n\t<meta name=\"twitter:data1\" content=\"3 \u043c\u0438\u043d\u0443\u0442\u044b\" \/>\n<script type=\"application\/ld+json\" class=\"yoast-schema-graph\">{\"@context\":\"https:\\\/\\\/schema.org\",\"@graph\":[{\"@type\":\"WebPage\",\"@id\":\"https:\\\/\\\/atemhaus-hubertushof.de\\\/widerrufsbelehrung\\\/\",\"url\":\"https:\\\/\\\/atemhaus-hubertushof.de\\\/widerrufsbelehrung\\\/\",\"name\":\"Widerrufsbelehrung - Atemhaus Hubertushof [95505 Immenreuth]\",\"isPartOf\":{\"@id\":\"https:\\\/\\\/atemhaus-hubertushof.de\\\/#website\"},\"datePublished\":\"2023-12-18T10:13:49+00:00\",\"dateModified\":\"2023-12-18T10:28:06+00:00\",\"breadcrumb\":{\"@id\":\"https:\\\/\\\/atemhaus-hubertushof.de\\\/widerrufsbelehrung\\\/#breadcrumb\"},\"inLanguage\":\"ru-RU\",\"potentialAction\":[{\"@type\":\"ReadAction\",\"target\":[\"https:\\\/\\\/atemhaus-hubertushof.de\\\/widerrufsbelehrung\\\/\"]}]},{\"@type\":\"BreadcrumbList\",\"@id\":\"https:\\\/\\\/atemhaus-hubertushof.de\\\/widerrufsbelehrung\\\/#breadcrumb\",\"itemListElement\":[{\"@type\":\"ListItem\",\"position\":1,\"name\":\"Startseite\",\"item\":\"https:\\\/\\\/atemhaus-hubertushof.de\\\/\"},{\"@type\":\"ListItem\",\"position\":2,\"name\":\"Widerrufsbelehrung\"}]},{\"@type\":\"WebSite\",\"@id\":\"https:\\\/\\\/atemhaus-hubertushof.de\\\/#website\",\"url\":\"https:\\\/\\\/atemhaus-hubertushof.de\\\/\",\"name\":\"Atemhaus Hubertushof [95505 Immenreuth]\",\"description\":\"\",\"publisher\":{\"@id\":\"https:\\\/\\\/atemhaus-hubertushof.de\\\/#organization\"},\"potentialAction\":[{\"@type\":\"SearchAction\",\"target\":{\"@type\":\"EntryPoint\",\"urlTemplate\":\"https:\\\/\\\/atemhaus-hubertushof.de\\\/?s={search_term_string}\"},\"query-input\":{\"@type\":\"PropertyValueSpecification\",\"valueRequired\":true,\"valueName\":\"search_term_string\"}}],\"inLanguage\":\"ru-RU\"},{\"@type\":\"Organization\",\"@id\":\"https:\\\/\\\/atemhaus-hubertushof.de\\\/#organization\",\"name\":\"Atemhaus Hubertushof [95505 Immenreuth]\",\"url\":\"https:\\\/\\\/atemhaus-hubertushof.de\\\/\",\"logo\":{\"@type\":\"ImageObject\",\"inLanguage\":\"ru-RU\",\"@id\":\"https:\\\/\\\/atemhaus-hubertushof.de\\\/#\\\/schema\\\/logo\\\/image\\\/\",\"url\":\"https:\\\/\\\/atemhaus-hubertushof.de\\\/wp-content\\\/uploads\\\/cropped-2-2.png\",\"contentUrl\":\"https:\\\/\\\/atemhaus-hubertushof.de\\\/wp-content\\\/uploads\\\/cropped-2-2.png\",\"width\":512,\"height\":512,\"caption\":\"Atemhaus Hubertushof [95505 Immenreuth]\"},\"image\":{\"@id\":\"https:\\\/\\\/atemhaus-hubertushof.de\\\/#\\\/schema\\\/logo\\\/image\\\/\"}}]}<\/script>\n<!-- \/ Yoast SEO plugin. -->","yoast_head_json":{"title":"Widerrufsbelehrung - Atemhaus Hubertushof [95505 Immenreuth]","robots":{"index":"index","follow":"follow","max-snippet":"max-snippet:-1","max-image-preview":"max-image-preview:large","max-video-preview":"max-video-preview:-1"},"canonical":"https:\/\/atemhaus-hubertushof.de\/ru\/widerrufsbelehrung\/","og_locale":"ru_RU","og_type":"article","og_title":"Widerrufsbelehrung - Atemhaus Hubertushof [95505 Immenreuth]","og_description":"Widerrufsrecht f\u00fcr Verbraucher (Verbraucher ist jede nat\u00fcrliche Person, die ein Rechtsgesch\u00e4ft zu Zwecken abschlie\u00dft, die \u00fcberwiegend weder ihrer gewerblichen noch ihrer selbstst\u00e4ndigen beruflichen T\u00e4tigkeit zugerechnet werden kann.) Widerrufsbelehrung Widerrufsrecht Sie&hellip;","og_url":"https:\/\/atemhaus-hubertushof.de\/ru\/widerrufsbelehrung\/","og_site_name":"Atemhaus Hubertushof [95505 Immenreuth]","article_modified_time":"2023-12-18T10:28:06+00:00","twitter_card":"summary_large_image","twitter_misc":{"\u041f\u0440\u0438\u043c\u0435\u0440\u043d\u043e\u0435 \u0432\u0440\u0435\u043c\u044f \u0434\u043b\u044f \u0447\u0442\u0435\u043d\u0438\u044f":"3 \u043c\u0438\u043d\u0443\u0442\u044b"},"schema":{"@context":"https:\/\/schema.org","@graph":[{"@type":"WebPage","@id":"https:\/\/atemhaus-hubertushof.de\/widerrufsbelehrung\/","url":"https:\/\/atemhaus-hubertushof.de\/widerrufsbelehrung\/","name":"Widerrufsbelehrung - Atemhaus Hubertushof [95505 Immenreuth]","isPartOf":{"@id":"https:\/\/atemhaus-hubertushof.de\/#website"},"datePublished":"2023-12-18T10:13:49+00:00","dateModified":"2023-12-18T10:28:06+00:00","breadcrumb":{"@id":"https:\/\/atemhaus-hubertushof.de\/widerrufsbelehrung\/#breadcrumb"},"inLanguage":"ru-RU","potentialAction":[{"@type":"ReadAction","target":["https:\/\/atemhaus-hubertushof.de\/widerrufsbelehrung\/"]}]},{"@type":"BreadcrumbList","@id":"https:\/\/atemhaus-hubertushof.de\/widerrufsbelehrung\/#breadcrumb","itemListElement":[{"@type":"ListItem","position":1,"name":"Startseite","item":"https:\/\/atemhaus-hubertushof.de\/"},{"@type":"ListItem","position":2,"name":"Widerrufsbelehrung"}]},{"@type":"WebSite","@id":"https:\/\/atemhaus-hubertushof.de\/#website","url":"https:\/\/atemhaus-hubertushof.de\/","name":"Atemhaus Hubertushof [95505 Immenreuth]","description":"","publisher":{"@id":"https:\/\/atemhaus-hubertushof.de\/#organization"},"potentialAction":[{"@type":"SearchAction","target":{"@type":"EntryPoint","urlTemplate":"https:\/\/atemhaus-hubertushof.de\/?s={search_term_string}"},"query-input":{"@type":"PropertyValueSpecification","valueRequired":true,"valueName":"search_term_string"}}],"inLanguage":"ru-RU"},{"@type":"Organization","@id":"https:\/\/atemhaus-hubertushof.de\/#organization","name":"Atemhaus Hubertushof [95505 Immenreuth]","url":"https:\/\/atemhaus-hubertushof.de\/","logo":{"@type":"ImageObject","inLanguage":"ru-RU","@id":"https:\/\/atemhaus-hubertushof.de\/#\/schema\/logo\/image\/","url":"https:\/\/atemhaus-hubertushof.de\/wp-content\/uploads\/cropped-2-2.png","contentUrl":"https:\/\/atemhaus-hubertushof.de\/wp-content\/uploads\/cropped-2-2.png","width":512,"height":512,"caption":"Atemhaus Hubertushof [95505 Immenreuth]"},"image":{"@id":"https:\/\/atemhaus-hubertushof.de\/#\/schema\/logo\/image\/"}}]}},"jetpack_sharing_enabled":true,"_links":{"self":[{"href":"https:\/\/atemhaus-hubertushof.de\/ru\/wp-json\/wp\/v2\/pages\/9135","targetHints":{"allow":["GET"]}}],"collection":[{"href":"https:\/\/atemhaus-hubertushof.de\/ru\/wp-json\/wp\/v2\/pages"}],"about":[{"href":"https:\/\/atemhaus-hubertushof.de\/ru\/wp-json\/wp\/v2\/types\/page"}],"author":[{"embeddable":true,"href":"https:\/\/atemhaus-hubertushof.de\/ru\/wp-json\/wp\/v2\/users\/1"}],"replies":[{"embeddable":true,"href":"https:\/\/atemhaus-hubertushof.de\/ru\/wp-json\/wp\/v2\/comments?post=9135"}],"version-history":[{"count":5,"href":"https:\/\/atemhaus-hubertushof.de\/ru\/wp-json\/wp\/v2\/pages\/9135\/revisions"}],"predecessor-version":[{"id":9156,"href":"https:\/\/atemhaus-hubertushof.de\/ru\/wp-json\/wp\/v2\/pages\/9135\/revisions\/9156"}],"wp:attachment":[{"href":"https:\/\/atemhaus-hubertushof.de\/ru\/wp-json\/wp\/v2\/media?parent=9135"}],"curies":[{"name":"wp","href":"https:\/\/api.w.org\/{rel}","templated":true}]}}