{"id":677,"date":"2021-03-05T12:20:27","date_gmt":"2021-03-05T12:20:27","guid":{"rendered":"https:\/\/www.atemhaus-hubertushof.de\/?page_id=677"},"modified":"2024-01-23T10:22:20","modified_gmt":"2024-01-23T09:22:20","slug":"wellnessbereich","status":"publish","type":"page","link":"https:\/\/atemhaus-hubertushof.de\/ru\/wellnessbereich\/","title":{"rendered":"\u041e\u0437\u0434\u043e\u0440\u043e\u0432\u0438\u0442\u0435\u043b\u044c\u043d\u044b\u0439 \u0446\u0435\u043d\u0442\u0440"},"content":{"rendered":"<div data-elementor-type=\"wp-page\" data-elementor-id=\"677\" class=\"elementor elementor-677\" data-elementor-post-type=\"page\">\n\t\t\t\t<div class=\"elementor-element elementor-element-b87f689 e-flex e-con-boxed e-con e-parent\" data-id=\"b87f689\" data-element_type=\"container\" data-e-type=\"container\">\n\t\t\t\t\t<div class=\"e-con-inner\">\n\t\t\t\t<div class=\"elementor-element elementor-element-a94f5fa elementor-widget elementor-widget-text-editor\" data-id=\"a94f5fa\" data-element_type=\"widget\" data-e-type=\"widget\" data-widget_type=\"text-editor.default\">\n\t\t\t\t<div class=\"elementor-widget-container\">\n\t\t\t\t\t\t\t\t\t<p>\u041d\u0430\u0448\u0430 \u0441\u0430\u0443\u043d\u0430 \u0440\u0430\u0441\u0441\u0447\u0438\u0442\u0430\u043d\u0430 \u043d\u0430 4-6 \u0447\u0435\u043b\u043e\u0432\u0435\u043a \u0438 \u0434\u043e\u0441\u0442\u0443\u043f\u043d\u0430 \u0434\u043b\u044f \u0443\u0447\u0430\u0441\u0442\u043d\u0438\u043a\u043e\u0432 \u0441\u0435\u043c\u0438\u043d\u0430\u0440\u043e\u0432 \u043f\u043e \u043f\u0440\u0435\u0434\u0432\u0430\u0440\u0438\u0442\u0435\u043b\u044c\u043d\u043e\u0439 \u0437\u0430\u043f\u0438\u0441\u0438 \u0438 \u0437\u0430 \u043e\u0442\u0434\u0435\u043b\u044c\u043d\u0443\u044e \u043f\u043b\u0430\u0442\u0443. \u041f\u043e\u043b\u043e\u0442\u0435\u043d\u0446\u0430 \u0434\u043b\u044f \u0441\u0430\u0443\u043d\u044b \u043c\u043e\u0436\u043d\u043e \u0432\u0437\u044f\u0442\u044c \u043d\u0430\u043f\u0440\u043e\u043a\u0430\u0442 \u0437\u0430 \u0434\u043e\u043f\u043e\u043b\u043d\u0438\u0442\u0435\u043b\u044c\u043d\u0443\u044e \u043f\u043b\u0430\u0442\u0443. \u0421\u0430\u0443\u043d\u0430 \u0434\u043e\u0441\u0442\u0443\u043f\u043d\u0430 \u0442\u043e\u043b\u044c\u043a\u043e \u043f\u043e \u043f\u0440\u0435\u0434\u0432\u0430\u0440\u0438\u0442\u0435\u043b\u044c\u043d\u043e\u0439 \u0437\u0430\u043f\u0438\u0441\u0438. \u041f\u043e\u0436\u0430\u043b\u0443\u0439\u0441\u0442\u0430, \u0432\u043e\u0437\u044c\u043c\u0438\u0442\u0435 \u0441 \u0441\u043e\u0431\u043e\u0439 \u0445\u0430\u043b\u0430\u0442 \u0438 \u043f\u043e\u0434\u0445\u043e\u0434\u044f\u0449\u0443\u044e \u043e\u0431\u0443\u0432\u044c.<\/p>\t\t\t\t\t\t\t\t<\/div>\n\t\t\t\t<\/div>\n\t\t\t\t<div class=\"elementor-element elementor-element-7bce96c elementor-widget elementor-widget-button\" data-id=\"7bce96c\" data-element_type=\"widget\" data-e-type=\"widget\" data-widget_type=\"button.default\">\n\t\t\t\t<div class=\"elementor-widget-container\">\n\t\t\t\t\t\t\t\t\t<div class=\"elementor-button-wrapper\">\n\t\t\t\t\t<a class=\"elementor-button elementor-button-link elementor-size-sm\" href=\"https:\/\/atemhaus-hubertushof.de\/ru\/uebernachtung-buchen\/\">\n\t\t\t\t\t\t<span class=\"elementor-button-content-wrapper\">\n\t\t\t\t\t\t\t\t\t<span class=\"elementor-button-text\">\u0417\u0430\u0431\u0440\u043e\u043d\u0438\u0440\u0443\u0439\u0442\u0435 \u043d\u043e\u0447\u043b\u0435\u0433<\/span>\n\t\t\t\t\t<\/span>\n\t\t\t\t\t<\/a>\n\t\t\t\t<\/div>\n\t\t\t\t\t\t\t\t<\/div>\n\t\t\t\t<\/div>\n\t\t\t\t\t<\/div>\n\t\t\t\t<\/div>\n\t\t<div class=\"elementor-element elementor-element-00b185a e-flex e-con-boxed e-con e-parent\" data-id=\"00b185a\" data-element_type=\"container\" data-e-type=\"container\">\n\t\t\t\t\t<div class=\"e-con-inner\">\n\t\t\t\t<div class=\"elementor-element elementor-element-f6fe12a elementor-widget elementor-widget-gallery\" data-id=\"f6fe12a\" data-element_type=\"widget\" data-e-type=\"widget\" data-settings=\"{&quot;columns&quot;:3,&quot;lazyload&quot;:&quot;yes&quot;,&quot;gallery_layout&quot;:&quot;grid&quot;,&quot;columns_tablet&quot;:2,&quot;columns_mobile&quot;:1,&quot;gap&quot;:{&quot;unit&quot;:&quot;px&quot;,&quot;size&quot;:10,&quot;sizes&quot;:[]},&quot;gap_tablet&quot;:{&quot;unit&quot;:&quot;px&quot;,&quot;size&quot;:10,&quot;sizes&quot;:[]},&quot;gap_mobile&quot;:{&quot;unit&quot;:&quot;px&quot;,&quot;size&quot;:10,&quot;sizes&quot;:[]},&quot;link_to&quot;:&quot;file&quot;,&quot;aspect_ratio&quot;:&quot;3:2&quot;,&quot;overlay_background&quot;:&quot;yes&quot;,&quot;content_hover_animation&quot;:&quot;fade-in&quot;}\" data-widget_type=\"gallery.default\">\n\t\t\t\t<div class=\"elementor-widget-container\">\n\t\t\t\t\t\t\t<div class=\"elementor-gallery__container\">\n\t\t\t\t\t\t\t<a class=\"e-gallery-item elementor-gallery-item elementor-animated-content\" href=\"https:\/\/atemhaus-hubertushof.de\/wp-content\/uploads\/a1b4eb2b-b06f-4a9b-ba68-332467bf7d85-1.jpg\" data-elementor-open-lightbox=\"yes\" data-elementor-lightbox-slideshow=\"f6fe12a\" data-elementor-lightbox-title=\"a1b4eb2b-b06f-4a9b-ba68-332467bf7d85-1\" data-e-action-hash=\"#elementor-action%3Aaction%3Dlightbox%26settings%3DeyJpZCI6MTgzMCwidXJsIjoiaHR0cHM6XC9cL2F0ZW1oYXVzLWh1YmVydHVzaG9mLmRlXC93cC1jb250ZW50XC91cGxvYWRzXC9hMWI0ZWIyYi1iMDZmLTRhOWItYmE2OC0zMzI0NjdiZjdkODUtMS5qcGciLCJzbGlkZXNob3ciOiJmNmZlMTJhIn0%3D\">\n\t\t\t\t\t<div class=\"e-gallery-image elementor-gallery-item__image\" data-thumbnail=\"https:\/\/atemhaus-hubertushof.de\/wp-content\/uploads\/a1b4eb2b-b06f-4a9b-ba68-332467bf7d85-1.jpg\" data-width=\"768\" data-height=\"1024\" aria-label=\"\" role=\"img\" ><\/div>\n\t\t\t\t\t\t\t\t\t\t\t<div class=\"elementor-gallery-item__overlay\"><\/div>\n\t\t\t\t\t\t\t\t\t\t\t\t\t\t<\/a>\n\t\t\t\t\t\t\t<a class=\"e-gallery-item elementor-gallery-item elementor-animated-content\" href=\"https:\/\/atemhaus-hubertushof.de\/wp-content\/uploads\/IMG_0058.jpeg-scaled-2.jpg\" data-elementor-open-lightbox=\"yes\" data-elementor-lightbox-slideshow=\"f6fe12a\" data-elementor-lightbox-title=\"IMG_0058.jpeg\" data-e-action-hash=\"#elementor-action%3Aaction%3Dlightbox%26settings%3DeyJpZCI6ODQ1NiwidXJsIjoiaHR0cHM6XC9cL2F0ZW1oYXVzLWh1YmVydHVzaG9mLmRlXC93cC1jb250ZW50XC91cGxvYWRzXC9JTUdfMDA1OC5qcGVnLXNjYWxlZC0yLmpwZyIsInNsaWRlc2hvdyI6ImY2ZmUxMmEifQ%3D%3D\">\n\t\t\t\t\t<div class=\"e-gallery-image elementor-gallery-item__image\" data-thumbnail=\"https:\/\/atemhaus-hubertushof.de\/wp-content\/uploads\/IMG_0058.jpeg-scaled-2.jpg\" data-width=\"2560\" data-height=\"1920\" aria-label=\"\" role=\"img\" ><\/div>\n\t\t\t\t\t\t\t\t\t\t\t<div class=\"elementor-gallery-item__overlay\"><\/div>\n\t\t\t\t\t\t\t\t\t\t\t\t\t\t<\/a>\n\t\t\t\t\t\t\t<a class=\"e-gallery-item elementor-gallery-item elementor-animated-content\" href=\"https:\/\/atemhaus-hubertushof.de\/wp-content\/uploads\/IMG_0060-scaled-1.jpg\" data-elementor-open-lightbox=\"yes\" data-elementor-lightbox-slideshow=\"f6fe12a\" data-elementor-lightbox-title=\"IMG_0060\" data-e-action-hash=\"#elementor-action%3Aaction%3Dlightbox%26settings%3DeyJpZCI6MTgwNCwidXJsIjoiaHR0cHM6XC9cL2F0ZW1oYXVzLWh1YmVydHVzaG9mLmRlXC93cC1jb250ZW50XC91cGxvYWRzXC9JTUdfMDA2MC1zY2FsZWQtMS5qcGciLCJzbGlkZXNob3ciOiJmNmZlMTJhIn0%3D\">\n\t\t\t\t\t<div class=\"e-gallery-image elementor-gallery-item__image\" data-thumbnail=\"https:\/\/atemhaus-hubertushof.de\/wp-content\/uploads\/IMG_0060-scaled-1.jpg\" data-width=\"2560\" data-height=\"1920\" aria-label=\"\" role=\"img\" ><\/div>\n\t\t\t\t\t\t\t\t\t\t\t<div class=\"elementor-gallery-item__overlay\"><\/div>\n\t\t\t\t\t\t\t\t\t\t\t\t\t\t<\/a>\n\t\t\t\t\t<\/div>\n\t\t\t\t\t<\/div>\n\t\t\t\t<\/div>\n\t\t\t\t<div class=\"elementor-element elementor-element-ba50920 elementor-widget elementor-widget-gallery\" data-id=\"ba50920\" data-element_type=\"widget\" data-e-type=\"widget\" data-settings=\"{&quot;columns&quot;:2,&quot;lazyload&quot;:&quot;yes&quot;,&quot;gallery_layout&quot;:&quot;grid&quot;,&quot;columns_tablet&quot;:2,&quot;columns_mobile&quot;:1,&quot;gap&quot;:{&quot;unit&quot;:&quot;px&quot;,&quot;size&quot;:10,&quot;sizes&quot;:[]},&quot;gap_tablet&quot;:{&quot;unit&quot;:&quot;px&quot;,&quot;size&quot;:10,&quot;sizes&quot;:[]},&quot;gap_mobile&quot;:{&quot;unit&quot;:&quot;px&quot;,&quot;size&quot;:10,&quot;sizes&quot;:[]},&quot;link_to&quot;:&quot;file&quot;,&quot;aspect_ratio&quot;:&quot;3:2&quot;,&quot;overlay_background&quot;:&quot;yes&quot;,&quot;content_hover_animation&quot;:&quot;fade-in&quot;}\" data-widget_type=\"gallery.default\">\n\t\t\t\t<div class=\"elementor-widget-container\">\n\t\t\t\t\t\t\t<div class=\"elementor-gallery__container\">\n\t\t\t\t\t\t\t<a class=\"e-gallery-item elementor-gallery-item elementor-animated-content\" href=\"https:\/\/atemhaus-hubertushof.de\/wp-content\/uploads\/IMG_9306-scaled.jpeg\" data-elementor-open-lightbox=\"yes\" data-elementor-lightbox-slideshow=\"ba50920\" data-elementor-lightbox-title=\"IMG_9306\" data-e-action-hash=\"#elementor-action%3Aaction%3Dlightbox%26settings%3DeyJpZCI6ODQ5LCJ1cmwiOiJodHRwczpcL1wvYXRlbWhhdXMtaHViZXJ0dXNob2YuZGVcL3dwLWNvbnRlbnRcL3VwbG9hZHNcL0lNR185MzA2LXNjYWxlZC5qcGVnIiwic2xpZGVzaG93IjoiYmE1MDkyMCJ9\">\n\t\t\t\t\t<div class=\"e-gallery-image elementor-gallery-item__image\" data-thumbnail=\"https:\/\/atemhaus-hubertushof.de\/wp-content\/uploads\/IMG_9306-scaled.jpeg\" data-width=\"1920\" data-height=\"2560\" aria-label=\"\" role=\"img\" ><\/div>\n\t\t\t\t\t\t\t\t\t\t\t<div class=\"elementor-gallery-item__overlay\"><\/div>\n\t\t\t\t\t\t\t\t\t\t\t\t\t\t<\/a>\n\t\t\t\t\t\t\t<a class=\"e-gallery-item elementor-gallery-item elementor-animated-content\" href=\"https:\/\/atemhaus-hubertushof.de\/wp-content\/uploads\/IMG_9312-scaled-1.jpeg\" data-elementor-open-lightbox=\"yes\" data-elementor-lightbox-slideshow=\"ba50920\" data-elementor-lightbox-title=\"IMG_9312\" data-e-action-hash=\"#elementor-action%3Aaction%3Dlightbox%26settings%3DeyJpZCI6ODUwLCJ1cmwiOiJodHRwczpcL1wvYXRlbWhhdXMtaHViZXJ0dXNob2YuZGVcL3dwLWNvbnRlbnRcL3VwbG9hZHNcL0lNR185MzEyLXNjYWxlZC0xLmpwZWciLCJzbGlkZXNob3ciOiJiYTUwOTIwIn0%3D\">\n\t\t\t\t\t<div class=\"e-gallery-image elementor-gallery-item__image\" data-thumbnail=\"https:\/\/atemhaus-hubertushof.de\/wp-content\/uploads\/IMG_9312-scaled-1.jpeg\" data-width=\"2560\" data-height=\"1920\" aria-label=\"\" role=\"img\" ><\/div>\n\t\t\t\t\t\t\t\t\t\t\t<div class=\"elementor-gallery-item__overlay\"><\/div>\n\t\t\t\t\t\t\t\t\t\t\t\t\t\t<\/a>\n\t\t\t\t\t<\/div>\n\t\t\t\t\t<\/div>\n\t\t\t\t<\/div>\n\t\t\t\t<div class=\"elementor-element elementor-element-0de0cb2 elementor-widget elementor-widget-text-editor\" data-id=\"0de0cb2\" data-element_type=\"widget\" data-e-type=\"widget\" data-widget_type=\"text-editor.default\">\n\t\t\t\t<div class=\"elementor-widget-container\">\n\t\t\t\t\t\t\t\t\t<p>\u0411\u0430\u0441\u0441\u0435\u0439\u043d \u0441 \u0442\u0435\u043f\u043b\u043e\u0439 \u0432\u043e\u0434\u043e\u0439 \u043f\u0440\u0435\u0434\u043d\u0430\u0437\u043d\u0430\u0447\u0435\u043d \u0434\u043b\u044f \u0434\u044b\u0445\u0430\u043d\u0438\u044f \u0432 \u0442\u0435\u043f\u043b\u043e\u0439 \u0432\u043e\u0434\u0435 \u0438 \u0440\u0435\u043b\u0430\u043a\u0441\u0430\u0446\u0438\u0438.<\/p>\n<p>\u0412 \u043f\u043b\u0430\u043d\u0430\u0445 - \u043f\u0430\u0440\u043e\u0432\u0430\u044f \u0431\u0430\u043d\u044f \u0438 \u0435\u0449\u0435 \u043e\u0434\u043d\u0430 \u0441\u0430\u0443\u043d\u0430.<\/p>\n<p>\u0411\u0430\u0441\u0441\u0435\u0439\u043d \u0445\u043e\u043b\u043e\u0434\u043d\u043e\u0439 \u0432\u043e\u0434\u044b (\u0441 \u043e\u0441\u0435\u043d\u0438 2024 \u0433\u043e\u0434\u0430).<\/p>\n<p>\u041f\u043b\u0430\u0432\u0430\u0442\u0435\u043b\u044c\u043d\u044b\u0439 \u0431\u0430\u0441\u0441\u0435\u0439\u043d (\u0432 \u043f\u043b\u0430\u043d\u0430\u0445).<\/p>\n<p>\u041f\u0440\u0438\u0440\u043e\u0434\u043d\u044b\u0439 \u043f\u0440\u0443\u0434 (\u0432 \u043f\u043b\u0430\u043d\u0430\u0445).<\/p>\t\t\t\t\t\t\t\t<\/div>\n\t\t\t\t<\/div>\n\t\t\t\t<div class=\"elementor-element elementor-element-e1cd5fc elementor-widget elementor-widget-button\" data-id=\"e1cd5fc\" data-element_type=\"widget\" data-e-type=\"widget\" data-widget_type=\"button.default\">\n\t\t\t\t<div class=\"elementor-widget-container\">\n\t\t\t\t\t\t\t\t\t<div class=\"elementor-button-wrapper\">\n\t\t\t\t\t<a class=\"elementor-button elementor-button-link elementor-size-sm\" href=\"https:\/\/atemhaus-hubertushof.de\/ru\/uebernachtung-buchen\/\">\n\t\t\t\t\t\t<span class=\"elementor-button-content-wrapper\">\n\t\t\t\t\t\t\t\t\t<span class=\"elementor-button-text\">\u0417\u0430\u0431\u0440\u043e\u043d\u0438\u0440\u0443\u0439\u0442\u0435 \u043d\u043e\u0447\u043b\u0435\u0433<\/span>\n\t\t\t\t\t<\/span>\n\t\t\t\t\t<\/a>\n\t\t\t\t<\/div>\n\t\t\t\t\t\t\t\t<\/div>\n\t\t\t\t<\/div>\n\t\t\t\t\t<\/div>\n\t\t\t\t<\/div>\n\t\t\t\t<\/div>","protected":false},"excerpt":{"rendered":"<p>\u041d\u0430\u0448\u0430 \u0441\u0430\u0443\u043d\u0430 \u0440\u0430\u0441\u0441\u0447\u0438\u0442\u0430\u043d\u0430 \u043d\u0430 4-6 \u0447\u0435\u043b\u043e\u0432\u0435\u043a \u0438 \u0434\u043e\u0441\u0442\u0443\u043f\u043d\u0430 \u0434\u043b\u044f \u0443\u0447\u0430\u0441\u0442\u043d\u0438\u043a\u043e\u0432 \u0441\u0435\u043c\u0438\u043d\u0430\u0440\u043e\u0432 \u043f\u043e \u043f\u0440\u0435\u0434\u0432\u0430\u0440\u0438\u0442\u0435\u043b\u044c\u043d\u043e\u0439 \u0437\u0430\u043f\u0438\u0441\u0438 \u0438 \u0437\u0430 \u043e\u0442\u0434\u0435\u043b\u044c\u043d\u0443\u044e \u043f\u043b\u0430\u0442\u0443. \u041f\u043e\u043b\u043e\u0442\u0435\u043d\u0446\u0430 \u0434\u043b\u044f \u0441\u0430\u0443\u043d\u044b \u043c\u043e\u0436\u043d\u043e \u0432\u0437\u044f\u0442\u044c \u043d\u0430\u043f\u0440\u043e\u043a\u0430\u0442 \u0437\u0430 \u0434\u043e\u043f\u043e\u043b\u043d\u0438\u0442\u0435\u043b\u044c\u043d\u0443\u044e \u043f\u043b\u0430\u0442\u0443. \u0421\u0430\u0443\u043d\u0430 \u0434\u043e\u0441\u0442\u0443\u043f\u043d\u0430 \u0442\u043e\u043b\u044c\u043a\u043e \u043f\u043e \u043f\u0440\u0435\u0434\u0432\u0430\u0440\u0438\u0442\u0435\u043b\u044c\u043d\u043e\u0439 \u0437\u0430\u043f\u0438\u0441\u0438.<\/p>","protected":false},"author":4,"featured_media":0,"parent":0,"menu_order":0,"comment_status":"closed","ping_status":"closed","template":"","meta":{"_EventAllDay":false,"_EventTimezone":"","_EventStartDate":"","_EventEndDate":"","_EventStartDateUTC":"","_EventEndDateUTC":"","_EventShowMap":false,"_EventShowMapLink":false,"_EventURL":"","_EventCost":"","_EventCostDescription":"","_EventCurrencySymbol":"","_EventCurrencyCode":"","_EventCurrencyPosition":"","_EventDateTimeSeparator":"","_EventTimeRangeSeparator":"","_EventOrganizerID":[],"_EventVenueID":[],"_OrganizerEmail":"","_OrganizerPhone":"","_OrganizerWebsite":"","_VenueAddress":"","_VenueCity":"","_VenueCountry":"","_VenueProvince":"","_VenueState":"","_VenueZip":"","_VenuePhone":"","_VenueURL":"","_VenueStateProvince":"","_VenueLat":"","_VenueLng":"","_VenueShowMap":false,"_VenueShowMapLink":false,"footnotes":""},"class_list":["post-677","page","type-page","status-publish","hentry"],"yoast_head":"<!-- This site is optimized with the Yoast SEO plugin v27.4 - https:\/\/yoast.com\/product\/yoast-seo-wordpress\/ -->\n<title>Wellnessbereich - Atemhaus Hubertushof [95505 Immenreuth]<\/title>\n<meta name=\"robots\" content=\"index, follow, max-snippet:-1, max-image-preview:large, max-video-preview:-1\" \/>\n<link rel=\"canonical\" href=\"https:\/\/atemhaus-hubertushof.de\/ru\/wellnessbereich\/\" \/>\n<meta property=\"og:locale\" content=\"ru_RU\" \/>\n<meta property=\"og:type\" content=\"article\" \/>\n<meta property=\"og:title\" content=\"Wellnessbereich - Atemhaus Hubertushof [95505 Immenreuth]\" \/>\n<meta property=\"og:description\" content=\"Unsere Sauna bietet Platz f\u00fcr 4-6 Personen und steht Seminarteilnehmern nach Terminvereinbarung und gegen eine Geb\u00fchr zur Verf\u00fcgung. Gegen einen Aufpreis k\u00f6nnen Sauna-Handt\u00fccher gemietet werden. Der Saunabetrieb ist\u00a0nur\u00a0nach abgestimmtem Termin&hellip;\" \/>\n<meta property=\"og:url\" content=\"https:\/\/atemhaus-hubertushof.de\/ru\/wellnessbereich\/\" \/>\n<meta property=\"og:site_name\" content=\"Atemhaus Hubertushof [95505 Immenreuth]\" \/>\n<meta property=\"article:modified_time\" content=\"2024-01-23T09:22:20+00:00\" \/>\n<meta name=\"twitter:card\" content=\"summary_large_image\" \/>\n<meta name=\"twitter:label1\" content=\"\u041f\u0440\u0438\u043c\u0435\u0440\u043d\u043e\u0435 \u0432\u0440\u0435\u043c\u044f \u0434\u043b\u044f \u0447\u0442\u0435\u043d\u0438\u044f\" \/>\n\t<meta name=\"twitter:data1\" content=\"1 \u043c\u0438\u043d\u0443\u0442\u0430\" \/>\n<script type=\"application\/ld+json\" class=\"yoast-schema-graph\">{\"@context\":\"https:\\\/\\\/schema.org\",\"@graph\":[{\"@type\":\"WebPage\",\"@id\":\"https:\\\/\\\/atemhaus-hubertushof.de\\\/wellnessbereich\\\/\",\"url\":\"https:\\\/\\\/atemhaus-hubertushof.de\\\/wellnessbereich\\\/\",\"name\":\"Wellnessbereich - Atemhaus Hubertushof [95505 Immenreuth]\",\"isPartOf\":{\"@id\":\"https:\\\/\\\/atemhaus-hubertushof.de\\\/#website\"},\"datePublished\":\"2021-03-05T12:20:27+00:00\",\"dateModified\":\"2024-01-23T09:22:20+00:00\",\"breadcrumb\":{\"@id\":\"https:\\\/\\\/atemhaus-hubertushof.de\\\/wellnessbereich\\\/#breadcrumb\"},\"inLanguage\":\"ru-RU\",\"potentialAction\":[{\"@type\":\"ReadAction\",\"target\":[\"https:\\\/\\\/atemhaus-hubertushof.de\\\/wellnessbereich\\\/\"]}]},{\"@type\":\"BreadcrumbList\",\"@id\":\"https:\\\/\\\/atemhaus-hubertushof.de\\\/wellnessbereich\\\/#breadcrumb\",\"itemListElement\":[{\"@type\":\"ListItem\",\"position\":1,\"name\":\"Startseite\",\"item\":\"https:\\\/\\\/atemhaus-hubertushof.de\\\/\"},{\"@type\":\"ListItem\",\"position\":2,\"name\":\"Wellnessbereich\"}]},{\"@type\":\"WebSite\",\"@id\":\"https:\\\/\\\/atemhaus-hubertushof.de\\\/#website\",\"url\":\"https:\\\/\\\/atemhaus-hubertushof.de\\\/\",\"name\":\"Atemhaus Hubertushof [95505 Immenreuth]\",\"description\":\"\",\"publisher\":{\"@id\":\"https:\\\/\\\/atemhaus-hubertushof.de\\\/#organization\"},\"potentialAction\":[{\"@type\":\"SearchAction\",\"target\":{\"@type\":\"EntryPoint\",\"urlTemplate\":\"https:\\\/\\\/atemhaus-hubertushof.de\\\/?s={search_term_string}\"},\"query-input\":{\"@type\":\"PropertyValueSpecification\",\"valueRequired\":true,\"valueName\":\"search_term_string\"}}],\"inLanguage\":\"ru-RU\"},{\"@type\":\"Organization\",\"@id\":\"https:\\\/\\\/atemhaus-hubertushof.de\\\/#organization\",\"name\":\"Atemhaus Hubertushof [95505 Immenreuth]\",\"url\":\"https:\\\/\\\/atemhaus-hubertushof.de\\\/\",\"logo\":{\"@type\":\"ImageObject\",\"inLanguage\":\"ru-RU\",\"@id\":\"https:\\\/\\\/atemhaus-hubertushof.de\\\/#\\\/schema\\\/logo\\\/image\\\/\",\"url\":\"https:\\\/\\\/atemhaus-hubertushof.de\\\/wp-content\\\/uploads\\\/cropped-2-2.png\",\"contentUrl\":\"https:\\\/\\\/atemhaus-hubertushof.de\\\/wp-content\\\/uploads\\\/cropped-2-2.png\",\"width\":512,\"height\":512,\"caption\":\"Atemhaus Hubertushof [95505 Immenreuth]\"},\"image\":{\"@id\":\"https:\\\/\\\/atemhaus-hubertushof.de\\\/#\\\/schema\\\/logo\\\/image\\\/\"}}]}<\/script>\n<!-- \/ Yoast SEO plugin. -->","yoast_head_json":{"title":"Wellnessbereich - Atemhaus Hubertushof [95505 Immenreuth]","robots":{"index":"index","follow":"follow","max-snippet":"max-snippet:-1","max-image-preview":"max-image-preview:large","max-video-preview":"max-video-preview:-1"},"canonical":"https:\/\/atemhaus-hubertushof.de\/ru\/wellnessbereich\/","og_locale":"ru_RU","og_type":"article","og_title":"Wellnessbereich - Atemhaus Hubertushof [95505 Immenreuth]","og_description":"Unsere Sauna bietet Platz f\u00fcr 4-6 Personen und steht Seminarteilnehmern nach Terminvereinbarung und gegen eine Geb\u00fchr zur Verf\u00fcgung. Gegen einen Aufpreis k\u00f6nnen Sauna-Handt\u00fccher gemietet werden. Der Saunabetrieb ist\u00a0nur\u00a0nach abgestimmtem Termin&hellip;","og_url":"https:\/\/atemhaus-hubertushof.de\/ru\/wellnessbereich\/","og_site_name":"Atemhaus Hubertushof [95505 Immenreuth]","article_modified_time":"2024-01-23T09:22:20+00:00","twitter_card":"summary_large_image","twitter_misc":{"\u041f\u0440\u0438\u043c\u0435\u0440\u043d\u043e\u0435 \u0432\u0440\u0435\u043c\u044f \u0434\u043b\u044f \u0447\u0442\u0435\u043d\u0438\u044f":"1 \u043c\u0438\u043d\u0443\u0442\u0430"},"schema":{"@context":"https:\/\/schema.org","@graph":[{"@type":"WebPage","@id":"https:\/\/atemhaus-hubertushof.de\/wellnessbereich\/","url":"https:\/\/atemhaus-hubertushof.de\/wellnessbereich\/","name":"Wellnessbereich - Atemhaus Hubertushof [95505 Immenreuth]","isPartOf":{"@id":"https:\/\/atemhaus-hubertushof.de\/#website"},"datePublished":"2021-03-05T12:20:27+00:00","dateModified":"2024-01-23T09:22:20+00:00","breadcrumb":{"@id":"https:\/\/atemhaus-hubertushof.de\/wellnessbereich\/#breadcrumb"},"inLanguage":"ru-RU","potentialAction":[{"@type":"ReadAction","target":["https:\/\/atemhaus-hubertushof.de\/wellnessbereich\/"]}]},{"@type":"BreadcrumbList","@id":"https:\/\/atemhaus-hubertushof.de\/wellnessbereich\/#breadcrumb","itemListElement":[{"@type":"ListItem","position":1,"name":"Startseite","item":"https:\/\/atemhaus-hubertushof.de\/"},{"@type":"ListItem","position":2,"name":"Wellnessbereich"}]},{"@type":"WebSite","@id":"https:\/\/atemhaus-hubertushof.de\/#website","url":"https:\/\/atemhaus-hubertushof.de\/","name":"Atemhaus Hubertushof [95505 Immenreuth]","description":"","publisher":{"@id":"https:\/\/atemhaus-hubertushof.de\/#organization"},"potentialAction":[{"@type":"SearchAction","target":{"@type":"EntryPoint","urlTemplate":"https:\/\/atemhaus-hubertushof.de\/?s={search_term_string}"},"query-input":{"@type":"PropertyValueSpecification","valueRequired":true,"valueName":"search_term_string"}}],"inLanguage":"ru-RU"},{"@type":"Organization","@id":"https:\/\/atemhaus-hubertushof.de\/#organization","name":"Atemhaus Hubertushof [95505 Immenreuth]","url":"https:\/\/atemhaus-hubertushof.de\/","logo":{"@type":"ImageObject","inLanguage":"ru-RU","@id":"https:\/\/atemhaus-hubertushof.de\/#\/schema\/logo\/image\/","url":"https:\/\/atemhaus-hubertushof.de\/wp-content\/uploads\/cropped-2-2.png","contentUrl":"https:\/\/atemhaus-hubertushof.de\/wp-content\/uploads\/cropped-2-2.png","width":512,"height":512,"caption":"Atemhaus Hubertushof [95505 Immenreuth]"},"image":{"@id":"https:\/\/atemhaus-hubertushof.de\/#\/schema\/logo\/image\/"}}]}},"jetpack_sharing_enabled":true,"_links":{"self":[{"href":"https:\/\/atemhaus-hubertushof.de\/ru\/wp-json\/wp\/v2\/pages\/677","targetHints":{"allow":["GET"]}}],"collection":[{"href":"https:\/\/atemhaus-hubertushof.de\/ru\/wp-json\/wp\/v2\/pages"}],"about":[{"href":"https:\/\/atemhaus-hubertushof.de\/ru\/wp-json\/wp\/v2\/types\/page"}],"author":[{"embeddable":true,"href":"https:\/\/atemhaus-hubertushof.de\/ru\/wp-json\/wp\/v2\/users\/4"}],"replies":[{"embeddable":true,"href":"https:\/\/atemhaus-hubertushof.de\/ru\/wp-json\/wp\/v2\/comments?post=677"}],"version-history":[{"count":9,"href":"https:\/\/atemhaus-hubertushof.de\/ru\/wp-json\/wp\/v2\/pages\/677\/revisions"}],"predecessor-version":[{"id":9787,"href":"https:\/\/atemhaus-hubertushof.de\/ru\/wp-json\/wp\/v2\/pages\/677\/revisions\/9787"}],"wp:attachment":[{"href":"https:\/\/atemhaus-hubertushof.de\/ru\/wp-json\/wp\/v2\/media?parent=677"}],"curies":[{"name":"wp","href":"https:\/\/api.w.org\/{rel}","templated":true}]}}