{"id":9134,"date":"2023-12-18T11:13:48","date_gmt":"2023-12-18T10:13:48","guid":{"rendered":"https:\/\/atemhaus-hubertushof.de\/agb\/"},"modified":"2024-08-14T16:47:02","modified_gmt":"2024-08-14T14:47:02","slug":"agb","status":"publish","type":"page","link":"https:\/\/atemhaus-hubertushof.de\/fr\/agb\/","title":{"rendered":"CONDITIONS G\u00c9N\u00c9RALES DE VENTE"},"content":{"rendered":"<div data-elementor-type=\"wp-page\" data-elementor-id=\"9134\" class=\"elementor elementor-9134\" data-elementor-post-type=\"page\">\n\t\t\t\t<div class=\"elementor-element elementor-element-75754b93 e-flex e-con-boxed e-con e-parent\" data-id=\"75754b93\" data-element_type=\"container\" data-e-type=\"container\">\n\t\t\t\t\t<div class=\"e-con-inner\">\n\t\t\t\t<div class=\"elementor-element elementor-element-75982f71 elementor-widget elementor-widget-text-editor\" data-id=\"75982f71\" data-element_type=\"widget\" data-e-type=\"widget\" data-widget_type=\"text-editor.default\">\n\t\t\t\t<div class=\"elementor-widget-container\">\n\t\t\t\t\t\t\t\t\t<h1>Conditions g\u00e9n\u00e9rales de vente<\/h1>\n<h3>\u00a7 1 Validit\u00e9, d\u00e9finitions<\/h3>\n<p>(1) ATEMevents GmbH, Poppenberg 5, 95505 Immenreuth, Allemagne (ci-apr\u00e8s : \"nous\" ou \"ATEMevents GmbH\") exploite une boutique en ligne de marchandises et de services sur le site Internet https:\/\/atemhaus-hubertushof.de. Les conditions g\u00e9n\u00e9rales de vente suivantes s'appliquent \u00e0 toutes les prestations entre nous et nos clients (ci-apr\u00e8s : \"client\" ou \"vous\") dans leur version en vigueur au moment de la commande, sauf accord contraire explicite.<\/p>\n<p>(2) Le terme \"consommateur\", au sens des pr\u00e9sentes conditions g\u00e9n\u00e9rales, d\u00e9signe toute personne physique qui conclut un acte juridique \u00e0 des fins qui, pour l'essentiel, ne peuvent \u00eatre imput\u00e9es ni \u00e0 son activit\u00e9 commerciale ni \u00e0 son activit\u00e9 professionnelle ind\u00e9pendante. \"entrepreneur\" : une personne physique ou morale ou une soci\u00e9t\u00e9 de personnes dot\u00e9e de la personnalit\u00e9 juridique qui, lors de la conclusion d'un acte juridique, agit dans l'exercice de son activit\u00e9 professionnelle commerciale ou ind\u00e9pendante, une soci\u00e9t\u00e9 de personnes dot\u00e9e de la personnalit\u00e9 juridique \u00e9tant une soci\u00e9t\u00e9 de personnes dot\u00e9e de la capacit\u00e9 d'acqu\u00e9rir des droits et de contracter des obligations.<\/p>\n<h3>\u00a7 2 R\u00e9alisation des contrats, enregistrement du texte du contrat<\/h3>\n<p>(1) Les r\u00e8gles suivantes relatives \u00e0 la conclusion du contrat s'appliquent aux commandes pass\u00e9es via notre boutique en ligne sur https:\/\/atemhaus-hubertushof.de.<\/p>\n<p>(2) Nos pr\u00e9sentations de produits sur Internet sont sans engagement et ne constituent pas une offre ferme pour la conclusion d'un contrat.<\/p>\n<p>(3) Les r\u00e8gles suivantes s'appliquent \u00e0 la r\u00e9ception d'une commande dans notre boutique en ligne : Le client fait une offre de contrat ferme en suivant avec succ\u00e8s la proc\u00e9dure de commande pr\u00e9vue dans notre boutique en ligne. La commande se d\u00e9roule selon les \u00e9tapes suivantes :<\/p>\n<ol>\n<li>S\u00e9lectionner le produit, le(s) service(s) choisi(s),<\/li>\n<li>Ajouter les produits en cliquant sur le bouton correspondant (par ex. \"Ajouter au panier\", \"Ajouter au panier\" ou autre),<\/li>\n<li>V\u00e9rification des informations dans le panier d'achat,<\/li>\n<li>Appel de l'aper\u00e7u de la commande en cliquant sur le bouton correspondant (par ex. \"Continuer vers la caisse\", \"Continuer vers le paiement\", \"Vers l'aper\u00e7u de la commande\" ou similaire),<\/li>\n<li>Saisie\/v\u00e9rification des donn\u00e9es d'adresse et de contact, s\u00e9lection du mode de paiement, confirmation des CGV et de l'information sur le droit de r\u00e9tractation,<\/li>\n<li>Dans la mesure o\u00f9 la qualit\u00e9 convenue de la marchandise s'\u00e9carte de sa qualit\u00e9 et de ses conditions d'utilisation habituelles, confirmation d'un accord n\u00e9gatif sur la qualit\u00e9,<\/li>\n<li>Conclusion de la commande en cliquant sur le bouton \"Acheter maintenant\". Cela constitue votre commande ferme.<\/li>\n<li>Le contrat est conclu lorsque vous recevez une confirmation de commande de notre part \u00e0 l'adresse e-mail indiqu\u00e9e dans un d\u00e9lai de trois jours ouvrables.<\/li>\n<\/ol>\n<p>(4) En cas de conclusion d'un contrat, le contrat est conclu avec ATEMevents GmbH, Poppenberg 5, 95505 Immenreuth, Allemagne.<\/p>\n<p>(5) Avant de passer commande, les donn\u00e9es contractuelles peuvent \u00eatre imprim\u00e9es ou sauvegard\u00e9es \u00e9lectroniquement gr\u00e2ce \u00e0 la fonction d'impression du navigateur. Le traitement de la commande et la transmission de toutes les informations n\u00e9cessaires en rapport avec la conclusion du contrat, en particulier les donn\u00e9es de la commande, les CGV et l'information sur le droit de r\u00e9tractation, s'effectuent par e-mail apr\u00e8s le d\u00e9clenchement de la commande par vos soins, en partie de mani\u00e8re automatis\u00e9e. Nous n'enregistrons pas le texte du contrat apr\u00e8s la conclusion du contrat.<\/p>\n<p>(6) Les erreurs de saisie peuvent \u00eatre corrig\u00e9es au moyen des fonctions habituelles du clavier, de la souris et du navigateur (par exemple le bouton \"retour\" du navigateur). Elles peuvent \u00e9galement \u00eatre corrig\u00e9es en interrompant pr\u00e9matur\u00e9ment le processus de commande, en fermant la fen\u00eatre du navigateur et en r\u00e9p\u00e9tant le processus.<\/p>\n<p>(7) Le traitement de la commande et la transmission de toutes les informations n\u00e9cessaires \u00e0 la conclusion du contrat s'effectuent par e-mail, de mani\u00e8re partiellement automatis\u00e9e. Vous devez donc vous assurer que l'adresse e-mail que vous avez enregistr\u00e9e chez nous est correcte, que la r\u00e9ception des e-mails est techniquement garantie et qu'elle n'est notamment pas emp\u00each\u00e9e par des filtres SPAM.<\/p>\n<h3>\u00a7 3 Objet du contrat et caract\u00e9ristiques essentielles des produits<\/h3>\n<p>(1) Dans le cas de notre boutique en ligne, l'objet du contrat est<\/p>\n<ol style=\"list-style-type: lower-alpha;\">\n<li>La vente de marchandises. Les marchandises concr\u00e8tement propos\u00e9es peuvent \u00eatre consult\u00e9es sur nos pages d'articles.<\/li>\n<li>La fourniture de services. Les services concr\u00e8tement propos\u00e9s peuvent \u00eatre consult\u00e9s sur nos pages d'articles.<\/li>\n<\/ol>\n<p>(2) Les caract\u00e9ristiques essentielles des marchandises et des prestations de service figurent dans la description de l'article. Dans la mesure o\u00f9 la qualit\u00e9 convenue de la marchandise diff\u00e8re de sa qualit\u00e9 et de ses conditions d'utilisation habituelles, cela est express\u00e9ment indiqu\u00e9 dans la description de l'article (convention de qualit\u00e9 n\u00e9gative). Dans la mesure o\u00f9 le client a donn\u00e9 son consentement explicite \u00e0 la diff\u00e9rence n\u00e9gative de qualit\u00e9, celle-ci d\u00e9finit l'objet du contrat.<\/p>\n<h3>\u00a7 4 Prix, frais d'exp\u00e9dition et livraison<\/h3>\n<p>(1) Les prix indiqu\u00e9s dans les offres respectives ainsi que les frais d'exp\u00e9dition sont des prix globaux et comprennent tous les \u00e9l\u00e9ments du prix, y compris toutes les taxes applicables.<\/p>\n<p>(2) Le prix d'achat respectif doit \u00eatre r\u00e9gl\u00e9 avant la livraison du produit (paiement anticip\u00e9), \u00e0 moins que nous ne proposions express\u00e9ment l'achat sur facture. Les modes de paiement \u00e0 votre disposition sont indiqu\u00e9s sous un bouton d\u00e9sign\u00e9 en cons\u00e9quence dans la boutique en ligne ou dans l'offre correspondante. Sauf indication contraire dans les diff\u00e9rents modes de paiement, les droits au paiement sont imm\u00e9diatement exigibles.<\/p>\n<p>(3) En plus des prix indiqu\u00e9s, des frais d'exp\u00e9dition peuvent \u00eatre factur\u00e9s pour la livraison de produits, dans la mesure o\u00f9 l'article concern\u00e9 n'est pas indiqu\u00e9 comme \u00e9tant sans frais d'exp\u00e9dition. Les frais de livraison sont clairement indiqu\u00e9s sur les offres, le cas \u00e9ch\u00e9ant dans le syst\u00e8me du panier et sur le r\u00e9capitulatif de la commande.<\/p>\n<p>(4) Tous les produits propos\u00e9s sont pr\u00eats \u00e0 \u00eatre exp\u00e9di\u00e9s imm\u00e9diatement, sauf indication contraire claire dans la description du produit.<\/p>\n<p>(5) Les restrictions territoriales de livraison suivantes s'appliquent : La livraison est effectu\u00e9e dans les pays suivants : Autriche, Belgique, Bulgarie, Chypre, R\u00e9publique tch\u00e8que, Allemagne, Danemark, Estonie, Espagne, Finlande, France, Gr\u00e8ce, Croatie, Hongrie, Irlande, Italie, Lituanie, Luxembourg, Lettonie, Malte, Pays-Bas, Pologne, Portugal, Roumanie, Su\u00e8de, Slov\u00e9nie, Slovaquie.<\/p>\n<h3>\u00a7 5 Droit de r\u00e9tention, r\u00e9serve de propri\u00e9t\u00e9<\/h3>\n<p>(1) Vous ne pouvez exercer un droit de r\u00e9tention que dans la mesure o\u00f9 il s'agit de cr\u00e9ances issues de la m\u00eame relation contractuelle.<\/p>\n<p>(2) La marchandise reste notre propri\u00e9t\u00e9 jusqu'au paiement int\u00e9gral du prix d'achat.<\/p>\n<h3>\u00a7 6 Droit de r\u00e9tractation<\/h3>\n<p>En tant que consommateur, vous avez un droit de r\u00e9tractation. Celui-ci est r\u00e9gi par notre <a href=\"https:\/\/atemhaus-hubertushof.de\/fr\/widerrufsbelehrung\/\">Information sur le droit de r\u00e9tractation<\/a>.<\/p>\n<h3>\u00a7 7 Langue du contrat<\/h3>\n<p>La langue du contrat est exclusivement l'allemand.<\/p>\n<h3>\u00a7 8 Responsabilit\u00e9<\/h3>\n<p>(1) Sous r\u00e9serve des exceptions suivantes, notre responsabilit\u00e9 pour les violations d'obligations contractuelles ainsi que pour les actes illicites est limit\u00e9e \u00e0 la pr\u00e9m\u00e9ditation ou \u00e0 la n\u00e9gligence grave.<\/p>\n<p>(2) En cas de n\u00e9gligence l\u00e9g\u00e8re, notre responsabilit\u00e9 est illimit\u00e9e en cas d'atteinte \u00e0 la vie, \u00e0 l'int\u00e9grit\u00e9 physique ou \u00e0 la sant\u00e9 ou en cas de violation d'une obligation contractuelle essentielle. Si nous sommes en retard dans l'ex\u00e9cution de la prestation en raison d'une n\u00e9gligence l\u00e9g\u00e8re, si la prestation est devenue impossible ou si nous avons manqu\u00e9 \u00e0 une obligation essentielle du contrat, la responsabilit\u00e9 pour les dommages mat\u00e9riels et p\u00e9cuniaires qui en d\u00e9coulent est limit\u00e9e au montant de la facture. <strong>les dommages pr\u00e9visibles et typiques du contrat<\/strong> est limit\u00e9e. Une obligation essentielle au contrat est une obligation dont l'ex\u00e9cution permet l'ex\u00e9cution en bonne et due forme du contrat, dont la violation met en danger la r\u00e9alisation de l'objectif du contrat et dont vous pouvez r\u00e9guli\u00e8rement attendre le respect. Cela comprend notamment notre obligation d'agir et d'ex\u00e9cuter la prestation due au titre du contrat, d\u00e9crite au \u00a7 3.<\/p>\n<h3>\u00a7 9 Garantie<\/h3>\n<p>(1) La garantie est r\u00e9gie par les dispositions l\u00e9gales.<\/p>\n<p>(2) Pour les entreprises, le d\u00e9lai de garantie sur les marchandises livr\u00e9es est de 12 mois.<\/p>\n<p>(3) En tant que consommateur, vous \u00eates pri\u00e9 de v\u00e9rifier imm\u00e9diatement si l'objet\/les biens num\u00e9riques ou le service fourni sont complets, s'ils pr\u00e9sentent des vices apparents et des dommages dus au transport, et de nous faire part, ainsi qu'au transporteur, de toute r\u00e9clamation dans les meilleurs d\u00e9lais. Si vous ne le faites pas, cela n'a bien s\u00fbr aucun effet sur vos droits de garantie l\u00e9gaux.<\/p>\n<h3>\u00a7 10 Dispositions finales\/r\u00e8glement des litiges<\/h3>\n<p>(1) Le droit allemand est applicable. Pour les consommateurs, ce choix de loi ne s'applique que dans la mesure o\u00f9 il ne prive pas de la protection accord\u00e9e par les dispositions imp\u00e9ratives de la loi du pays de r\u00e9sidence habituelle du consommateur (principe de faveur).<\/p>\n<p>(2) Les dispositions de la Convention des Nations unies sur les contrats de vente internationale de marchandises ne sont express\u00e9ment pas applicables.<\/p>\n<p>(3) Si le client est un commer\u00e7ant, une personne morale de droit public ou un fonds sp\u00e9cial de droit public, le tribunal comp\u00e9tent pour tous les litiges r\u00e9sultant des relations contractuelles entre le client et le fournisseur est celui du si\u00e8ge du fournisseur.<\/p>\t\t\t\t\t\t\t\t<\/div>\n\t\t\t\t<\/div>\n\t\t\t\t\t<\/div>\n\t\t\t\t<\/div>\n\t\t\t\t<\/div>","protected":false},"excerpt":{"rendered":"<p>Conditions g\u00e9n\u00e9rales de vente \u00a7 1 Validit\u00e9, d\u00e9finitions (1) ATEMevents GmbH, Poppenberg 5, 95505 Immenreuth, Allemagne (ci-apr\u00e8s : \"nous\" ou \"ATEMevents GmbH\") exploite sous le site https:\/\/atemhaus-hubertushof.de une boutique en ligne de marchandises et...<\/p>","protected":false},"author":4,"featured_media":0,"parent":0,"menu_order":0,"comment_status":"closed","ping_status":"closed","template":"elementor_header_footer","meta":{"_EventAllDay":false,"_EventTimezone":"","_EventStartDate":"","_EventEndDate":"","_EventStartDateUTC":"","_EventEndDateUTC":"","_EventShowMap":false,"_EventShowMapLink":false,"_EventURL":"","_EventCost":"","_EventCostDescription":"","_EventCurrencySymbol":"","_EventCurrencyCode":"","_EventCurrencyPosition":"","_EventDateTimeSeparator":"","_EventTimeRangeSeparator":"","_EventOrganizerID":[],"_EventVenueID":[],"_OrganizerEmail":"","_OrganizerPhone":"","_OrganizerWebsite":"","_VenueAddress":"","_VenueCity":"","_VenueCountry":"","_VenueProvince":"","_VenueState":"","_VenueZip":"","_VenuePhone":"","_VenueURL":"","_VenueStateProvince":"","_VenueLat":"","_VenueLng":"","_VenueShowMap":false,"_VenueShowMapLink":false,"footnotes":""},"class_list":["post-9134","page","type-page","status-publish","hentry"],"yoast_head":"<!-- This site is optimized with the Yoast SEO plugin v27.3 - https:\/\/yoast.com\/product\/yoast-seo-wordpress\/ -->\n<title>AGB - Atemhaus Hubertushof [95505 Immenreuth]<\/title>\n<meta name=\"robots\" content=\"index, follow, max-snippet:-1, max-image-preview:large, max-video-preview:-1\" \/>\n<link rel=\"canonical\" href=\"https:\/\/atemhaus-hubertushof.de\/fr\/agb\/\" \/>\n<meta property=\"og:locale\" content=\"fr_FR\" \/>\n<meta property=\"og:type\" content=\"article\" \/>\n<meta property=\"og:title\" content=\"AGB - Atemhaus Hubertushof [95505 Immenreuth]\" \/>\n<meta property=\"og:description\" content=\"Allgemeine Gesch\u00e4ftsbedingungen \u00a7 1 Geltung, Begriffsdefinitionen (1) ATEMevents GmbH, Poppenberg 5, 95505 Immenreuth, Deutschland (im Folgenden: \u201ewir\u201c oder \u201eATEMevents GmbH\u201c) betreibt unter der Webseite https:\/\/atemhaus-hubertushof.de einen Online-Shop f\u00fcr Waren und&hellip;\" \/>\n<meta property=\"og:url\" content=\"https:\/\/atemhaus-hubertushof.de\/fr\/agb\/\" \/>\n<meta property=\"og:site_name\" content=\"Atemhaus Hubertushof [95505 Immenreuth]\" \/>\n<meta property=\"article:modified_time\" content=\"2024-08-14T14:47:02+00:00\" \/>\n<meta name=\"twitter:card\" content=\"summary_large_image\" \/>\n<meta name=\"twitter:label1\" content=\"Dur\u00e9e de lecture estim\u00e9e\" \/>\n\t<meta name=\"twitter:data1\" content=\"7 minutes\" \/>\n<script type=\"application\/ld+json\" class=\"yoast-schema-graph\">{\"@context\":\"https:\\\/\\\/schema.org\",\"@graph\":[{\"@type\":\"WebPage\",\"@id\":\"https:\\\/\\\/atemhaus-hubertushof.de\\\/agb\\\/\",\"url\":\"https:\\\/\\\/atemhaus-hubertushof.de\\\/agb\\\/\",\"name\":\"AGB - Atemhaus Hubertushof [95505 Immenreuth]\",\"isPartOf\":{\"@id\":\"https:\\\/\\\/atemhaus-hubertushof.de\\\/#website\"},\"datePublished\":\"2023-12-18T10:13:48+00:00\",\"dateModified\":\"2024-08-14T14:47:02+00:00\",\"breadcrumb\":{\"@id\":\"https:\\\/\\\/atemhaus-hubertushof.de\\\/agb\\\/#breadcrumb\"},\"inLanguage\":\"fr-FR\",\"potentialAction\":[{\"@type\":\"ReadAction\",\"target\":[\"https:\\\/\\\/atemhaus-hubertushof.de\\\/agb\\\/\"]}]},{\"@type\":\"BreadcrumbList\",\"@id\":\"https:\\\/\\\/atemhaus-hubertushof.de\\\/agb\\\/#breadcrumb\",\"itemListElement\":[{\"@type\":\"ListItem\",\"position\":1,\"name\":\"Startseite\",\"item\":\"https:\\\/\\\/atemhaus-hubertushof.de\\\/\"},{\"@type\":\"ListItem\",\"position\":2,\"name\":\"AGB\"}]},{\"@type\":\"WebSite\",\"@id\":\"https:\\\/\\\/atemhaus-hubertushof.de\\\/#website\",\"url\":\"https:\\\/\\\/atemhaus-hubertushof.de\\\/\",\"name\":\"Atemhaus Hubertushof [95505 Immenreuth]\",\"description\":\"\",\"publisher\":{\"@id\":\"https:\\\/\\\/atemhaus-hubertushof.de\\\/#organization\"},\"potentialAction\":[{\"@type\":\"SearchAction\",\"target\":{\"@type\":\"EntryPoint\",\"urlTemplate\":\"https:\\\/\\\/atemhaus-hubertushof.de\\\/?s={search_term_string}\"},\"query-input\":{\"@type\":\"PropertyValueSpecification\",\"valueRequired\":true,\"valueName\":\"search_term_string\"}}],\"inLanguage\":\"fr-FR\"},{\"@type\":\"Organization\",\"@id\":\"https:\\\/\\\/atemhaus-hubertushof.de\\\/#organization\",\"name\":\"Atemhaus Hubertushof [95505 Immenreuth]\",\"url\":\"https:\\\/\\\/atemhaus-hubertushof.de\\\/\",\"logo\":{\"@type\":\"ImageObject\",\"inLanguage\":\"fr-FR\",\"@id\":\"https:\\\/\\\/atemhaus-hubertushof.de\\\/#\\\/schema\\\/logo\\\/image\\\/\",\"url\":\"https:\\\/\\\/atemhaus-hubertushof.de\\\/wp-content\\\/uploads\\\/cropped-2-2.png\",\"contentUrl\":\"https:\\\/\\\/atemhaus-hubertushof.de\\\/wp-content\\\/uploads\\\/cropped-2-2.png\",\"width\":512,\"height\":512,\"caption\":\"Atemhaus Hubertushof [95505 Immenreuth]\"},\"image\":{\"@id\":\"https:\\\/\\\/atemhaus-hubertushof.de\\\/#\\\/schema\\\/logo\\\/image\\\/\"}}]}<\/script>\n<!-- \/ Yoast SEO plugin. -->","yoast_head_json":{"title":"AGB - Atemhaus Hubertushof [95505 Immenreuth]","robots":{"index":"index","follow":"follow","max-snippet":"max-snippet:-1","max-image-preview":"max-image-preview:large","max-video-preview":"max-video-preview:-1"},"canonical":"https:\/\/atemhaus-hubertushof.de\/fr\/agb\/","og_locale":"fr_FR","og_type":"article","og_title":"AGB - Atemhaus Hubertushof [95505 Immenreuth]","og_description":"Allgemeine Gesch\u00e4ftsbedingungen \u00a7 1 Geltung, Begriffsdefinitionen (1) ATEMevents GmbH, Poppenberg 5, 95505 Immenreuth, Deutschland (im Folgenden: \u201ewir\u201c oder \u201eATEMevents GmbH\u201c) betreibt unter der Webseite https:\/\/atemhaus-hubertushof.de einen Online-Shop f\u00fcr Waren und&hellip;","og_url":"https:\/\/atemhaus-hubertushof.de\/fr\/agb\/","og_site_name":"Atemhaus Hubertushof [95505 Immenreuth]","article_modified_time":"2024-08-14T14:47:02+00:00","twitter_card":"summary_large_image","twitter_misc":{"Dur\u00e9e de lecture estim\u00e9e":"7 minutes"},"schema":{"@context":"https:\/\/schema.org","@graph":[{"@type":"WebPage","@id":"https:\/\/atemhaus-hubertushof.de\/agb\/","url":"https:\/\/atemhaus-hubertushof.de\/agb\/","name":"AGB - Atemhaus Hubertushof [95505 Immenreuth]","isPartOf":{"@id":"https:\/\/atemhaus-hubertushof.de\/#website"},"datePublished":"2023-12-18T10:13:48+00:00","dateModified":"2024-08-14T14:47:02+00:00","breadcrumb":{"@id":"https:\/\/atemhaus-hubertushof.de\/agb\/#breadcrumb"},"inLanguage":"fr-FR","potentialAction":[{"@type":"ReadAction","target":["https:\/\/atemhaus-hubertushof.de\/agb\/"]}]},{"@type":"BreadcrumbList","@id":"https:\/\/atemhaus-hubertushof.de\/agb\/#breadcrumb","itemListElement":[{"@type":"ListItem","position":1,"name":"Startseite","item":"https:\/\/atemhaus-hubertushof.de\/"},{"@type":"ListItem","position":2,"name":"AGB"}]},{"@type":"WebSite","@id":"https:\/\/atemhaus-hubertushof.de\/#website","url":"https:\/\/atemhaus-hubertushof.de\/","name":"Atemhaus Hubertushof [95505 Immenreuth]","description":"","publisher":{"@id":"https:\/\/atemhaus-hubertushof.de\/#organization"},"potentialAction":[{"@type":"SearchAction","target":{"@type":"EntryPoint","urlTemplate":"https:\/\/atemhaus-hubertushof.de\/?s={search_term_string}"},"query-input":{"@type":"PropertyValueSpecification","valueRequired":true,"valueName":"search_term_string"}}],"inLanguage":"fr-FR"},{"@type":"Organization","@id":"https:\/\/atemhaus-hubertushof.de\/#organization","name":"Atemhaus Hubertushof [95505 Immenreuth]","url":"https:\/\/atemhaus-hubertushof.de\/","logo":{"@type":"ImageObject","inLanguage":"fr-FR","@id":"https:\/\/atemhaus-hubertushof.de\/#\/schema\/logo\/image\/","url":"https:\/\/atemhaus-hubertushof.de\/wp-content\/uploads\/cropped-2-2.png","contentUrl":"https:\/\/atemhaus-hubertushof.de\/wp-content\/uploads\/cropped-2-2.png","width":512,"height":512,"caption":"Atemhaus Hubertushof [95505 Immenreuth]"},"image":{"@id":"https:\/\/atemhaus-hubertushof.de\/#\/schema\/logo\/image\/"}}]}},"jetpack_sharing_enabled":true,"_links":{"self":[{"href":"https:\/\/atemhaus-hubertushof.de\/fr\/wp-json\/wp\/v2\/pages\/9134","targetHints":{"allow":["GET"]}}],"collection":[{"href":"https:\/\/atemhaus-hubertushof.de\/fr\/wp-json\/wp\/v2\/pages"}],"about":[{"href":"https:\/\/atemhaus-hubertushof.de\/fr\/wp-json\/wp\/v2\/types\/page"}],"author":[{"embeddable":true,"href":"https:\/\/atemhaus-hubertushof.de\/fr\/wp-json\/wp\/v2\/users\/4"}],"replies":[{"embeddable":true,"href":"https:\/\/atemhaus-hubertushof.de\/fr\/wp-json\/wp\/v2\/comments?post=9134"}],"version-history":[{"count":10,"href":"https:\/\/atemhaus-hubertushof.de\/fr\/wp-json\/wp\/v2\/pages\/9134\/revisions"}],"predecessor-version":[{"id":11024,"href":"https:\/\/atemhaus-hubertushof.de\/fr\/wp-json\/wp\/v2\/pages\/9134\/revisions\/11024"}],"wp:attachment":[{"href":"https:\/\/atemhaus-hubertushof.de\/fr\/wp-json\/wp\/v2\/media?parent=9134"}],"curies":[{"name":"wp","href":"https:\/\/api.w.org\/{rel}","templated":true}]}}