{"id":880,"date":"2021-04-06T13:57:29","date_gmt":"2021-04-06T13:57:29","guid":{"rendered":"https:\/\/www.atemhaus-hubertushof.de\/?page_id=880"},"modified":"2023-12-12T14:03:46","modified_gmt":"2023-12-12T13:03:46","slug":"co-working","status":"publish","type":"page","link":"https:\/\/atemhaus-hubertushof.de\/fr\/co-working\/","title":{"rendered":"Co-working"},"content":{"rendered":"<div data-elementor-type=\"wp-page\" data-elementor-id=\"880\" class=\"elementor elementor-880\" data-elementor-post-type=\"page\">\n\t\t\t\t<div class=\"elementor-element elementor-element-3eca072 e-flex e-con-boxed e-con e-parent\" data-id=\"3eca072\" data-element_type=\"container\" data-e-type=\"container\">\n\t\t\t\t\t<div class=\"e-con-inner\">\n\t\t\t\t<div class=\"elementor-element elementor-element-96171ad elementor-widget elementor-widget-heading\" data-id=\"96171ad\" data-element_type=\"widget\" data-e-type=\"widget\" data-widget_type=\"heading.default\">\n\t\t\t\t<div class=\"elementor-widget-container\">\n\t\t\t\t\t<h1 class=\"elementor-heading-title elementor-size-default\">\"Co-working et bien-\u00eatre\"<\/h1>\t\t\t\t<\/div>\n\t\t\t\t<\/div>\n\t\t\t\t\t<\/div>\n\t\t\t\t<\/div>\n\t\t<div class=\"elementor-element elementor-element-61dc79b e-flex e-con-boxed e-con e-parent\" data-id=\"61dc79b\" data-element_type=\"container\" data-e-type=\"container\">\n\t\t\t\t\t<div class=\"e-con-inner\">\n\t\t<div class=\"elementor-element elementor-element-30f0bc7 e-con-full e-flex e-con e-child\" data-id=\"30f0bc7\" data-element_type=\"container\" data-e-type=\"container\">\n\t\t\t\t<div class=\"elementor-element elementor-element-6de1d8d elementor-widget elementor-widget-image\" data-id=\"6de1d8d\" data-element_type=\"widget\" data-e-type=\"widget\" data-widget_type=\"image.default\">\n\t\t\t\t<div class=\"elementor-widget-container\">\n\t\t\t\t\t\t\t\t\t\t\t\t\t\t\t<img fetchpriority=\"high\" decoding=\"async\" width=\"1024\" height=\"682\" src=\"https:\/\/atemhaus-hubertushof.de\/wp-content\/uploads\/image-2-1024x682.jpeg\" class=\"attachment-large size-large wp-image-889\" alt=\"\" srcset=\"https:\/\/atemhaus-hubertushof.de\/wp-content\/uploads\/image-2-1024x682.jpeg 1024w, https:\/\/atemhaus-hubertushof.de\/wp-content\/uploads\/image-2-900x600.jpeg 900w, https:\/\/atemhaus-hubertushof.de\/wp-content\/uploads\/image-2-1200x800.jpeg 1200w, https:\/\/atemhaus-hubertushof.de\/wp-content\/uploads\/image-2-300x200.jpeg 300w, https:\/\/atemhaus-hubertushof.de\/wp-content\/uploads\/image-2-768x512.jpeg 768w, https:\/\/atemhaus-hubertushof.de\/wp-content\/uploads\/image-2.jpeg 1280w\" sizes=\"(max-width: 1024px) 100vw, 1024px\" \/>\t\t\t\t\t\t\t\t\t\t\t\t\t\t\t<\/div>\n\t\t\t\t<\/div>\n\t\t\t\t<\/div>\n\t\t<div class=\"elementor-element elementor-element-35ed12c e-con-full e-flex e-con e-child\" data-id=\"35ed12c\" data-element_type=\"container\" data-e-type=\"container\">\n\t\t\t\t<div class=\"elementor-element elementor-element-d2cc2e0 elementor-widget elementor-widget-text-editor\" data-id=\"d2cc2e0\" data-element_type=\"widget\" data-e-type=\"widget\" data-widget_type=\"text-editor.default\">\n\t\t\t\t<div class=\"elementor-widget-container\">\n\t\t\t\t\t\t\t\t\t<p>En pleine nature, nous t'offrons un espace dans lequel tu peux effectuer ton travail quotidien \/ home office tout en faisant quelque chose de bon pour ton corps, ton esprit et ton \u00e2me.<\/p>\n<p>Le matin, nous te proposons une m\u00e9ditation et\/ou des exercices d'\u00e9nerg\u00e9tisation de ton corps pour te ressourcer et, chaque soir, une s\u00e9ance de respiration guid\u00e9e pour \u00e9vacuer le stress, te reposer et te d\u00e9tendre. Ainsi, tu peux effectuer tes t\u00e2ches quotidiennes en toute tranquillit\u00e9 pendant la journ\u00e9e et prendre soin de toi le soir... et nous nous occupons du reste pour toi.<\/p>\n<p>Des repas bio, \u00e9quilibr\u00e9s et sains, v\u00e9g\u00e9tariens, de l'eau de source vivante et un feu de chemin\u00e9e le soir. Profite de la nature sans personne ! Des promenades merveilleuses, du calme et de la tranquillit\u00e9 dans un endroit absolument isol\u00e9 et fais quand m\u00eame ton travail.<\/p>\t\t\t\t\t\t\t\t<\/div>\n\t\t\t\t<\/div>\n\t\t\t\t<\/div>\n\t\t<div class=\"elementor-element elementor-element-5380f6a e-con-full e-flex e-con e-child\" data-id=\"5380f6a\" data-element_type=\"container\" data-e-type=\"container\">\n\t\t\t\t<div class=\"elementor-element elementor-element-a4d5fad elementor-widget elementor-widget-text-editor\" data-id=\"a4d5fad\" data-element_type=\"widget\" data-e-type=\"widget\" data-widget_type=\"text-editor.default\">\n\t\t\t\t<div class=\"elementor-widget-container\">\n\t\t\t\t\t\t\t\t\t<p>Espace de travail confortable avec fibre optique WiFi 100 MB, possibilit\u00e9 d'avoir son propre num\u00e9ro de t\u00e9l\u00e9phone fixe.<\/p>\n<p>Si tu souhaites passer la nuit, il y a des chambres lumineuses avec salle de bain et WC priv\u00e9s, ainsi qu'un acc\u00e8s au balcon, au sauna et \u00e0 divers appareils de bien-\u00eatre dans la maison. Parking devant la porte.\u00a0<\/p>\n<p><a href=\"https:\/\/atemhaus-hubertushof.de\/fr\/zimmer-buchen\/\">R\u00e9servations<\/a>\u00a0par notre site web avec mot-cl\u00e9 -\u00a0<strong>\"Co-working et bien-\u00eatre\"<\/strong>\u00a0ou par e-mail :\u00a0\u00a0<a href=\"mailto:kontakt@atemhaus-hubertushof.de\">kontakt@atemhaus-hubertushof.de<\/a>, t\u00e9l\u00e9phone\u00a0<strong>09642 6913100<\/strong><\/p>\t\t\t\t\t\t\t\t<\/div>\n\t\t\t\t<\/div>\n\t\t\t\t<\/div>\n\t\t\t\t\t<\/div>\n\t\t\t\t<\/div>\n\t\t\t\t<\/div>","protected":false},"excerpt":{"rendered":"<p>\"Co-working et well-being\" En pleine nature, nous te proposons un espace dans lequel tu peux effectuer ton travail quotidien \/ home-office tout en faisant du bien \u00e0 ton corps,...<\/p>","protected":false},"author":4,"featured_media":0,"parent":0,"menu_order":0,"comment_status":"closed","ping_status":"closed","template":"elementor_header_footer","meta":{"_EventAllDay":false,"_EventTimezone":"","_EventStartDate":"","_EventEndDate":"","_EventStartDateUTC":"","_EventEndDateUTC":"","_EventShowMap":false,"_EventShowMapLink":false,"_EventURL":"","_EventCost":"","_EventCostDescription":"","_EventCurrencySymbol":"","_EventCurrencyCode":"","_EventCurrencyPosition":"","_EventDateTimeSeparator":"","_EventTimeRangeSeparator":"","_EventOrganizerID":[],"_EventVenueID":[],"_OrganizerEmail":"","_OrganizerPhone":"","_OrganizerWebsite":"","_VenueAddress":"","_VenueCity":"","_VenueCountry":"","_VenueProvince":"","_VenueState":"","_VenueZip":"","_VenuePhone":"","_VenueURL":"","_VenueStateProvince":"","_VenueLat":"","_VenueLng":"","_VenueShowMap":false,"_VenueShowMapLink":false,"footnotes":""},"class_list":["post-880","page","type-page","status-publish","hentry"],"yoast_head":"<!-- This site is optimized with the Yoast SEO plugin v27.4 - https:\/\/yoast.com\/product\/yoast-seo-wordpress\/ -->\n<title>Co-working - Atemhaus Hubertushof [95505 Immenreuth]<\/title>\n<meta name=\"robots\" content=\"index, follow, max-snippet:-1, max-image-preview:large, max-video-preview:-1\" \/>\n<link rel=\"canonical\" href=\"https:\/\/atemhaus-hubertushof.de\/fr\/co-working\/\" \/>\n<meta property=\"og:locale\" content=\"fr_FR\" \/>\n<meta property=\"og:type\" content=\"article\" \/>\n<meta property=\"og:title\" content=\"Co-working - Atemhaus Hubertushof [95505 Immenreuth]\" \/>\n<meta property=\"og:description\" content=\"\u201eCo-working und Well-being\u201c Mitten in der Natur bieten wir Dir einen Raum in dem du Deine t\u00e4gliche Arbeit \/ Homeoffice erledigen kannst und gleichzeitig auch etwas Gutes f\u00fcr Deinen K\u00f6rper,&hellip;\" \/>\n<meta property=\"og:url\" content=\"https:\/\/atemhaus-hubertushof.de\/fr\/co-working\/\" \/>\n<meta property=\"og:site_name\" content=\"Atemhaus Hubertushof [95505 Immenreuth]\" \/>\n<meta property=\"article:modified_time\" content=\"2023-12-12T13:03:46+00:00\" \/>\n<meta property=\"og:image\" content=\"https:\/\/atemhaus-hubertushof.de\/wp-content\/uploads\/image-2-1024x682.jpeg\" \/>\n<meta name=\"twitter:card\" content=\"summary_large_image\" \/>\n<meta name=\"twitter:label1\" content=\"Dur\u00e9e de lecture estim\u00e9e\" \/>\n\t<meta name=\"twitter:data1\" content=\"2 minutes\" \/>\n<script type=\"application\/ld+json\" class=\"yoast-schema-graph\">{\"@context\":\"https:\\\/\\\/schema.org\",\"@graph\":[{\"@type\":\"WebPage\",\"@id\":\"https:\\\/\\\/atemhaus-hubertushof.de\\\/co-working\\\/\",\"url\":\"https:\\\/\\\/atemhaus-hubertushof.de\\\/co-working\\\/\",\"name\":\"Co-working - Atemhaus Hubertushof [95505 Immenreuth]\",\"isPartOf\":{\"@id\":\"https:\\\/\\\/atemhaus-hubertushof.de\\\/#website\"},\"primaryImageOfPage\":{\"@id\":\"https:\\\/\\\/atemhaus-hubertushof.de\\\/co-working\\\/#primaryimage\"},\"image\":{\"@id\":\"https:\\\/\\\/atemhaus-hubertushof.de\\\/co-working\\\/#primaryimage\"},\"thumbnailUrl\":\"https:\\\/\\\/atemhaus-hubertushof.de\\\/wp-content\\\/uploads\\\/image-2-1024x682.jpeg\",\"datePublished\":\"2021-04-06T13:57:29+00:00\",\"dateModified\":\"2023-12-12T13:03:46+00:00\",\"breadcrumb\":{\"@id\":\"https:\\\/\\\/atemhaus-hubertushof.de\\\/co-working\\\/#breadcrumb\"},\"inLanguage\":\"fr-FR\",\"potentialAction\":[{\"@type\":\"ReadAction\",\"target\":[\"https:\\\/\\\/atemhaus-hubertushof.de\\\/co-working\\\/\"]}]},{\"@type\":\"ImageObject\",\"inLanguage\":\"fr-FR\",\"@id\":\"https:\\\/\\\/atemhaus-hubertushof.de\\\/co-working\\\/#primaryimage\",\"url\":\"https:\\\/\\\/atemhaus-hubertushof.de\\\/wp-content\\\/uploads\\\/image-2-1024x682.jpeg\",\"contentUrl\":\"https:\\\/\\\/atemhaus-hubertushof.de\\\/wp-content\\\/uploads\\\/image-2-1024x682.jpeg\"},{\"@type\":\"BreadcrumbList\",\"@id\":\"https:\\\/\\\/atemhaus-hubertushof.de\\\/co-working\\\/#breadcrumb\",\"itemListElement\":[{\"@type\":\"ListItem\",\"position\":1,\"name\":\"Startseite\",\"item\":\"https:\\\/\\\/atemhaus-hubertushof.de\\\/\"},{\"@type\":\"ListItem\",\"position\":2,\"name\":\"Co-working\"}]},{\"@type\":\"WebSite\",\"@id\":\"https:\\\/\\\/atemhaus-hubertushof.de\\\/#website\",\"url\":\"https:\\\/\\\/atemhaus-hubertushof.de\\\/\",\"name\":\"Atemhaus Hubertushof [95505 Immenreuth]\",\"description\":\"\",\"publisher\":{\"@id\":\"https:\\\/\\\/atemhaus-hubertushof.de\\\/#organization\"},\"potentialAction\":[{\"@type\":\"SearchAction\",\"target\":{\"@type\":\"EntryPoint\",\"urlTemplate\":\"https:\\\/\\\/atemhaus-hubertushof.de\\\/?s={search_term_string}\"},\"query-input\":{\"@type\":\"PropertyValueSpecification\",\"valueRequired\":true,\"valueName\":\"search_term_string\"}}],\"inLanguage\":\"fr-FR\"},{\"@type\":\"Organization\",\"@id\":\"https:\\\/\\\/atemhaus-hubertushof.de\\\/#organization\",\"name\":\"Atemhaus Hubertushof [95505 Immenreuth]\",\"url\":\"https:\\\/\\\/atemhaus-hubertushof.de\\\/\",\"logo\":{\"@type\":\"ImageObject\",\"inLanguage\":\"fr-FR\",\"@id\":\"https:\\\/\\\/atemhaus-hubertushof.de\\\/#\\\/schema\\\/logo\\\/image\\\/\",\"url\":\"https:\\\/\\\/atemhaus-hubertushof.de\\\/wp-content\\\/uploads\\\/cropped-2-2.png\",\"contentUrl\":\"https:\\\/\\\/atemhaus-hubertushof.de\\\/wp-content\\\/uploads\\\/cropped-2-2.png\",\"width\":512,\"height\":512,\"caption\":\"Atemhaus Hubertushof [95505 Immenreuth]\"},\"image\":{\"@id\":\"https:\\\/\\\/atemhaus-hubertushof.de\\\/#\\\/schema\\\/logo\\\/image\\\/\"}}]}<\/script>\n<!-- \/ Yoast SEO plugin. -->","yoast_head_json":{"title":"Co-working - Atemhaus Hubertushof [95505 Immenreuth]","robots":{"index":"index","follow":"follow","max-snippet":"max-snippet:-1","max-image-preview":"max-image-preview:large","max-video-preview":"max-video-preview:-1"},"canonical":"https:\/\/atemhaus-hubertushof.de\/fr\/co-working\/","og_locale":"fr_FR","og_type":"article","og_title":"Co-working - Atemhaus Hubertushof [95505 Immenreuth]","og_description":"\u201eCo-working und Well-being\u201c Mitten in der Natur bieten wir Dir einen Raum in dem du Deine t\u00e4gliche Arbeit \/ Homeoffice erledigen kannst und gleichzeitig auch etwas Gutes f\u00fcr Deinen K\u00f6rper,&hellip;","og_url":"https:\/\/atemhaus-hubertushof.de\/fr\/co-working\/","og_site_name":"Atemhaus Hubertushof [95505 Immenreuth]","article_modified_time":"2023-12-12T13:03:46+00:00","og_image":[{"url":"https:\/\/atemhaus-hubertushof.de\/wp-content\/uploads\/image-2-1024x682.jpeg","type":"","width":"","height":""}],"twitter_card":"summary_large_image","twitter_misc":{"Dur\u00e9e de lecture estim\u00e9e":"2 minutes"},"schema":{"@context":"https:\/\/schema.org","@graph":[{"@type":"WebPage","@id":"https:\/\/atemhaus-hubertushof.de\/co-working\/","url":"https:\/\/atemhaus-hubertushof.de\/co-working\/","name":"Co-working - Atemhaus Hubertushof [95505 Immenreuth]","isPartOf":{"@id":"https:\/\/atemhaus-hubertushof.de\/#website"},"primaryImageOfPage":{"@id":"https:\/\/atemhaus-hubertushof.de\/co-working\/#primaryimage"},"image":{"@id":"https:\/\/atemhaus-hubertushof.de\/co-working\/#primaryimage"},"thumbnailUrl":"https:\/\/atemhaus-hubertushof.de\/wp-content\/uploads\/image-2-1024x682.jpeg","datePublished":"2021-04-06T13:57:29+00:00","dateModified":"2023-12-12T13:03:46+00:00","breadcrumb":{"@id":"https:\/\/atemhaus-hubertushof.de\/co-working\/#breadcrumb"},"inLanguage":"fr-FR","potentialAction":[{"@type":"ReadAction","target":["https:\/\/atemhaus-hubertushof.de\/co-working\/"]}]},{"@type":"ImageObject","inLanguage":"fr-FR","@id":"https:\/\/atemhaus-hubertushof.de\/co-working\/#primaryimage","url":"https:\/\/atemhaus-hubertushof.de\/wp-content\/uploads\/image-2-1024x682.jpeg","contentUrl":"https:\/\/atemhaus-hubertushof.de\/wp-content\/uploads\/image-2-1024x682.jpeg"},{"@type":"BreadcrumbList","@id":"https:\/\/atemhaus-hubertushof.de\/co-working\/#breadcrumb","itemListElement":[{"@type":"ListItem","position":1,"name":"Startseite","item":"https:\/\/atemhaus-hubertushof.de\/"},{"@type":"ListItem","position":2,"name":"Co-working"}]},{"@type":"WebSite","@id":"https:\/\/atemhaus-hubertushof.de\/#website","url":"https:\/\/atemhaus-hubertushof.de\/","name":"Atemhaus Hubertushof [95505 Immenreuth]","description":"","publisher":{"@id":"https:\/\/atemhaus-hubertushof.de\/#organization"},"potentialAction":[{"@type":"SearchAction","target":{"@type":"EntryPoint","urlTemplate":"https:\/\/atemhaus-hubertushof.de\/?s={search_term_string}"},"query-input":{"@type":"PropertyValueSpecification","valueRequired":true,"valueName":"search_term_string"}}],"inLanguage":"fr-FR"},{"@type":"Organization","@id":"https:\/\/atemhaus-hubertushof.de\/#organization","name":"Atemhaus Hubertushof [95505 Immenreuth]","url":"https:\/\/atemhaus-hubertushof.de\/","logo":{"@type":"ImageObject","inLanguage":"fr-FR","@id":"https:\/\/atemhaus-hubertushof.de\/#\/schema\/logo\/image\/","url":"https:\/\/atemhaus-hubertushof.de\/wp-content\/uploads\/cropped-2-2.png","contentUrl":"https:\/\/atemhaus-hubertushof.de\/wp-content\/uploads\/cropped-2-2.png","width":512,"height":512,"caption":"Atemhaus Hubertushof [95505 Immenreuth]"},"image":{"@id":"https:\/\/atemhaus-hubertushof.de\/#\/schema\/logo\/image\/"}}]}},"jetpack_sharing_enabled":true,"_links":{"self":[{"href":"https:\/\/atemhaus-hubertushof.de\/fr\/wp-json\/wp\/v2\/pages\/880","targetHints":{"allow":["GET"]}}],"collection":[{"href":"https:\/\/atemhaus-hubertushof.de\/fr\/wp-json\/wp\/v2\/pages"}],"about":[{"href":"https:\/\/atemhaus-hubertushof.de\/fr\/wp-json\/wp\/v2\/types\/page"}],"author":[{"embeddable":true,"href":"https:\/\/atemhaus-hubertushof.de\/fr\/wp-json\/wp\/v2\/users\/4"}],"replies":[{"embeddable":true,"href":"https:\/\/atemhaus-hubertushof.de\/fr\/wp-json\/wp\/v2\/comments?post=880"}],"version-history":[{"count":9,"href":"https:\/\/atemhaus-hubertushof.de\/fr\/wp-json\/wp\/v2\/pages\/880\/revisions"}],"predecessor-version":[{"id":8908,"href":"https:\/\/atemhaus-hubertushof.de\/fr\/wp-json\/wp\/v2\/pages\/880\/revisions\/8908"}],"wp:attachment":[{"href":"https:\/\/atemhaus-hubertushof.de\/fr\/wp-json\/wp\/v2\/media?parent=880"}],"curies":[{"name":"wp","href":"https:\/\/api.w.org\/{rel}","templated":true}]}}