{"id":581,"date":"2021-03-01T17:00:16","date_gmt":"2021-03-01T17:00:16","guid":{"rendered":"https:\/\/www.atemhaus-hubertushof.de\/?page_id=581"},"modified":"2024-09-23T09:09:43","modified_gmt":"2024-09-23T07:09:43","slug":"anreise-per-auto","status":"publish","type":"page","link":"https:\/\/atemhaus-hubertushof.de\/fr\/anreise-per-auto\/","title":{"rendered":"Arriv\u00e9e en voiture"},"content":{"rendered":"<div data-elementor-type=\"wp-page\" data-elementor-id=\"581\" class=\"elementor elementor-581\" data-elementor-post-type=\"page\">\n\t\t\t\t<div class=\"elementor-element elementor-element-d204275 e-flex e-con-boxed e-con e-parent\" data-id=\"d204275\" data-element_type=\"container\" data-e-type=\"container\">\n\t\t\t\t\t<div class=\"e-con-inner\">\n\t\t\t\t<div class=\"elementor-element elementor-element-859495c elementor-widget elementor-widget-text-editor\" data-id=\"859495c\" data-element_type=\"widget\" data-e-type=\"widget\" data-widget_type=\"text-editor.default\">\n\t\t\t\t<div class=\"elementor-widget-container\">\n\t\t\t\t\t\t\t\t\t<p><span style=\"font-weight: 400;\">La mani\u00e8re dont tu viens chez nous en voiture d\u00e9pend bien s\u00fbr de ton lieu d'origine. Depuis le sud (r\u00e9gion de Munich), je choisis souvent de passer par Regensburg (A93), Weiden (sortie ouest), Pressath, Kemnath et Immenreuth. Si tu viens de l'ouest ou du nord de l'Allemagne, tu dois passer par Nuremberg et Bayreuth pour te rendre \u00e0 Immenreuth.\u00a0<\/span><\/p>\n<p><span style=\"font-weight: 400;\">Si tu viens de bayrweuth, \u00e9coute ton GPS pour la plus grande partie du voyage, seule la derni\u00e8re \u00e9tape n\u00e9cessite une explication. En venant de Bayreuth, il se peut que ton GPS veuille te faire passer par \"Dennhof\" ou \"Lienlas\". Ne l'\u00e9coute pas, car tu vas te retrouver dans la for\u00eat sur une route qui n\u00e9cessite un 4x4 ou un tracteur. <\/span><b>toujours sur Ahornberg<\/b><span style=\"font-weight: 400;\"> arriver.\u00a0<\/span><\/p>\n<p><span style=\"font-weight: 400;\">Si tu viens de Munich, tu traverses Immenreuth et apr\u00e8s environ 1 km, tu tournes \u00e0 droite vers Ahornberg (panneau indiquant le centre de s\u00e9minaires Atemhaus). Si tu viens par Bayreuth, la bifurcation pour Ahornberg se trouve avant Immenreuth (\u00e0 gauche).\u00a0<\/span><\/p>\n<p><span style=\"font-weight: 400;\">Tu entres donc dans Ahornberg et prends tout de suite la premi\u00e8re rue \u00e0 gauche \u00e0 l'arr\u00eat de bus (Atemhaus est indiqu\u00e9). Ensuite, au monument aux morts, prends \u00e0 nouveau \u00e0 gauche pour monter (Atemhaus est indiqu\u00e9). Ensuite, la mont\u00e9e est toujours raide... environ 3 km. Suivre toujours la route principale, qui fait un coude \u00e0 droite.  L\u00e0, ne pas aller tout droit mais continuer \u00e0 monter la colline \u00e0 droite jusqu'\u00e0 ce que tu arrives \u00e0 un croisement en T. L\u00e0, descends la colline \u00e0 gauche (Atemhaus est indiqu\u00e9) jusqu'\u00e0 ce que tu arrives chez nous. La route s'arr\u00eate ici. En cas de neige, tu as absolument besoin de pneus d'hiver, voire de cha\u00eenes \u00e0 neige ou au moins d'une concertation avec nous. Une petite aventure, mais magnifique, il faut juste faire attention aux chevreuils ou aux li\u00e8vres pendant l'approche...\u00a0<\/span><\/p>\t\t\t\t\t\t\t\t<\/div>\n\t\t\t\t<\/div>\n\t\t\t\t\t<\/div>\n\t\t\t\t<\/div>\n\t\t\t\t<\/div>","protected":false},"excerpt":{"rendered":"<p>La mani\u00e8re dont tu arrives chez nous en voiture d\u00e9pend bien s\u00fbr de l'endroit d'o\u00f9 tu viens. Depuis le sud (r\u00e9gion de Munich), je choisis souvent de passer par Regensburg (A93) pour me rendre \u00e0 Weiden...<\/p>","protected":false},"author":4,"featured_media":0,"parent":0,"menu_order":0,"comment_status":"closed","ping_status":"closed","template":"","meta":{"_EventAllDay":false,"_EventTimezone":"","_EventStartDate":"","_EventEndDate":"","_EventStartDateUTC":"","_EventEndDateUTC":"","_EventShowMap":false,"_EventShowMapLink":false,"_EventURL":"","_EventCost":"","_EventCostDescription":"","_EventCurrencySymbol":"","_EventCurrencyCode":"","_EventCurrencyPosition":"","_EventDateTimeSeparator":"","_EventTimeRangeSeparator":"","_EventOrganizerID":[],"_EventVenueID":[],"_OrganizerEmail":"","_OrganizerPhone":"","_OrganizerWebsite":"","_VenueAddress":"","_VenueCity":"","_VenueCountry":"","_VenueProvince":"","_VenueState":"","_VenueZip":"","_VenuePhone":"","_VenueURL":"","_VenueStateProvince":"","_VenueLat":"","_VenueLng":"","_VenueShowMap":false,"_VenueShowMapLink":false,"footnotes":""},"class_list":["post-581","page","type-page","status-publish","hentry"],"yoast_head":"<!-- This site is optimized with the Yoast SEO plugin v27.3 - https:\/\/yoast.com\/product\/yoast-seo-wordpress\/ -->\n<title>Anreise per Auto - Atemhaus Hubertushof [95505 Immenreuth]<\/title>\n<meta name=\"robots\" content=\"index, follow, max-snippet:-1, max-image-preview:large, max-video-preview:-1\" \/>\n<link rel=\"canonical\" href=\"https:\/\/atemhaus-hubertushof.de\/fr\/anreise-per-auto\/\" \/>\n<meta property=\"og:locale\" content=\"fr_FR\" \/>\n<meta property=\"og:type\" content=\"article\" \/>\n<meta property=\"og:title\" content=\"Anreise per Auto - Atemhaus Hubertushof [95505 Immenreuth]\" \/>\n<meta property=\"og:description\" content=\"Wie Du mit dem Auto zu uns kommst, h\u00e4ngt nat\u00fcrlich davon ab, woher Du kommst. Aus dem S\u00fcden (M\u00fcnchner Gegend) w\u00e4hle ich oft den Weg \u00fcber Regensburg (A93) nach Weiden&hellip;\" \/>\n<meta property=\"og:url\" content=\"https:\/\/atemhaus-hubertushof.de\/fr\/anreise-per-auto\/\" \/>\n<meta property=\"og:site_name\" content=\"Atemhaus Hubertushof [95505 Immenreuth]\" \/>\n<meta property=\"article:modified_time\" content=\"2024-09-23T07:09:43+00:00\" \/>\n<meta name=\"twitter:card\" content=\"summary_large_image\" \/>\n<meta name=\"twitter:label1\" content=\"Dur\u00e9e de lecture estim\u00e9e\" \/>\n\t<meta name=\"twitter:data1\" content=\"2 minutes\" \/>\n<script type=\"application\/ld+json\" class=\"yoast-schema-graph\">{\"@context\":\"https:\\\/\\\/schema.org\",\"@graph\":[{\"@type\":\"WebPage\",\"@id\":\"https:\\\/\\\/atemhaus-hubertushof.de\\\/anreise-per-auto\\\/\",\"url\":\"https:\\\/\\\/atemhaus-hubertushof.de\\\/anreise-per-auto\\\/\",\"name\":\"Anreise per Auto - Atemhaus Hubertushof [95505 Immenreuth]\",\"isPartOf\":{\"@id\":\"https:\\\/\\\/atemhaus-hubertushof.de\\\/#website\"},\"datePublished\":\"2021-03-01T17:00:16+00:00\",\"dateModified\":\"2024-09-23T07:09:43+00:00\",\"breadcrumb\":{\"@id\":\"https:\\\/\\\/atemhaus-hubertushof.de\\\/anreise-per-auto\\\/#breadcrumb\"},\"inLanguage\":\"fr-FR\",\"potentialAction\":[{\"@type\":\"ReadAction\",\"target\":[\"https:\\\/\\\/atemhaus-hubertushof.de\\\/anreise-per-auto\\\/\"]}]},{\"@type\":\"BreadcrumbList\",\"@id\":\"https:\\\/\\\/atemhaus-hubertushof.de\\\/anreise-per-auto\\\/#breadcrumb\",\"itemListElement\":[{\"@type\":\"ListItem\",\"position\":1,\"name\":\"Startseite\",\"item\":\"https:\\\/\\\/atemhaus-hubertushof.de\\\/\"},{\"@type\":\"ListItem\",\"position\":2,\"name\":\"Anreise per Auto\"}]},{\"@type\":\"WebSite\",\"@id\":\"https:\\\/\\\/atemhaus-hubertushof.de\\\/#website\",\"url\":\"https:\\\/\\\/atemhaus-hubertushof.de\\\/\",\"name\":\"Atemhaus Hubertushof [95505 Immenreuth]\",\"description\":\"\",\"publisher\":{\"@id\":\"https:\\\/\\\/atemhaus-hubertushof.de\\\/#organization\"},\"potentialAction\":[{\"@type\":\"SearchAction\",\"target\":{\"@type\":\"EntryPoint\",\"urlTemplate\":\"https:\\\/\\\/atemhaus-hubertushof.de\\\/?s={search_term_string}\"},\"query-input\":{\"@type\":\"PropertyValueSpecification\",\"valueRequired\":true,\"valueName\":\"search_term_string\"}}],\"inLanguage\":\"fr-FR\"},{\"@type\":\"Organization\",\"@id\":\"https:\\\/\\\/atemhaus-hubertushof.de\\\/#organization\",\"name\":\"Atemhaus Hubertushof [95505 Immenreuth]\",\"url\":\"https:\\\/\\\/atemhaus-hubertushof.de\\\/\",\"logo\":{\"@type\":\"ImageObject\",\"inLanguage\":\"fr-FR\",\"@id\":\"https:\\\/\\\/atemhaus-hubertushof.de\\\/#\\\/schema\\\/logo\\\/image\\\/\",\"url\":\"https:\\\/\\\/atemhaus-hubertushof.de\\\/wp-content\\\/uploads\\\/cropped-2-2.png\",\"contentUrl\":\"https:\\\/\\\/atemhaus-hubertushof.de\\\/wp-content\\\/uploads\\\/cropped-2-2.png\",\"width\":512,\"height\":512,\"caption\":\"Atemhaus Hubertushof [95505 Immenreuth]\"},\"image\":{\"@id\":\"https:\\\/\\\/atemhaus-hubertushof.de\\\/#\\\/schema\\\/logo\\\/image\\\/\"}}]}<\/script>\n<!-- \/ Yoast SEO plugin. -->","yoast_head_json":{"title":"Anreise per Auto - Atemhaus Hubertushof [95505 Immenreuth]","robots":{"index":"index","follow":"follow","max-snippet":"max-snippet:-1","max-image-preview":"max-image-preview:large","max-video-preview":"max-video-preview:-1"},"canonical":"https:\/\/atemhaus-hubertushof.de\/fr\/anreise-per-auto\/","og_locale":"fr_FR","og_type":"article","og_title":"Anreise per Auto - Atemhaus Hubertushof [95505 Immenreuth]","og_description":"Wie Du mit dem Auto zu uns kommst, h\u00e4ngt nat\u00fcrlich davon ab, woher Du kommst. Aus dem S\u00fcden (M\u00fcnchner Gegend) w\u00e4hle ich oft den Weg \u00fcber Regensburg (A93) nach Weiden&hellip;","og_url":"https:\/\/atemhaus-hubertushof.de\/fr\/anreise-per-auto\/","og_site_name":"Atemhaus Hubertushof [95505 Immenreuth]","article_modified_time":"2024-09-23T07:09:43+00:00","twitter_card":"summary_large_image","twitter_misc":{"Dur\u00e9e de lecture estim\u00e9e":"2 minutes"},"schema":{"@context":"https:\/\/schema.org","@graph":[{"@type":"WebPage","@id":"https:\/\/atemhaus-hubertushof.de\/anreise-per-auto\/","url":"https:\/\/atemhaus-hubertushof.de\/anreise-per-auto\/","name":"Anreise per Auto - Atemhaus Hubertushof [95505 Immenreuth]","isPartOf":{"@id":"https:\/\/atemhaus-hubertushof.de\/#website"},"datePublished":"2021-03-01T17:00:16+00:00","dateModified":"2024-09-23T07:09:43+00:00","breadcrumb":{"@id":"https:\/\/atemhaus-hubertushof.de\/anreise-per-auto\/#breadcrumb"},"inLanguage":"fr-FR","potentialAction":[{"@type":"ReadAction","target":["https:\/\/atemhaus-hubertushof.de\/anreise-per-auto\/"]}]},{"@type":"BreadcrumbList","@id":"https:\/\/atemhaus-hubertushof.de\/anreise-per-auto\/#breadcrumb","itemListElement":[{"@type":"ListItem","position":1,"name":"Startseite","item":"https:\/\/atemhaus-hubertushof.de\/"},{"@type":"ListItem","position":2,"name":"Anreise per Auto"}]},{"@type":"WebSite","@id":"https:\/\/atemhaus-hubertushof.de\/#website","url":"https:\/\/atemhaus-hubertushof.de\/","name":"Atemhaus Hubertushof [95505 Immenreuth]","description":"","publisher":{"@id":"https:\/\/atemhaus-hubertushof.de\/#organization"},"potentialAction":[{"@type":"SearchAction","target":{"@type":"EntryPoint","urlTemplate":"https:\/\/atemhaus-hubertushof.de\/?s={search_term_string}"},"query-input":{"@type":"PropertyValueSpecification","valueRequired":true,"valueName":"search_term_string"}}],"inLanguage":"fr-FR"},{"@type":"Organization","@id":"https:\/\/atemhaus-hubertushof.de\/#organization","name":"Atemhaus Hubertushof [95505 Immenreuth]","url":"https:\/\/atemhaus-hubertushof.de\/","logo":{"@type":"ImageObject","inLanguage":"fr-FR","@id":"https:\/\/atemhaus-hubertushof.de\/#\/schema\/logo\/image\/","url":"https:\/\/atemhaus-hubertushof.de\/wp-content\/uploads\/cropped-2-2.png","contentUrl":"https:\/\/atemhaus-hubertushof.de\/wp-content\/uploads\/cropped-2-2.png","width":512,"height":512,"caption":"Atemhaus Hubertushof [95505 Immenreuth]"},"image":{"@id":"https:\/\/atemhaus-hubertushof.de\/#\/schema\/logo\/image\/"}}]}},"jetpack_sharing_enabled":true,"_links":{"self":[{"href":"https:\/\/atemhaus-hubertushof.de\/fr\/wp-json\/wp\/v2\/pages\/581","targetHints":{"allow":["GET"]}}],"collection":[{"href":"https:\/\/atemhaus-hubertushof.de\/fr\/wp-json\/wp\/v2\/pages"}],"about":[{"href":"https:\/\/atemhaus-hubertushof.de\/fr\/wp-json\/wp\/v2\/types\/page"}],"author":[{"embeddable":true,"href":"https:\/\/atemhaus-hubertushof.de\/fr\/wp-json\/wp\/v2\/users\/4"}],"replies":[{"embeddable":true,"href":"https:\/\/atemhaus-hubertushof.de\/fr\/wp-json\/wp\/v2\/comments?post=581"}],"version-history":[{"count":6,"href":"https:\/\/atemhaus-hubertushof.de\/fr\/wp-json\/wp\/v2\/pages\/581\/revisions"}],"predecessor-version":[{"id":11133,"href":"https:\/\/atemhaus-hubertushof.de\/fr\/wp-json\/wp\/v2\/pages\/581\/revisions\/11133"}],"wp:attachment":[{"href":"https:\/\/atemhaus-hubertushof.de\/fr\/wp-json\/wp\/v2\/media?parent=581"}],"curies":[{"name":"wp","href":"https:\/\/api.w.org\/{rel}","templated":true}]}}