{"id":576,"date":"2021-03-01T16:57:08","date_gmt":"2021-03-01T16:57:08","guid":{"rendered":"https:\/\/www.atemhaus-hubertushof.de\/?page_id=576"},"modified":"2025-10-28T08:34:53","modified_gmt":"2025-10-28T07:34:53","slug":"ankunft-flughafen-nuernberg","status":"publish","type":"page","link":"https:\/\/atemhaus-hubertushof.de\/fr\/ankunft-flughafen-nuernberg\/","title":{"rendered":"Arriv\u00e9e a\u00e9roport N\u00fcrnberg"},"content":{"rendered":"<div data-elementor-type=\"wp-page\" data-elementor-id=\"576\" class=\"elementor elementor-576\" data-elementor-post-type=\"page\">\n\t\t\t\t<div class=\"elementor-element elementor-element-74df54ca e-flex e-con-boxed e-con e-parent\" data-id=\"74df54ca\" data-element_type=\"container\" data-e-type=\"container\">\n\t\t\t\t\t<div class=\"e-con-inner\">\n\t\t\t\t<div class=\"elementor-element elementor-element-6ec16ac4 elementor-widget elementor-widget-text-editor\" data-id=\"6ec16ac4\" data-element_type=\"widget\" data-e-type=\"widget\" data-widget_type=\"text-editor.default\">\n\t\t\t\t<div class=\"elementor-widget-container\">\n\t\t\t\t\t\t\t\t\t\n<p>Ach\u00e8te un billet de Bavi\u00e8re moins cher au guichet d'information (hall de d\u00e9part 2). Sinon, il y a un distributeur de billets au rez-de-chauss\u00e9e de la station de m\u00e9tro. Les prix des distributeurs de billets sont des prix pleins et sont plus chers. Il faut absolument valider le billet avant d'entrer dans le m\u00e9tro. Le prix du m\u00e9tro est inclus dans le Bayern-Ticket. Ensuite, prendre le S-Bahn U2 jusqu'\u00e0 la gare centrale de Nuremberg. Dure 12 minutes. Le m\u00e9tro circule toutes les 10 minutes. Il y a \u00e9ventuellement des variantes moins ch\u00e8res si tu r\u00e9serves \u00e0 l'avance, (demande toi-m\u00eame).<\/p>\n<p>De la gare centrale de Nuremberg, prendre le train via Pegnitz jusqu'\u00e0 Kirchenlaibach (58 minutes).<\/p>\n<p>Le premier train pour Pegnitz part \u00e0 00h22 ; le dernier train part \u00e0 22h57.<\/p>\n<p>Train direct en direction de Hof ou Cheb via Marktredwitz. Environ 33 minutes apr\u00e8s l'heure pleine (58 minutes de trajet) ou direction Bayreuth - tu dois alors changer \u00e0 Pegnitz (76 minutes de trajet).<\/p>\n<p>Flgh. Nuremberg 12 minutes U2 jusqu'\u00e0 la gare centrale de Nuremberg. De l\u00e0, 37 minutes en train, toutes les heures, (33 liaisons par jour) jusqu'\u00e0 Pegnitz. Pour Kirchenlaibach, 15 minutes en train, toutes les heures. Descendre \u00e0 cet endroit.\u00a0<\/p>\n<p>Le trajet complet en train direct dure 1 heure. Si tu dois changer de train, il te faudra 1 heure et 20 minutes. \u00c0 Kirchenlaibach, prends un taxi depuis la gare (r\u00e9servation n\u00e9cessaire - Taxi K\u00f6nig - +49 (0) 9275 275 ou +49 (0) 171 324 23 61) qui te d\u00e9posera devant notre porte. Cela co\u00fbte environ 35\u20ac.<\/p>\n<p>Dur\u00e9e totale du voyage : 1,5 heure.<\/p>\n\t\t\t\t\t\t\t\t<\/div>\n\t\t\t\t<\/div>\n\t\t\t\t\t<\/div>\n\t\t\t\t<\/div>\n\t\t\t\t<\/div>","protected":false},"excerpt":{"rendered":"<p>Ach\u00e8te un Bayernticket moins cher au guichet d'information (hall de d\u00e9part 2). Sinon, il y a un distributeur de billets au rez-de-chauss\u00e9e de la station de m\u00e9tro. Les prix des distributeurs de billets sont des prix pleins et plus chers. Il faut absolument acheter le billet avant...<\/p>","protected":false},"author":4,"featured_media":0,"parent":0,"menu_order":0,"comment_status":"closed","ping_status":"closed","template":"","meta":{"_EventAllDay":false,"_EventTimezone":"","_EventStartDate":"","_EventEndDate":"","_EventStartDateUTC":"","_EventEndDateUTC":"","_EventShowMap":false,"_EventShowMapLink":false,"_EventURL":"","_EventCost":"","_EventCostDescription":"","_EventCurrencySymbol":"","_EventCurrencyCode":"","_EventCurrencyPosition":"","_EventDateTimeSeparator":"","_EventTimeRangeSeparator":"","_EventOrganizerID":[],"_EventVenueID":[],"_OrganizerEmail":"","_OrganizerPhone":"","_OrganizerWebsite":"","_VenueAddress":"","_VenueCity":"","_VenueCountry":"","_VenueProvince":"","_VenueState":"","_VenueZip":"","_VenuePhone":"","_VenueURL":"","_VenueStateProvince":"","_VenueLat":"","_VenueLng":"","_VenueShowMap":false,"_VenueShowMapLink":false,"footnotes":""},"class_list":["post-576","page","type-page","status-publish","hentry"],"yoast_head":"<!-- This site is optimized with the Yoast SEO plugin v27.3 - https:\/\/yoast.com\/product\/yoast-seo-wordpress\/ -->\n<title>Ankunft Flughafen N\u00fcrnberg - Atemhaus Hubertushof [95505 Immenreuth]<\/title>\n<meta name=\"robots\" content=\"index, follow, max-snippet:-1, max-image-preview:large, max-video-preview:-1\" \/>\n<link rel=\"canonical\" href=\"https:\/\/atemhaus-hubertushof.de\/fr\/ankunft-flughafen-nuernberg\/\" \/>\n<meta property=\"og:locale\" content=\"fr_FR\" \/>\n<meta property=\"og:type\" content=\"article\" \/>\n<meta property=\"og:title\" content=\"Ankunft Flughafen N\u00fcrnberg - Atemhaus Hubertushof [95505 Immenreuth]\" \/>\n<meta property=\"og:description\" content=\"Kauf Dir ein Bayernticket am Informationsschalter (Abflughalle 2) billiger. Ansonsten gibt es in der U-Bahn-Station im Erdgeschoss einen Fahrkartenautomat. Die Preise am Fahrkartenautomaten sind Vollpreise und teurer. Unbedingt Fahrkarte vor&hellip;\" \/>\n<meta property=\"og:url\" content=\"https:\/\/atemhaus-hubertushof.de\/fr\/ankunft-flughafen-nuernberg\/\" \/>\n<meta property=\"og:site_name\" content=\"Atemhaus Hubertushof [95505 Immenreuth]\" \/>\n<meta property=\"article:modified_time\" content=\"2025-10-28T07:34:53+00:00\" \/>\n<meta name=\"twitter:card\" content=\"summary_large_image\" \/>\n<meta name=\"twitter:label1\" content=\"Dur\u00e9e de lecture estim\u00e9e\" \/>\n\t<meta name=\"twitter:data1\" content=\"2 minutes\" \/>\n<script type=\"application\/ld+json\" class=\"yoast-schema-graph\">{\"@context\":\"https:\\\/\\\/schema.org\",\"@graph\":[{\"@type\":\"WebPage\",\"@id\":\"https:\\\/\\\/atemhaus-hubertushof.de\\\/ankunft-flughafen-nuernberg\\\/\",\"url\":\"https:\\\/\\\/atemhaus-hubertushof.de\\\/ankunft-flughafen-nuernberg\\\/\",\"name\":\"Ankunft Flughafen N\u00fcrnberg - Atemhaus Hubertushof [95505 Immenreuth]\",\"isPartOf\":{\"@id\":\"https:\\\/\\\/atemhaus-hubertushof.de\\\/#website\"},\"datePublished\":\"2021-03-01T16:57:08+00:00\",\"dateModified\":\"2025-10-28T07:34:53+00:00\",\"breadcrumb\":{\"@id\":\"https:\\\/\\\/atemhaus-hubertushof.de\\\/ankunft-flughafen-nuernberg\\\/#breadcrumb\"},\"inLanguage\":\"fr-FR\",\"potentialAction\":[{\"@type\":\"ReadAction\",\"target\":[\"https:\\\/\\\/atemhaus-hubertushof.de\\\/ankunft-flughafen-nuernberg\\\/\"]}]},{\"@type\":\"BreadcrumbList\",\"@id\":\"https:\\\/\\\/atemhaus-hubertushof.de\\\/ankunft-flughafen-nuernberg\\\/#breadcrumb\",\"itemListElement\":[{\"@type\":\"ListItem\",\"position\":1,\"name\":\"Startseite\",\"item\":\"https:\\\/\\\/atemhaus-hubertushof.de\\\/\"},{\"@type\":\"ListItem\",\"position\":2,\"name\":\"Ankunft Flughafen N\u00fcrnberg\"}]},{\"@type\":\"WebSite\",\"@id\":\"https:\\\/\\\/atemhaus-hubertushof.de\\\/#website\",\"url\":\"https:\\\/\\\/atemhaus-hubertushof.de\\\/\",\"name\":\"Atemhaus Hubertushof [95505 Immenreuth]\",\"description\":\"\",\"publisher\":{\"@id\":\"https:\\\/\\\/atemhaus-hubertushof.de\\\/#organization\"},\"potentialAction\":[{\"@type\":\"SearchAction\",\"target\":{\"@type\":\"EntryPoint\",\"urlTemplate\":\"https:\\\/\\\/atemhaus-hubertushof.de\\\/?s={search_term_string}\"},\"query-input\":{\"@type\":\"PropertyValueSpecification\",\"valueRequired\":true,\"valueName\":\"search_term_string\"}}],\"inLanguage\":\"fr-FR\"},{\"@type\":\"Organization\",\"@id\":\"https:\\\/\\\/atemhaus-hubertushof.de\\\/#organization\",\"name\":\"Atemhaus Hubertushof [95505 Immenreuth]\",\"url\":\"https:\\\/\\\/atemhaus-hubertushof.de\\\/\",\"logo\":{\"@type\":\"ImageObject\",\"inLanguage\":\"fr-FR\",\"@id\":\"https:\\\/\\\/atemhaus-hubertushof.de\\\/#\\\/schema\\\/logo\\\/image\\\/\",\"url\":\"https:\\\/\\\/atemhaus-hubertushof.de\\\/wp-content\\\/uploads\\\/cropped-2-2.png\",\"contentUrl\":\"https:\\\/\\\/atemhaus-hubertushof.de\\\/wp-content\\\/uploads\\\/cropped-2-2.png\",\"width\":512,\"height\":512,\"caption\":\"Atemhaus Hubertushof [95505 Immenreuth]\"},\"image\":{\"@id\":\"https:\\\/\\\/atemhaus-hubertushof.de\\\/#\\\/schema\\\/logo\\\/image\\\/\"}}]}<\/script>\n<!-- \/ Yoast SEO plugin. -->","yoast_head_json":{"title":"Ankunft Flughafen N\u00fcrnberg - Atemhaus Hubertushof [95505 Immenreuth]","robots":{"index":"index","follow":"follow","max-snippet":"max-snippet:-1","max-image-preview":"max-image-preview:large","max-video-preview":"max-video-preview:-1"},"canonical":"https:\/\/atemhaus-hubertushof.de\/fr\/ankunft-flughafen-nuernberg\/","og_locale":"fr_FR","og_type":"article","og_title":"Ankunft Flughafen N\u00fcrnberg - Atemhaus Hubertushof [95505 Immenreuth]","og_description":"Kauf Dir ein Bayernticket am Informationsschalter (Abflughalle 2) billiger. Ansonsten gibt es in der U-Bahn-Station im Erdgeschoss einen Fahrkartenautomat. Die Preise am Fahrkartenautomaten sind Vollpreise und teurer. Unbedingt Fahrkarte vor&hellip;","og_url":"https:\/\/atemhaus-hubertushof.de\/fr\/ankunft-flughafen-nuernberg\/","og_site_name":"Atemhaus Hubertushof [95505 Immenreuth]","article_modified_time":"2025-10-28T07:34:53+00:00","twitter_card":"summary_large_image","twitter_misc":{"Dur\u00e9e de lecture estim\u00e9e":"2 minutes"},"schema":{"@context":"https:\/\/schema.org","@graph":[{"@type":"WebPage","@id":"https:\/\/atemhaus-hubertushof.de\/ankunft-flughafen-nuernberg\/","url":"https:\/\/atemhaus-hubertushof.de\/ankunft-flughafen-nuernberg\/","name":"Ankunft Flughafen N\u00fcrnberg - Atemhaus Hubertushof [95505 Immenreuth]","isPartOf":{"@id":"https:\/\/atemhaus-hubertushof.de\/#website"},"datePublished":"2021-03-01T16:57:08+00:00","dateModified":"2025-10-28T07:34:53+00:00","breadcrumb":{"@id":"https:\/\/atemhaus-hubertushof.de\/ankunft-flughafen-nuernberg\/#breadcrumb"},"inLanguage":"fr-FR","potentialAction":[{"@type":"ReadAction","target":["https:\/\/atemhaus-hubertushof.de\/ankunft-flughafen-nuernberg\/"]}]},{"@type":"BreadcrumbList","@id":"https:\/\/atemhaus-hubertushof.de\/ankunft-flughafen-nuernberg\/#breadcrumb","itemListElement":[{"@type":"ListItem","position":1,"name":"Startseite","item":"https:\/\/atemhaus-hubertushof.de\/"},{"@type":"ListItem","position":2,"name":"Ankunft Flughafen N\u00fcrnberg"}]},{"@type":"WebSite","@id":"https:\/\/atemhaus-hubertushof.de\/#website","url":"https:\/\/atemhaus-hubertushof.de\/","name":"Atemhaus Hubertushof [95505 Immenreuth]","description":"","publisher":{"@id":"https:\/\/atemhaus-hubertushof.de\/#organization"},"potentialAction":[{"@type":"SearchAction","target":{"@type":"EntryPoint","urlTemplate":"https:\/\/atemhaus-hubertushof.de\/?s={search_term_string}"},"query-input":{"@type":"PropertyValueSpecification","valueRequired":true,"valueName":"search_term_string"}}],"inLanguage":"fr-FR"},{"@type":"Organization","@id":"https:\/\/atemhaus-hubertushof.de\/#organization","name":"Atemhaus Hubertushof [95505 Immenreuth]","url":"https:\/\/atemhaus-hubertushof.de\/","logo":{"@type":"ImageObject","inLanguage":"fr-FR","@id":"https:\/\/atemhaus-hubertushof.de\/#\/schema\/logo\/image\/","url":"https:\/\/atemhaus-hubertushof.de\/wp-content\/uploads\/cropped-2-2.png","contentUrl":"https:\/\/atemhaus-hubertushof.de\/wp-content\/uploads\/cropped-2-2.png","width":512,"height":512,"caption":"Atemhaus Hubertushof [95505 Immenreuth]"},"image":{"@id":"https:\/\/atemhaus-hubertushof.de\/#\/schema\/logo\/image\/"}}]}},"jetpack_sharing_enabled":true,"_links":{"self":[{"href":"https:\/\/atemhaus-hubertushof.de\/fr\/wp-json\/wp\/v2\/pages\/576","targetHints":{"allow":["GET"]}}],"collection":[{"href":"https:\/\/atemhaus-hubertushof.de\/fr\/wp-json\/wp\/v2\/pages"}],"about":[{"href":"https:\/\/atemhaus-hubertushof.de\/fr\/wp-json\/wp\/v2\/types\/page"}],"author":[{"embeddable":true,"href":"https:\/\/atemhaus-hubertushof.de\/fr\/wp-json\/wp\/v2\/users\/4"}],"replies":[{"embeddable":true,"href":"https:\/\/atemhaus-hubertushof.de\/fr\/wp-json\/wp\/v2\/comments?post=576"}],"version-history":[{"count":6,"href":"https:\/\/atemhaus-hubertushof.de\/fr\/wp-json\/wp\/v2\/pages\/576\/revisions"}],"predecessor-version":[{"id":11130,"href":"https:\/\/atemhaus-hubertushof.de\/fr\/wp-json\/wp\/v2\/pages\/576\/revisions\/11130"}],"wp:attachment":[{"href":"https:\/\/atemhaus-hubertushof.de\/fr\/wp-json\/wp\/v2\/media?parent=576"}],"curies":[{"name":"wp","href":"https:\/\/api.w.org\/{rel}","templated":true}]}}