{"id":574,"date":"2021-03-01T16:56:16","date_gmt":"2021-03-01T16:56:16","guid":{"rendered":"https:\/\/www.atemhaus-hubertushof.de\/?page_id=574"},"modified":"2024-09-23T09:13:40","modified_gmt":"2024-09-23T07:13:40","slug":"ankunft-flughafen-muenchen","status":"publish","type":"page","link":"https:\/\/atemhaus-hubertushof.de\/fr\/ankunft-flughafen-muenchen\/","title":{"rendered":"Arriv\u00e9e \u00e0 l'a\u00e9roport de Munich"},"content":{"rendered":"<div data-elementor-type=\"wp-page\" data-elementor-id=\"574\" class=\"elementor elementor-574\" data-elementor-post-type=\"page\">\n\t\t\t\t<div class=\"elementor-element elementor-element-671f816 e-flex e-con-boxed e-con e-parent\" data-id=\"671f816\" data-element_type=\"container\" data-e-type=\"container\">\n\t\t\t\t\t<div class=\"e-con-inner\">\n\t\t\t\t<div class=\"elementor-element elementor-element-4364e32 elementor-widget elementor-widget-text-editor\" data-id=\"4364e32\" data-element_type=\"widget\" data-e-type=\"widget\" data-widget_type=\"text-editor.default\">\n\t\t\t\t<div class=\"elementor-widget-container\">\n\t\t\t\t\t\t\t\t\t<p>Trouve le guichet d'information devant l'escalator menant \u00e0 la station de m\u00e9tro (suis les panneaux indiquant le terminal 1 du S-Bahn). Ach\u00e8te un Bayernticket (voir info ci-dessous) et dis : destination finale Kemnath\/ Immenreuth. Descends les escaliers roulants et de l\u00e0, prends le train direct pour Regensburg.<\/p><p>Les trains partent toutes les heures \u00e0 partir de 01h28... chaque fois 28 minutes apr\u00e8s l'heure pleine, par ex. 18h28, 19h28, 20h28, 21h28, 22h28, 23h28. Il s'agit d'un train direct pour Regensburg. L\u00e0, tu dois changer de train.<\/p><p>Possibilit\u00e9 1 (d\u00e9pend de la meilleure connexion - en fonction de ton heure d'arriv\u00e9e)\u00a0<\/p><p>Gare centrale de Regensburg - vers Weiden (avec le train en direction de Hof)<\/p><p>Changer \u00e0 cet endroit - temps de connexion de quelques minutes seulement ( !)<\/p><p>Weiden (Oberpf) vers \/ Kemnath-Neustadt (avec le train en direction de Bayreuth)<\/p><p>Descends \u00e0 Kemnath.<\/p><p>A la gare de Kemnath, prends un taxi (r\u00e9servation obligatoire).<br \/>TAXI Priebe +49 (0) 9642 704540 ou +49 (0)175 8288113),<br \/>qui te d\u00e9pose \u00e0 notre porte. Co\u00fbte environ 35\u20ac (peut-\u00eatre moins).<\/p><p>Possibilit\u00e9 2 (selon la meilleure connexion - en fonction de ton heure d'arriv\u00e9e)<\/p><p>Gare centrale de Regensburg \u00e0 Marktredwitz (avec le train en direction de Hof)<\/p><p>Changer \u00e0 cet endroit - temps de connexion de quelques minutes seulement( !)<\/p><p>Marktredwitz \u00e0 Kirchenlaibach (en train en direction de Bayreuth)<\/p><p>Descendre \u00e0 Kirchenlaibach<\/p><p>A Kirchenlaibach, prends un taxi \u00e0 la gare (r\u00e9servation obligatoire).<br \/>Taxi K\u00f6nig - +49 (0) 9275 275 ou +49 (0) 171 324 23 61),<br \/>qui te d\u00e9pose \u00e0 notre porte. Co\u00fbt : environ 35\u20ac.<\/p><p>Dur\u00e9e totale du trajet depuis l'a\u00e9roport : environ 3 heures<\/p>\t\t\t\t\t\t\t\t<\/div>\n\t\t\t\t<\/div>\n\t\t\t\t<div class=\"elementor-element elementor-element-e6347bc elementor-widget elementor-widget-spacer\" data-id=\"e6347bc\" data-element_type=\"widget\" data-e-type=\"widget\" data-widget_type=\"spacer.default\">\n\t\t\t\t<div class=\"elementor-widget-container\">\n\t\t\t\t\t\t\t<div class=\"elementor-spacer\">\n\t\t\t<div class=\"elementor-spacer-inner\"><\/div>\n\t\t<\/div>\n\t\t\t\t\t\t<\/div>\n\t\t\t\t<\/div>\n\t\t\t\t<div class=\"elementor-element elementor-element-f61bd7d elementor-widget elementor-widget-heading\" data-id=\"f61bd7d\" data-element_type=\"widget\" data-e-type=\"widget\" data-widget_type=\"heading.default\">\n\t\t\t\t<div class=\"elementor-widget-container\">\n\t\t\t\t\t<h2 class=\"elementor-heading-title elementor-size-default\">Alternative<\/h2>\t\t\t\t<\/div>\n\t\t\t\t<\/div>\n\t\t\t\t<div class=\"elementor-element elementor-element-6686b70 elementor-widget elementor-widget-text-editor\" data-id=\"6686b70\" data-element_type=\"widget\" data-e-type=\"widget\" data-widget_type=\"text-editor.default\">\n\t\t\t\t<div class=\"elementor-widget-container\">\n\t\t\t\t\t\t\t\t\t<p><span style=\"font-weight: 400;\">prendre le S-Bahn jusqu'\u00e0 la gare centrale de Munich et y prendre l'ICE pour Nuremberg (r\u00e9server imp\u00e9rativement \u00e0 l'avance). De l\u00e0, voir l'arriv\u00e9e \u00e0 l'a\u00e9roport de Nuremberg<\/span><\/p>\t\t\t\t\t\t\t\t<\/div>\n\t\t\t\t<\/div>\n\t\t\t\t\t<\/div>\n\t\t\t\t<\/div>\n\t\t\t\t<\/div>","protected":false},"excerpt":{"rendered":"<p>Trouve le guichet d'information devant l'escalator menant \u00e0 la station de m\u00e9tro (suis les panneaux indiquant le terminal 1 du S-Bahn). Ach\u00e8te un Bayernticket (voir info ci-dessous) et dis : destination finale Kemnath\/ Immenreuth. Prends les escalators...<\/p>","protected":false},"author":4,"featured_media":0,"parent":0,"menu_order":0,"comment_status":"closed","ping_status":"closed","template":"","meta":{"_EventAllDay":false,"_EventTimezone":"","_EventStartDate":"","_EventEndDate":"","_EventStartDateUTC":"","_EventEndDateUTC":"","_EventShowMap":false,"_EventShowMapLink":false,"_EventURL":"","_EventCost":"","_EventCostDescription":"","_EventCurrencySymbol":"","_EventCurrencyCode":"","_EventCurrencyPosition":"","_EventDateTimeSeparator":"","_EventTimeRangeSeparator":"","_EventOrganizerID":[],"_EventVenueID":[],"_OrganizerEmail":"","_OrganizerPhone":"","_OrganizerWebsite":"","_VenueAddress":"","_VenueCity":"","_VenueCountry":"","_VenueProvince":"","_VenueState":"","_VenueZip":"","_VenuePhone":"","_VenueURL":"","_VenueStateProvince":"","_VenueLat":"","_VenueLng":"","_VenueShowMap":false,"_VenueShowMapLink":false,"footnotes":""},"class_list":["post-574","page","type-page","status-publish","hentry"],"yoast_head":"<!-- This site is optimized with the Yoast SEO plugin v27.3 - https:\/\/yoast.com\/product\/yoast-seo-wordpress\/ -->\n<title>Ankunft Flughafen M\u00fcnchen - Atemhaus Hubertushof [95505 Immenreuth]<\/title>\n<meta name=\"robots\" content=\"index, follow, max-snippet:-1, max-image-preview:large, max-video-preview:-1\" \/>\n<link rel=\"canonical\" href=\"https:\/\/atemhaus-hubertushof.de\/fr\/ankunft-flughafen-muenchen\/\" \/>\n<meta property=\"og:locale\" content=\"fr_FR\" \/>\n<meta property=\"og:type\" content=\"article\" \/>\n<meta property=\"og:title\" content=\"Ankunft Flughafen M\u00fcnchen - Atemhaus Hubertushof [95505 Immenreuth]\" \/>\n<meta property=\"og:description\" content=\"Finde den Informationsschalter vor der Rolltreppe zur U-Bahn-Station (folge den Schildern zur S-Bahn Terminal 1). Kauf Dir ein Bayernticket (Info siehe unten) und sage: Endziel Kemnath\/ Immenreuth. Geh die Rolltreppen&hellip;\" \/>\n<meta property=\"og:url\" content=\"https:\/\/atemhaus-hubertushof.de\/fr\/ankunft-flughafen-muenchen\/\" \/>\n<meta property=\"og:site_name\" content=\"Atemhaus Hubertushof [95505 Immenreuth]\" \/>\n<meta property=\"article:modified_time\" content=\"2024-09-23T07:13:40+00:00\" \/>\n<meta name=\"twitter:card\" content=\"summary_large_image\" \/>\n<meta name=\"twitter:label1\" content=\"Dur\u00e9e de lecture estim\u00e9e\" \/>\n\t<meta name=\"twitter:data1\" content=\"2 minutes\" \/>\n<script type=\"application\/ld+json\" class=\"yoast-schema-graph\">{\"@context\":\"https:\\\/\\\/schema.org\",\"@graph\":[{\"@type\":\"WebPage\",\"@id\":\"https:\\\/\\\/atemhaus-hubertushof.de\\\/ankunft-flughafen-muenchen\\\/\",\"url\":\"https:\\\/\\\/atemhaus-hubertushof.de\\\/ankunft-flughafen-muenchen\\\/\",\"name\":\"Ankunft Flughafen M\u00fcnchen - Atemhaus Hubertushof [95505 Immenreuth]\",\"isPartOf\":{\"@id\":\"https:\\\/\\\/atemhaus-hubertushof.de\\\/#website\"},\"datePublished\":\"2021-03-01T16:56:16+00:00\",\"dateModified\":\"2024-09-23T07:13:40+00:00\",\"breadcrumb\":{\"@id\":\"https:\\\/\\\/atemhaus-hubertushof.de\\\/ankunft-flughafen-muenchen\\\/#breadcrumb\"},\"inLanguage\":\"fr-FR\",\"potentialAction\":[{\"@type\":\"ReadAction\",\"target\":[\"https:\\\/\\\/atemhaus-hubertushof.de\\\/ankunft-flughafen-muenchen\\\/\"]}]},{\"@type\":\"BreadcrumbList\",\"@id\":\"https:\\\/\\\/atemhaus-hubertushof.de\\\/ankunft-flughafen-muenchen\\\/#breadcrumb\",\"itemListElement\":[{\"@type\":\"ListItem\",\"position\":1,\"name\":\"Startseite\",\"item\":\"https:\\\/\\\/atemhaus-hubertushof.de\\\/\"},{\"@type\":\"ListItem\",\"position\":2,\"name\":\"Ankunft Flughafen M\u00fcnchen\"}]},{\"@type\":\"WebSite\",\"@id\":\"https:\\\/\\\/atemhaus-hubertushof.de\\\/#website\",\"url\":\"https:\\\/\\\/atemhaus-hubertushof.de\\\/\",\"name\":\"Atemhaus Hubertushof [95505 Immenreuth]\",\"description\":\"\",\"publisher\":{\"@id\":\"https:\\\/\\\/atemhaus-hubertushof.de\\\/#organization\"},\"potentialAction\":[{\"@type\":\"SearchAction\",\"target\":{\"@type\":\"EntryPoint\",\"urlTemplate\":\"https:\\\/\\\/atemhaus-hubertushof.de\\\/?s={search_term_string}\"},\"query-input\":{\"@type\":\"PropertyValueSpecification\",\"valueRequired\":true,\"valueName\":\"search_term_string\"}}],\"inLanguage\":\"fr-FR\"},{\"@type\":\"Organization\",\"@id\":\"https:\\\/\\\/atemhaus-hubertushof.de\\\/#organization\",\"name\":\"Atemhaus Hubertushof [95505 Immenreuth]\",\"url\":\"https:\\\/\\\/atemhaus-hubertushof.de\\\/\",\"logo\":{\"@type\":\"ImageObject\",\"inLanguage\":\"fr-FR\",\"@id\":\"https:\\\/\\\/atemhaus-hubertushof.de\\\/#\\\/schema\\\/logo\\\/image\\\/\",\"url\":\"https:\\\/\\\/atemhaus-hubertushof.de\\\/wp-content\\\/uploads\\\/cropped-2-2.png\",\"contentUrl\":\"https:\\\/\\\/atemhaus-hubertushof.de\\\/wp-content\\\/uploads\\\/cropped-2-2.png\",\"width\":512,\"height\":512,\"caption\":\"Atemhaus Hubertushof [95505 Immenreuth]\"},\"image\":{\"@id\":\"https:\\\/\\\/atemhaus-hubertushof.de\\\/#\\\/schema\\\/logo\\\/image\\\/\"}}]}<\/script>\n<!-- \/ Yoast SEO plugin. -->","yoast_head_json":{"title":"Ankunft Flughafen M\u00fcnchen - Atemhaus Hubertushof [95505 Immenreuth]","robots":{"index":"index","follow":"follow","max-snippet":"max-snippet:-1","max-image-preview":"max-image-preview:large","max-video-preview":"max-video-preview:-1"},"canonical":"https:\/\/atemhaus-hubertushof.de\/fr\/ankunft-flughafen-muenchen\/","og_locale":"fr_FR","og_type":"article","og_title":"Ankunft Flughafen M\u00fcnchen - Atemhaus Hubertushof [95505 Immenreuth]","og_description":"Finde den Informationsschalter vor der Rolltreppe zur U-Bahn-Station (folge den Schildern zur S-Bahn Terminal 1). Kauf Dir ein Bayernticket (Info siehe unten) und sage: Endziel Kemnath\/ Immenreuth. Geh die Rolltreppen&hellip;","og_url":"https:\/\/atemhaus-hubertushof.de\/fr\/ankunft-flughafen-muenchen\/","og_site_name":"Atemhaus Hubertushof [95505 Immenreuth]","article_modified_time":"2024-09-23T07:13:40+00:00","twitter_card":"summary_large_image","twitter_misc":{"Dur\u00e9e de lecture estim\u00e9e":"2 minutes"},"schema":{"@context":"https:\/\/schema.org","@graph":[{"@type":"WebPage","@id":"https:\/\/atemhaus-hubertushof.de\/ankunft-flughafen-muenchen\/","url":"https:\/\/atemhaus-hubertushof.de\/ankunft-flughafen-muenchen\/","name":"Ankunft Flughafen M\u00fcnchen - Atemhaus Hubertushof [95505 Immenreuth]","isPartOf":{"@id":"https:\/\/atemhaus-hubertushof.de\/#website"},"datePublished":"2021-03-01T16:56:16+00:00","dateModified":"2024-09-23T07:13:40+00:00","breadcrumb":{"@id":"https:\/\/atemhaus-hubertushof.de\/ankunft-flughafen-muenchen\/#breadcrumb"},"inLanguage":"fr-FR","potentialAction":[{"@type":"ReadAction","target":["https:\/\/atemhaus-hubertushof.de\/ankunft-flughafen-muenchen\/"]}]},{"@type":"BreadcrumbList","@id":"https:\/\/atemhaus-hubertushof.de\/ankunft-flughafen-muenchen\/#breadcrumb","itemListElement":[{"@type":"ListItem","position":1,"name":"Startseite","item":"https:\/\/atemhaus-hubertushof.de\/"},{"@type":"ListItem","position":2,"name":"Ankunft Flughafen M\u00fcnchen"}]},{"@type":"WebSite","@id":"https:\/\/atemhaus-hubertushof.de\/#website","url":"https:\/\/atemhaus-hubertushof.de\/","name":"Atemhaus Hubertushof [95505 Immenreuth]","description":"","publisher":{"@id":"https:\/\/atemhaus-hubertushof.de\/#organization"},"potentialAction":[{"@type":"SearchAction","target":{"@type":"EntryPoint","urlTemplate":"https:\/\/atemhaus-hubertushof.de\/?s={search_term_string}"},"query-input":{"@type":"PropertyValueSpecification","valueRequired":true,"valueName":"search_term_string"}}],"inLanguage":"fr-FR"},{"@type":"Organization","@id":"https:\/\/atemhaus-hubertushof.de\/#organization","name":"Atemhaus Hubertushof [95505 Immenreuth]","url":"https:\/\/atemhaus-hubertushof.de\/","logo":{"@type":"ImageObject","inLanguage":"fr-FR","@id":"https:\/\/atemhaus-hubertushof.de\/#\/schema\/logo\/image\/","url":"https:\/\/atemhaus-hubertushof.de\/wp-content\/uploads\/cropped-2-2.png","contentUrl":"https:\/\/atemhaus-hubertushof.de\/wp-content\/uploads\/cropped-2-2.png","width":512,"height":512,"caption":"Atemhaus Hubertushof [95505 Immenreuth]"},"image":{"@id":"https:\/\/atemhaus-hubertushof.de\/#\/schema\/logo\/image\/"}}]}},"jetpack_sharing_enabled":true,"_links":{"self":[{"href":"https:\/\/atemhaus-hubertushof.de\/fr\/wp-json\/wp\/v2\/pages\/574","targetHints":{"allow":["GET"]}}],"collection":[{"href":"https:\/\/atemhaus-hubertushof.de\/fr\/wp-json\/wp\/v2\/pages"}],"about":[{"href":"https:\/\/atemhaus-hubertushof.de\/fr\/wp-json\/wp\/v2\/types\/page"}],"author":[{"embeddable":true,"href":"https:\/\/atemhaus-hubertushof.de\/fr\/wp-json\/wp\/v2\/users\/4"}],"replies":[{"embeddable":true,"href":"https:\/\/atemhaus-hubertushof.de\/fr\/wp-json\/wp\/v2\/comments?post=574"}],"version-history":[{"count":9,"href":"https:\/\/atemhaus-hubertushof.de\/fr\/wp-json\/wp\/v2\/pages\/574\/revisions"}],"predecessor-version":[{"id":11136,"href":"https:\/\/atemhaus-hubertushof.de\/fr\/wp-json\/wp\/v2\/pages\/574\/revisions\/11136"}],"wp:attachment":[{"href":"https:\/\/atemhaus-hubertushof.de\/fr\/wp-json\/wp\/v2\/media?parent=574"}],"curies":[{"name":"wp","href":"https:\/\/api.w.org\/{rel}","templated":true}]}}