{"id":567,"date":"2021-02-22T19:21:32","date_gmt":"2021-02-22T19:21:32","guid":{"rendered":"https:\/\/www.atemhaus-hubertushof.de\/?page_id=567"},"modified":"2024-10-10T18:36:28","modified_gmt":"2024-10-10T16:36:28","slug":"verpflegung","status":"publish","type":"page","link":"https:\/\/atemhaus-hubertushof.de\/fr\/verpflegung\/","title":{"rendered":"Restauration"},"content":{"rendered":"<div data-elementor-type=\"wp-page\" data-elementor-id=\"567\" class=\"elementor elementor-567\" data-elementor-post-type=\"page\">\n\t\t\t\t<div class=\"elementor-element elementor-element-806a2e7 e-flex e-con-boxed e-con e-parent\" data-id=\"806a2e7\" data-element_type=\"container\" data-e-type=\"container\">\n\t\t\t\t\t<div class=\"e-con-inner\">\n\t\t\t\t<div class=\"elementor-element elementor-element-f53dbbe elementor-widget elementor-widget-text-editor\" data-id=\"f53dbbe\" data-element_type=\"widget\" data-e-type=\"widget\" data-widget_type=\"text-editor.default\">\n\t\t\t\t<div class=\"elementor-widget-container\">\n\t\t\t\t\t\t\t\t\t<h2 class=\"wp-block-heading has-text-align-center\">Notre nourriture<\/h2><h4 class=\"wp-block-heading has-text-align-center\">Des repas sains et pleins d'amour<\/h4><p>Nous sommes une maison v\u00e9g\u00e9tarienne et proposons des repas riches en substances vitales et si possible organiques en pension compl\u00e8te. Jardin autosuffisant et, dans la mesure du possible, aliments r\u00e9gionaux. Eau vivante de notre propre source, tisanes de la r\u00e9serve naturelle.<\/p><p>Merci de nous informer lors de la r\u00e9servation de ta chambre ou jusqu'\u00e0 14 jours avant l'\u00e9v\u00e9nement de tes \u00e9ventuelles demandes de repas sp\u00e9ciaux, sinon nous ne pourrons plus y r\u00e9pondre.<\/p><p>Nous attachons une grande importance \u00e0 la pr\u00e9paration d\u00e9licate des repas. Les aspects suivants sont particuli\u00e8rement importants pour nous : savoureux, sains, vari\u00e9s et riches, mais pas lourds.<\/p>\t\t\t\t\t\t\t\t<\/div>\n\t\t\t\t<\/div>\n\t\t\t\t<div class=\"elementor-element elementor-element-1cac001 elementor-widget elementor-widget-button\" data-id=\"1cac001\" data-element_type=\"widget\" data-e-type=\"widget\" data-widget_type=\"button.default\">\n\t\t\t\t<div class=\"elementor-widget-container\">\n\t\t\t\t\t\t\t\t\t<div class=\"elementor-button-wrapper\">\n\t\t\t\t\t<a class=\"elementor-button elementor-button-link elementor-size-sm\" href=\"https:\/\/atemhaus-hubertushof.de\/fr\/uebernachtung-buchen\/\">\n\t\t\t\t\t\t<span class=\"elementor-button-content-wrapper\">\n\t\t\t\t\t\t\t\t\t<span class=\"elementor-button-text\">R\u00e9server une nuit\u00e9e<\/span>\n\t\t\t\t\t<\/span>\n\t\t\t\t\t<\/a>\n\t\t\t\t<\/div>\n\t\t\t\t\t\t\t\t<\/div>\n\t\t\t\t<\/div>\n\t\t\t\t\t<\/div>\n\t\t\t\t<\/div>\n\t\t<div class=\"elementor-element elementor-element-463b0ec e-flex e-con-boxed e-con e-parent\" data-id=\"463b0ec\" data-element_type=\"container\" data-e-type=\"container\">\n\t\t\t\t\t<div class=\"e-con-inner\">\n\t\t\t\t<div class=\"elementor-element elementor-element-f624de7 elementor-widget elementor-widget-gallery\" data-id=\"f624de7\" data-element_type=\"widget\" data-e-type=\"widget\" data-settings=\"{&quot;gallery_layout&quot;:&quot;masonry&quot;,&quot;columns&quot;:2,&quot;lazyload&quot;:&quot;yes&quot;,&quot;columns_tablet&quot;:2,&quot;columns_mobile&quot;:1,&quot;gap&quot;:{&quot;unit&quot;:&quot;px&quot;,&quot;size&quot;:10,&quot;sizes&quot;:[]},&quot;gap_tablet&quot;:{&quot;unit&quot;:&quot;px&quot;,&quot;size&quot;:10,&quot;sizes&quot;:[]},&quot;gap_mobile&quot;:{&quot;unit&quot;:&quot;px&quot;,&quot;size&quot;:10,&quot;sizes&quot;:[]},&quot;link_to&quot;:&quot;file&quot;,&quot;overlay_background&quot;:&quot;yes&quot;,&quot;content_hover_animation&quot;:&quot;fade-in&quot;}\" data-widget_type=\"gallery.default\">\n\t\t\t\t<div class=\"elementor-widget-container\">\n\t\t\t\t\t\t\t<div class=\"elementor-gallery__container\">\n\t\t\t\t\t\t\t<a class=\"e-gallery-item elementor-gallery-item elementor-animated-content\" href=\"https:\/\/atemhaus-hubertushof.de\/wp-content\/uploads\/DSC04791.jpg\" data-elementor-open-lightbox=\"yes\" data-elementor-lightbox-slideshow=\"f624de7\" data-elementor-lightbox-title=\"DSC04791\" data-e-action-hash=\"#elementor-action%3Aaction%3Dlightbox%26settings%3DeyJpZCI6MjM4MywidXJsIjoiaHR0cHM6XC9cL2F0ZW1oYXVzLWh1YmVydHVzaG9mLmRlXC93cC1jb250ZW50XC91cGxvYWRzXC9EU0MwNDc5MS5qcGciLCJzbGlkZXNob3ciOiJmNjI0ZGU3In0%3D\">\n\t\t\t\t\t<div class=\"e-gallery-image elementor-gallery-item__image\" data-thumbnail=\"https:\/\/atemhaus-hubertushof.de\/wp-content\/uploads\/DSC04791.jpg\" data-width=\"2048\" data-height=\"1365\" aria-label=\"\" role=\"img\" ><\/div>\n\t\t\t\t\t\t\t\t\t\t\t<div class=\"elementor-gallery-item__overlay\"><\/div>\n\t\t\t\t\t\t\t\t\t\t\t\t\t\t<\/a>\n\t\t\t\t\t\t\t<a class=\"e-gallery-item elementor-gallery-item elementor-animated-content\" href=\"https:\/\/atemhaus-hubertushof.de\/wp-content\/uploads\/IMG_102FF3742753-1.jpeg\" data-elementor-open-lightbox=\"yes\" data-elementor-lightbox-slideshow=\"f624de7\" data-elementor-lightbox-title=\"IMG_102FF3742753-1\" data-e-action-hash=\"#elementor-action%3Aaction%3Dlightbox%26settings%3DeyJpZCI6MTA1NTIsInVybCI6Imh0dHBzOlwvXC9hdGVtaGF1cy1odWJlcnR1c2hvZi5kZVwvd3AtY29udGVudFwvdXBsb2Fkc1wvSU1HXzEwMkZGMzc0Mjc1My0xLmpwZWciLCJzbGlkZXNob3ciOiJmNjI0ZGU3In0%3D\">\n\t\t\t\t\t<div class=\"e-gallery-image elementor-gallery-item__image\" data-thumbnail=\"https:\/\/atemhaus-hubertushof.de\/wp-content\/uploads\/IMG_102FF3742753-1.jpeg\" data-width=\"960\" data-height=\"1280\" aria-label=\"\" role=\"img\" ><\/div>\n\t\t\t\t\t\t\t\t\t\t\t<div class=\"elementor-gallery-item__overlay\"><\/div>\n\t\t\t\t\t\t\t\t\t\t\t\t\t\t<\/a>\n\t\t\t\t\t\t\t<a class=\"e-gallery-item elementor-gallery-item elementor-animated-content\" href=\"https:\/\/atemhaus-hubertushof.de\/wp-content\/uploads\/Unseres-Brot.jpg\" data-elementor-open-lightbox=\"yes\" data-elementor-lightbox-slideshow=\"f624de7\" data-elementor-lightbox-title=\"Unseres Brot\" data-e-action-hash=\"#elementor-action%3Aaction%3Dlightbox%26settings%3DeyJpZCI6MTA1NTEsInVybCI6Imh0dHBzOlwvXC9hdGVtaGF1cy1odWJlcnR1c2hvZi5kZVwvd3AtY29udGVudFwvdXBsb2Fkc1wvVW5zZXJlcy1Ccm90LmpwZyIsInNsaWRlc2hvdyI6ImY2MjRkZTcifQ%3D%3D\">\n\t\t\t\t\t<div class=\"e-gallery-image elementor-gallery-item__image\" data-thumbnail=\"https:\/\/atemhaus-hubertushof.de\/wp-content\/uploads\/Unseres-Brot.jpg\" data-width=\"1200\" data-height=\"1600\" aria-label=\"\" role=\"img\" ><\/div>\n\t\t\t\t\t\t\t\t\t\t\t<div class=\"elementor-gallery-item__overlay\"><\/div>\n\t\t\t\t\t\t\t\t\t\t\t\t\t\t<\/a>\n\t\t\t\t\t\t\t<a class=\"e-gallery-item elementor-gallery-item elementor-animated-content\" href=\"https:\/\/atemhaus-hubertushof.de\/wp-content\/uploads\/IMG_1967.jpg\" data-elementor-open-lightbox=\"yes\" data-elementor-lightbox-slideshow=\"f624de7\" data-elementor-lightbox-title=\"IMG_1967\" data-e-action-hash=\"#elementor-action%3Aaction%3Dlightbox%26settings%3DeyJpZCI6MTYyNCwidXJsIjoiaHR0cHM6XC9cL2F0ZW1oYXVzLWh1YmVydHVzaG9mLmRlXC93cC1jb250ZW50XC91cGxvYWRzXC9JTUdfMTk2Ny5qcGciLCJzbGlkZXNob3ciOiJmNjI0ZGU3In0%3D\">\n\t\t\t\t\t<div class=\"e-gallery-image elementor-gallery-item__image\" data-thumbnail=\"https:\/\/atemhaus-hubertushof.de\/wp-content\/uploads\/IMG_1967.jpg\" data-width=\"720\" data-height=\"1280\" aria-label=\"\" role=\"img\" ><\/div>\n\t\t\t\t\t\t\t\t\t\t\t<div class=\"elementor-gallery-item__overlay\"><\/div>\n\t\t\t\t\t\t\t\t\t\t\t\t\t\t<\/a>\n\t\t\t\t\t\t\t<a class=\"e-gallery-item elementor-gallery-item elementor-animated-content\" href=\"https:\/\/atemhaus-hubertushof.de\/wp-content\/uploads\/11eb48ec-2c17-4bf1-b392-939d0d51aac1.jpg\" data-elementor-open-lightbox=\"yes\" data-elementor-lightbox-slideshow=\"f624de7\" data-elementor-lightbox-title=\"11eb48ec-2c17-4bf1-b392-939d0d51aac1\" data-e-action-hash=\"#elementor-action%3Aaction%3Dlightbox%26settings%3DeyJpZCI6MTA1NTAsInVybCI6Imh0dHBzOlwvXC9hdGVtaGF1cy1odWJlcnR1c2hvZi5kZVwvd3AtY29udGVudFwvdXBsb2Fkc1wvMTFlYjQ4ZWMtMmMxNy00YmYxLWIzOTItOTM5ZDBkNTFhYWMxLmpwZyIsInNsaWRlc2hvdyI6ImY2MjRkZTcifQ%3D%3D\">\n\t\t\t\t\t<div class=\"e-gallery-image elementor-gallery-item__image\" data-thumbnail=\"https:\/\/atemhaus-hubertushof.de\/wp-content\/uploads\/11eb48ec-2c17-4bf1-b392-939d0d51aac1.jpg\" data-width=\"1200\" data-height=\"1600\" aria-label=\"\" role=\"img\" ><\/div>\n\t\t\t\t\t\t\t\t\t\t\t<div class=\"elementor-gallery-item__overlay\"><\/div>\n\t\t\t\t\t\t\t\t\t\t\t\t\t\t<\/a>\n\t\t\t\t\t\t\t<a class=\"e-gallery-item elementor-gallery-item elementor-animated-content\" href=\"https:\/\/atemhaus-hubertushof.de\/wp-content\/uploads\/20200725_131342-scaled-2.jpg\" data-elementor-open-lightbox=\"yes\" data-elementor-lightbox-slideshow=\"f624de7\" data-elementor-lightbox-title=\"20200725_131342\" data-e-action-hash=\"#elementor-action%3Aaction%3Dlightbox%26settings%3DeyJpZCI6ODQxMCwidXJsIjoiaHR0cHM6XC9cL2F0ZW1oYXVzLWh1YmVydHVzaG9mLmRlXC93cC1jb250ZW50XC91cGxvYWRzXC8yMDIwMDcyNV8xMzEzNDItc2NhbGVkLTIuanBnIiwic2xpZGVzaG93IjoiZjYyNGRlNyJ9\">\n\t\t\t\t\t<div class=\"e-gallery-image elementor-gallery-item__image\" data-thumbnail=\"https:\/\/atemhaus-hubertushof.de\/wp-content\/uploads\/20200725_131342-scaled-2.jpg\" data-width=\"2560\" data-height=\"1920\" aria-label=\"\" role=\"img\" ><\/div>\n\t\t\t\t\t\t\t\t\t\t\t<div class=\"elementor-gallery-item__overlay\"><\/div>\n\t\t\t\t\t\t\t\t\t\t\t\t\t\t<\/a>\n\t\t\t\t\t\t\t<a class=\"e-gallery-item elementor-gallery-item elementor-animated-content\" href=\"https:\/\/atemhaus-hubertushof.de\/wp-content\/uploads\/IMG_1968.jpg\" data-elementor-open-lightbox=\"yes\" data-elementor-lightbox-slideshow=\"f624de7\" data-elementor-lightbox-title=\"IMG_1968\" data-e-action-hash=\"#elementor-action%3Aaction%3Dlightbox%26settings%3DeyJpZCI6MTYyNSwidXJsIjoiaHR0cHM6XC9cL2F0ZW1oYXVzLWh1YmVydHVzaG9mLmRlXC93cC1jb250ZW50XC91cGxvYWRzXC9JTUdfMTk2OC5qcGciLCJzbGlkZXNob3ciOiJmNjI0ZGU3In0%3D\">\n\t\t\t\t\t<div class=\"e-gallery-image elementor-gallery-item__image\" data-thumbnail=\"https:\/\/atemhaus-hubertushof.de\/wp-content\/uploads\/IMG_1968.jpg\" data-width=\"720\" data-height=\"1280\" aria-label=\"\" role=\"img\" ><\/div>\n\t\t\t\t\t\t\t\t\t\t\t<div class=\"elementor-gallery-item__overlay\"><\/div>\n\t\t\t\t\t\t\t\t\t\t\t\t\t\t<\/a>\n\t\t\t\t\t\t\t<a class=\"e-gallery-item elementor-gallery-item elementor-animated-content\" href=\"https:\/\/atemhaus-hubertushof.de\/wp-content\/uploads\/IMG_102FF3742753-4.jpeg\" data-elementor-open-lightbox=\"yes\" data-elementor-lightbox-slideshow=\"f624de7\" data-elementor-lightbox-title=\"IMG_102FF3742753-4\" data-e-action-hash=\"#elementor-action%3Aaction%3Dlightbox%26settings%3DeyJpZCI6MTA1NTUsInVybCI6Imh0dHBzOlwvXC9hdGVtaGF1cy1odWJlcnR1c2hvZi5kZVwvd3AtY29udGVudFwvdXBsb2Fkc1wvSU1HXzEwMkZGMzc0Mjc1My00LmpwZWciLCJzbGlkZXNob3ciOiJmNjI0ZGU3In0%3D\">\n\t\t\t\t\t<div class=\"e-gallery-image elementor-gallery-item__image\" data-thumbnail=\"https:\/\/atemhaus-hubertushof.de\/wp-content\/uploads\/IMG_102FF3742753-4.jpeg\" data-width=\"960\" data-height=\"1280\" aria-label=\"\" role=\"img\" ><\/div>\n\t\t\t\t\t\t\t\t\t\t\t<div class=\"elementor-gallery-item__overlay\"><\/div>\n\t\t\t\t\t\t\t\t\t\t\t\t\t\t<\/a>\n\t\t\t\t\t\t\t<a class=\"e-gallery-item elementor-gallery-item elementor-animated-content\" href=\"https:\/\/atemhaus-hubertushof.de\/wp-content\/uploads\/IMG_102FF3742753-5.jpeg\" data-elementor-open-lightbox=\"yes\" data-elementor-lightbox-slideshow=\"f624de7\" data-elementor-lightbox-title=\"IMG_102FF3742753-5\" data-e-action-hash=\"#elementor-action%3Aaction%3Dlightbox%26settings%3DeyJpZCI6MTA1NTYsInVybCI6Imh0dHBzOlwvXC9hdGVtaGF1cy1odWJlcnR1c2hvZi5kZVwvd3AtY29udGVudFwvdXBsb2Fkc1wvSU1HXzEwMkZGMzc0Mjc1My01LmpwZWciLCJzbGlkZXNob3ciOiJmNjI0ZGU3In0%3D\">\n\t\t\t\t\t<div class=\"e-gallery-image elementor-gallery-item__image\" data-thumbnail=\"https:\/\/atemhaus-hubertushof.de\/wp-content\/uploads\/IMG_102FF3742753-5.jpeg\" data-width=\"960\" data-height=\"1280\" aria-label=\"\" role=\"img\" ><\/div>\n\t\t\t\t\t\t\t\t\t\t\t<div class=\"elementor-gallery-item__overlay\"><\/div>\n\t\t\t\t\t\t\t\t\t\t\t\t\t\t<\/a>\n\t\t\t\t\t<\/div>\n\t\t\t\t\t<\/div>\n\t\t\t\t<\/div>\n\t\t\t\t<div class=\"elementor-element elementor-element-50aa834 elementor-widget elementor-widget-text-editor\" data-id=\"50aa834\" data-element_type=\"widget\" data-e-type=\"widget\" data-widget_type=\"text-editor.default\">\n\t\t\t\t<div class=\"elementor-widget-container\">\n\t\t\t\t\t\t\t\t\t<p>Nos h\u00f4tes ont \u00e0 leur disposition toute la journ\u00e9e de l'eau \u00e9nerg\u00e9tique, des th\u00e9s frais et des fruits. Il est possible d'acheter sur place une grande vari\u00e9t\u00e9 de boissons, de sp\u00e9cialit\u00e9s de caf\u00e9 et de snacks.<\/p><p>Notre petit d\u00e9jeuner se compose d'une bouillie de flocons d'avoine chaude, de c\u00e9r\u00e9ales, de salade de fruits, de pain, de confitures et de miel, de yaourt, de fromage et de p\u00e2te \u00e0 tartiner.<\/p><p>\u00c0 l'heure du d\u00e9jeuner, nous servons une ou plusieurs salades, une soupe chaude, du pain, un plateau de fromages et des tartines.<\/p><p>Pour le d\u00eener, tu recevras un plat chaud, des salades et du pain, un plateau de fromages et des tartines.<\/p>\t\t\t\t\t\t\t\t<\/div>\n\t\t\t\t<\/div>\n\t\t\t\t<div class=\"elementor-element elementor-element-2d8e888 elementor-widget elementor-widget-button\" data-id=\"2d8e888\" data-element_type=\"widget\" data-e-type=\"widget\" data-widget_type=\"button.default\">\n\t\t\t\t<div class=\"elementor-widget-container\">\n\t\t\t\t\t\t\t\t\t<div class=\"elementor-button-wrapper\">\n\t\t\t\t\t<a class=\"elementor-button elementor-button-link elementor-size-sm\" href=\"https:\/\/atemhaus-hubertushof.de\/fr\/uebernachtung-buchen\/\">\n\t\t\t\t\t\t<span class=\"elementor-button-content-wrapper\">\n\t\t\t\t\t\t\t\t\t<span class=\"elementor-button-text\">R\u00e9server une nuit\u00e9e<\/span>\n\t\t\t\t\t<\/span>\n\t\t\t\t\t<\/a>\n\t\t\t\t<\/div>\n\t\t\t\t\t\t\t\t<\/div>\n\t\t\t\t<\/div>\n\t\t\t\t\t<\/div>\n\t\t\t\t<\/div>\n\t\t\t\t<\/div>","protected":false},"excerpt":{"rendered":"<p>Unser Essen Liebevolle und gesunde Verpflegung Wir sind ein vegetarisches Haus und bieten vitalstoffreiches m\u00f6glichst organisches Essen als Vollpension an. Selbstversorgergarten und soweit m\u00f6glich regionale Nahrungsmittel. Lebendiges Wasser aus eigener&hellip;<\/p>","protected":false},"author":4,"featured_media":0,"parent":0,"menu_order":0,"comment_status":"closed","ping_status":"closed","template":"","meta":{"_EventAllDay":false,"_EventTimezone":"","_EventStartDate":"","_EventEndDate":"","_EventStartDateUTC":"","_EventEndDateUTC":"","_EventShowMap":false,"_EventShowMapLink":false,"_EventURL":"","_EventCost":"","_EventCostDescription":"","_EventCurrencySymbol":"","_EventCurrencyCode":"","_EventCurrencyPosition":"","_EventDateTimeSeparator":"","_EventTimeRangeSeparator":"","_EventOrganizerID":[],"_EventVenueID":[],"_OrganizerEmail":"","_OrganizerPhone":"","_OrganizerWebsite":"","_VenueAddress":"","_VenueCity":"","_VenueCountry":"","_VenueProvince":"","_VenueState":"","_VenueZip":"","_VenuePhone":"","_VenueURL":"","_VenueStateProvince":"","_VenueLat":"","_VenueLng":"","_VenueShowMap":false,"_VenueShowMapLink":false,"footnotes":""},"class_list":["post-567","page","type-page","status-publish","hentry"],"yoast_head":"<!-- This site is optimized with the Yoast SEO plugin v27.3 - https:\/\/yoast.com\/product\/yoast-seo-wordpress\/ -->\n<title>Verpflegung - Atemhaus Hubertushof [95505 Immenreuth]<\/title>\n<meta name=\"robots\" content=\"index, follow, max-snippet:-1, max-image-preview:large, max-video-preview:-1\" \/>\n<link rel=\"canonical\" href=\"https:\/\/atemhaus-hubertushof.de\/fr\/verpflegung\/\" \/>\n<meta property=\"og:locale\" content=\"fr_FR\" \/>\n<meta property=\"og:type\" content=\"article\" \/>\n<meta property=\"og:title\" content=\"Verpflegung - Atemhaus Hubertushof [95505 Immenreuth]\" \/>\n<meta property=\"og:description\" content=\"Unser Essen Liebevolle und gesunde Verpflegung Wir sind ein vegetarisches Haus und bieten vitalstoffreiches m\u00f6glichst organisches Essen als Vollpension an. Selbstversorgergarten und soweit m\u00f6glich regionale Nahrungsmittel. Lebendiges Wasser aus eigener&hellip;\" \/>\n<meta property=\"og:url\" content=\"https:\/\/atemhaus-hubertushof.de\/fr\/verpflegung\/\" \/>\n<meta property=\"og:site_name\" content=\"Atemhaus Hubertushof [95505 Immenreuth]\" \/>\n<meta property=\"article:modified_time\" content=\"2024-10-10T16:36:28+00:00\" \/>\n<meta name=\"twitter:card\" content=\"summary_large_image\" \/>\n<meta name=\"twitter:label1\" content=\"Dur\u00e9e de lecture estim\u00e9e\" \/>\n\t<meta name=\"twitter:data1\" content=\"1 minute\" \/>\n<script type=\"application\/ld+json\" class=\"yoast-schema-graph\">{\"@context\":\"https:\\\/\\\/schema.org\",\"@graph\":[{\"@type\":\"WebPage\",\"@id\":\"https:\\\/\\\/atemhaus-hubertushof.de\\\/verpflegung\\\/\",\"url\":\"https:\\\/\\\/atemhaus-hubertushof.de\\\/verpflegung\\\/\",\"name\":\"Verpflegung - Atemhaus Hubertushof [95505 Immenreuth]\",\"isPartOf\":{\"@id\":\"https:\\\/\\\/atemhaus-hubertushof.de\\\/#website\"},\"datePublished\":\"2021-02-22T19:21:32+00:00\",\"dateModified\":\"2024-10-10T16:36:28+00:00\",\"breadcrumb\":{\"@id\":\"https:\\\/\\\/atemhaus-hubertushof.de\\\/verpflegung\\\/#breadcrumb\"},\"inLanguage\":\"fr-FR\",\"potentialAction\":[{\"@type\":\"ReadAction\",\"target\":[\"https:\\\/\\\/atemhaus-hubertushof.de\\\/verpflegung\\\/\"]}]},{\"@type\":\"BreadcrumbList\",\"@id\":\"https:\\\/\\\/atemhaus-hubertushof.de\\\/verpflegung\\\/#breadcrumb\",\"itemListElement\":[{\"@type\":\"ListItem\",\"position\":1,\"name\":\"Startseite\",\"item\":\"https:\\\/\\\/atemhaus-hubertushof.de\\\/\"},{\"@type\":\"ListItem\",\"position\":2,\"name\":\"Verpflegung\"}]},{\"@type\":\"WebSite\",\"@id\":\"https:\\\/\\\/atemhaus-hubertushof.de\\\/#website\",\"url\":\"https:\\\/\\\/atemhaus-hubertushof.de\\\/\",\"name\":\"Atemhaus Hubertushof [95505 Immenreuth]\",\"description\":\"\",\"publisher\":{\"@id\":\"https:\\\/\\\/atemhaus-hubertushof.de\\\/#organization\"},\"potentialAction\":[{\"@type\":\"SearchAction\",\"target\":{\"@type\":\"EntryPoint\",\"urlTemplate\":\"https:\\\/\\\/atemhaus-hubertushof.de\\\/?s={search_term_string}\"},\"query-input\":{\"@type\":\"PropertyValueSpecification\",\"valueRequired\":true,\"valueName\":\"search_term_string\"}}],\"inLanguage\":\"fr-FR\"},{\"@type\":\"Organization\",\"@id\":\"https:\\\/\\\/atemhaus-hubertushof.de\\\/#organization\",\"name\":\"Atemhaus Hubertushof [95505 Immenreuth]\",\"url\":\"https:\\\/\\\/atemhaus-hubertushof.de\\\/\",\"logo\":{\"@type\":\"ImageObject\",\"inLanguage\":\"fr-FR\",\"@id\":\"https:\\\/\\\/atemhaus-hubertushof.de\\\/#\\\/schema\\\/logo\\\/image\\\/\",\"url\":\"https:\\\/\\\/atemhaus-hubertushof.de\\\/wp-content\\\/uploads\\\/cropped-2-2.png\",\"contentUrl\":\"https:\\\/\\\/atemhaus-hubertushof.de\\\/wp-content\\\/uploads\\\/cropped-2-2.png\",\"width\":512,\"height\":512,\"caption\":\"Atemhaus Hubertushof [95505 Immenreuth]\"},\"image\":{\"@id\":\"https:\\\/\\\/atemhaus-hubertushof.de\\\/#\\\/schema\\\/logo\\\/image\\\/\"}}]}<\/script>\n<!-- \/ Yoast SEO plugin. -->","yoast_head_json":{"title":"Verpflegung - Atemhaus Hubertushof [95505 Immenreuth]","robots":{"index":"index","follow":"follow","max-snippet":"max-snippet:-1","max-image-preview":"max-image-preview:large","max-video-preview":"max-video-preview:-1"},"canonical":"https:\/\/atemhaus-hubertushof.de\/fr\/verpflegung\/","og_locale":"fr_FR","og_type":"article","og_title":"Verpflegung - Atemhaus Hubertushof [95505 Immenreuth]","og_description":"Unser Essen Liebevolle und gesunde Verpflegung Wir sind ein vegetarisches Haus und bieten vitalstoffreiches m\u00f6glichst organisches Essen als Vollpension an. Selbstversorgergarten und soweit m\u00f6glich regionale Nahrungsmittel. Lebendiges Wasser aus eigener&hellip;","og_url":"https:\/\/atemhaus-hubertushof.de\/fr\/verpflegung\/","og_site_name":"Atemhaus Hubertushof [95505 Immenreuth]","article_modified_time":"2024-10-10T16:36:28+00:00","twitter_card":"summary_large_image","twitter_misc":{"Dur\u00e9e de lecture estim\u00e9e":"1 minute"},"schema":{"@context":"https:\/\/schema.org","@graph":[{"@type":"WebPage","@id":"https:\/\/atemhaus-hubertushof.de\/verpflegung\/","url":"https:\/\/atemhaus-hubertushof.de\/verpflegung\/","name":"Verpflegung - Atemhaus Hubertushof [95505 Immenreuth]","isPartOf":{"@id":"https:\/\/atemhaus-hubertushof.de\/#website"},"datePublished":"2021-02-22T19:21:32+00:00","dateModified":"2024-10-10T16:36:28+00:00","breadcrumb":{"@id":"https:\/\/atemhaus-hubertushof.de\/verpflegung\/#breadcrumb"},"inLanguage":"fr-FR","potentialAction":[{"@type":"ReadAction","target":["https:\/\/atemhaus-hubertushof.de\/verpflegung\/"]}]},{"@type":"BreadcrumbList","@id":"https:\/\/atemhaus-hubertushof.de\/verpflegung\/#breadcrumb","itemListElement":[{"@type":"ListItem","position":1,"name":"Startseite","item":"https:\/\/atemhaus-hubertushof.de\/"},{"@type":"ListItem","position":2,"name":"Verpflegung"}]},{"@type":"WebSite","@id":"https:\/\/atemhaus-hubertushof.de\/#website","url":"https:\/\/atemhaus-hubertushof.de\/","name":"Atemhaus Hubertushof [95505 Immenreuth]","description":"","publisher":{"@id":"https:\/\/atemhaus-hubertushof.de\/#organization"},"potentialAction":[{"@type":"SearchAction","target":{"@type":"EntryPoint","urlTemplate":"https:\/\/atemhaus-hubertushof.de\/?s={search_term_string}"},"query-input":{"@type":"PropertyValueSpecification","valueRequired":true,"valueName":"search_term_string"}}],"inLanguage":"fr-FR"},{"@type":"Organization","@id":"https:\/\/atemhaus-hubertushof.de\/#organization","name":"Atemhaus Hubertushof [95505 Immenreuth]","url":"https:\/\/atemhaus-hubertushof.de\/","logo":{"@type":"ImageObject","inLanguage":"fr-FR","@id":"https:\/\/atemhaus-hubertushof.de\/#\/schema\/logo\/image\/","url":"https:\/\/atemhaus-hubertushof.de\/wp-content\/uploads\/cropped-2-2.png","contentUrl":"https:\/\/atemhaus-hubertushof.de\/wp-content\/uploads\/cropped-2-2.png","width":512,"height":512,"caption":"Atemhaus Hubertushof [95505 Immenreuth]"},"image":{"@id":"https:\/\/atemhaus-hubertushof.de\/#\/schema\/logo\/image\/"}}]}},"jetpack_sharing_enabled":true,"_links":{"self":[{"href":"https:\/\/atemhaus-hubertushof.de\/fr\/wp-json\/wp\/v2\/pages\/567","targetHints":{"allow":["GET"]}}],"collection":[{"href":"https:\/\/atemhaus-hubertushof.de\/fr\/wp-json\/wp\/v2\/pages"}],"about":[{"href":"https:\/\/atemhaus-hubertushof.de\/fr\/wp-json\/wp\/v2\/types\/page"}],"author":[{"embeddable":true,"href":"https:\/\/atemhaus-hubertushof.de\/fr\/wp-json\/wp\/v2\/users\/4"}],"replies":[{"embeddable":true,"href":"https:\/\/atemhaus-hubertushof.de\/fr\/wp-json\/wp\/v2\/comments?post=567"}],"version-history":[{"count":27,"href":"https:\/\/atemhaus-hubertushof.de\/fr\/wp-json\/wp\/v2\/pages\/567\/revisions"}],"predecessor-version":[{"id":11171,"href":"https:\/\/atemhaus-hubertushof.de\/fr\/wp-json\/wp\/v2\/pages\/567\/revisions\/11171"}],"wp:attachment":[{"href":"https:\/\/atemhaus-hubertushof.de\/fr\/wp-json\/wp\/v2\/media?parent=567"}],"curies":[{"name":"wp","href":"https:\/\/api.w.org\/{rel}","templated":true}]}}