{"id":413,"date":"2021-02-14T20:11:29","date_gmt":"2021-02-14T20:11:29","guid":{"rendered":"https:\/\/www.atemhaus-hubertushof.de\/?page_id=413"},"modified":"2024-09-23T09:25:58","modified_gmt":"2024-09-23T07:25:58","slug":"atemtherapie","status":"publish","type":"page","link":"https:\/\/atemhaus-hubertushof.de\/fr\/atemtherapie\/","title":{"rendered":"Th\u00e9rapie respiratoire"},"content":{"rendered":"<div data-elementor-type=\"wp-page\" data-elementor-id=\"413\" class=\"elementor elementor-413\" data-elementor-post-type=\"page\">\n\t\t\t\t<div class=\"elementor-element elementor-element-3a40870 e-flex e-con-boxed e-con e-parent\" data-id=\"3a40870\" data-element_type=\"container\" data-e-type=\"container\">\n\t\t\t\t\t<div class=\"e-con-inner\">\n\t\t\t\t<div class=\"elementor-element elementor-element-16c89b3 elementor-widget elementor-widget-heading\" data-id=\"16c89b3\" data-element_type=\"widget\" data-e-type=\"widget\" data-widget_type=\"heading.default\">\n\t\t\t\t<div class=\"elementor-widget-container\">\n\t\t\t\t\t<h1 class=\"elementor-heading-title elementor-size-default\">Th\u00e9rapie respiratoire int\u00e9grative<\/h1>\t\t\t\t<\/div>\n\t\t\t\t<\/div>\n\t\t\t\t<div class=\"elementor-element elementor-element-5166d30 elementor-widget elementor-widget-text-editor\" data-id=\"5166d30\" data-element_type=\"widget\" data-e-type=\"widget\" data-widget_type=\"text-editor.default\">\n\t\t\t\t<div class=\"elementor-widget-container\">\n\t\t\t\t\t\t\t\t\t<p style=\"text-align: center;\"><a href=\"https:\/\/atem.training\/\" target=\"_blank\" rel=\"noopener\">\"InBreath\"<\/a><\/p><p style=\"text-align: center;\">Institut de th\u00e9rapie respiratoire et de croissance transformative<\/p>\t\t\t\t\t\t\t\t<\/div>\n\t\t\t\t<\/div>\n\t\t\t\t\t<\/div>\n\t\t\t\t<\/div>\n\t\t<div class=\"elementor-element elementor-element-8cdfdf9 e-flex e-con-boxed e-con e-parent\" data-id=\"8cdfdf9\" data-element_type=\"container\" data-e-type=\"container\">\n\t\t\t\t\t<div class=\"e-con-inner\">\n\t\t<div class=\"elementor-element elementor-element-d7084ac e-con-full e-flex e-con e-child\" data-id=\"d7084ac\" data-element_type=\"container\" data-e-type=\"container\">\n\t\t\t\t<div class=\"elementor-element elementor-element-ec9906f elementor-widget elementor-widget-image\" data-id=\"ec9906f\" data-element_type=\"widget\" data-e-type=\"widget\" data-widget_type=\"image.default\">\n\t\t\t\t<div class=\"elementor-widget-container\">\n\t\t\t\t\t\t\t\t\t\t\t\t\t\t\t<img fetchpriority=\"high\" decoding=\"async\" width=\"1024\" height=\"726\" src=\"https:\/\/atemhaus-hubertushof.de\/wp-content\/uploads\/HG-und-Lera-InBreath-1024x726.png\" class=\"attachment-large size-large wp-image-10546\" alt=\"\" srcset=\"https:\/\/atemhaus-hubertushof.de\/wp-content\/uploads\/HG-und-Lera-InBreath-1024x726.png 1024w, https:\/\/atemhaus-hubertushof.de\/wp-content\/uploads\/HG-und-Lera-InBreath-300x213.png 300w, https:\/\/atemhaus-hubertushof.de\/wp-content\/uploads\/HG-und-Lera-InBreath-768x545.png 768w, https:\/\/atemhaus-hubertushof.de\/wp-content\/uploads\/HG-und-Lera-InBreath-1536x1090.png 1536w, https:\/\/atemhaus-hubertushof.de\/wp-content\/uploads\/HG-und-Lera-InBreath-900x638.png 900w, https:\/\/atemhaus-hubertushof.de\/wp-content\/uploads\/HG-und-Lera-InBreath-1200x851.png 1200w, https:\/\/atemhaus-hubertushof.de\/wp-content\/uploads\/HG-und-Lera-InBreath.png 1748w\" sizes=\"(max-width: 1024px) 100vw, 1024px\" \/>\t\t\t\t\t\t\t\t\t\t\t\t\t\t\t<\/div>\n\t\t\t\t<\/div>\n\t\t\t\t<\/div>\n\t\t<div class=\"elementor-element elementor-element-adecfde e-con-full e-flex e-con e-child\" data-id=\"adecfde\" data-element_type=\"container\" data-e-type=\"container\">\n\t\t\t\t<div class=\"elementor-element elementor-element-7c27003 elementor-widget elementor-widget-text-editor\" data-id=\"7c27003\" data-element_type=\"widget\" data-e-type=\"widget\" data-widget_type=\"text-editor.default\">\n\t\t\t\t<div class=\"elementor-widget-container\">\n\t\t\t\t\t\t\t\t\t<p>L'Institut de th\u00e9rapie par la respiration et de croissance transformative\u00a0<a href=\"https:\/\/inbreath.org\/uber-uns\/\" target=\"_blank\" rel=\"noopener\">\"InBreath\"<\/a>\u00a0est une organisation centr\u00e9e sur le c\u0153ur qui a pour mission le d\u00e9veloppement de la conscience, l'excellence dans la formation des th\u00e9rapeutes respiratoires et le soutien individuel des individus. L'objectif est une transformation personnelle efficace et durable ainsi qu'une croissance int\u00e9rieure.<\/p><p>Nous sommes convaincus que la gu\u00e9rison et la transformation ne peuvent avoir lieu que dans une atmosph\u00e8re d'acceptation inconditionnelle, d'amour et de l\u00e2cher-prise int\u00e9rieur.<\/p><p>Nos formations cr\u00e9ent un environnement dans lequel les personnes font l'exp\u00e9rience de l'\u00e9largissement de la conscience et de la croissance. Un espace est offert dans lequel les participants s'\u00e9panouissent gr\u00e2ce \u00e0 des processus de transformation profonds et d\u00e9veloppent leur propre plein potentiel en toute s\u00e9curit\u00e9, de mani\u00e8re presque ludique.<br \/>Plus<strong>\u00a0<a href=\"https:\/\/atem.training\/breath-mastery-programm\/\">La formation \"InBreath\" pour la th\u00e9rapie respiratoire int\u00e9grative<\/a><\/strong><\/p>\t\t\t\t\t\t\t\t<\/div>\n\t\t\t\t<\/div>\n\t\t\t\t<\/div>\n\t\t\t\t\t<\/div>\n\t\t\t\t<\/div>\n\t\t<div class=\"elementor-element elementor-element-ae2110d e-flex e-con-boxed e-con e-parent\" data-id=\"ae2110d\" data-element_type=\"container\" data-e-type=\"container\">\n\t\t\t\t\t<div class=\"e-con-inner\">\n\t\t\t\t<div class=\"elementor-element elementor-element-fd178e6 elementor-widget elementor-widget-text-editor\" data-id=\"fd178e6\" data-element_type=\"widget\" data-e-type=\"widget\" data-widget_type=\"text-editor.default\">\n\t\t\t\t<div class=\"elementor-widget-container\">\n\t\t\t\t\t\t\t\t\t<h5 style=\"text-align: center;\">Qu'est-ce que la th\u00e9rapie respiratoire int\u00e9grative ?<\/h5>\t\t\t\t\t\t\t\t<\/div>\n\t\t\t\t<\/div>\n\t\t\t\t\t<\/div>\n\t\t\t\t<\/div>\n\t\t<div class=\"elementor-element elementor-element-f1d7b7b e-flex e-con-boxed e-con e-parent\" data-id=\"f1d7b7b\" data-element_type=\"container\" data-e-type=\"container\">\n\t\t\t\t\t<div class=\"e-con-inner\">\n\t\t<div class=\"elementor-element elementor-element-120b1a4 e-con-full e-flex e-con e-child\" data-id=\"120b1a4\" data-element_type=\"container\" data-e-type=\"container\">\n\t\t\t\t<div class=\"elementor-element elementor-element-17e1317 elementor-widget elementor-widget-text-editor\" data-id=\"17e1317\" data-element_type=\"widget\" data-e-type=\"widget\" data-widget_type=\"text-editor.default\">\n\t\t\t\t<div class=\"elementor-widget-container\">\n\t\t\t\t\t\t\t\t\t<p><strong><a href=\"https:\/\/atem.training\/dein-atem\/\" target=\"_blank\" rel=\"noopener\">La th\u00e9rapie respiratoire int\u00e9grative<\/a>\u00a0<\/strong>est une forme de th\u00e9rapie holistique unique, centr\u00e9e sur le corps, qui utilise le pouvoir de gu\u00e9rison de la respiration - l'un des outils les plus efficaces pour la transformation personnelle.La Respiration Connect\u00e9e consciente permet une lib\u00e9ration et une int\u00e9gration cellulaires profondes des \u00e9nergies pr\u00e9c\u00e9demment r\u00e9prim\u00e9es et enfouies dans le corps et l'esprit, afin de r\u00e9v\u00e9ler l'individu unique, puissant et cr\u00e9atif qui se trouve en chacun de nous. Nous obtenons ainsi une plus grande libert\u00e9 personnelle, d\u00e9veloppons des relations authentiques et gagnons en vitalit\u00e9.<\/p>\t\t\t\t\t\t\t\t<\/div>\n\t\t\t\t<\/div>\n\t\t\t\t<\/div>\n\t\t<div class=\"elementor-element elementor-element-8fcacff e-con-full e-flex e-con e-child\" data-id=\"8fcacff\" data-element_type=\"container\" data-e-type=\"container\">\n\t\t\t\t<div class=\"elementor-element elementor-element-b9e2198 elementor-widget elementor-widget-image\" data-id=\"b9e2198\" data-element_type=\"widget\" data-e-type=\"widget\" data-widget_type=\"image.default\">\n\t\t\t\t<div class=\"elementor-widget-container\">\n\t\t\t\t\t\t\t\t\t\t\t\t\t\t\t<img decoding=\"async\" width=\"1024\" height=\"680\" src=\"https:\/\/atemhaus-hubertushof.de\/wp-content\/uploads\/buddha-3616991_1280-1024x680.jpg\" class=\"attachment-large size-large wp-image-473\" alt=\"\" srcset=\"https:\/\/atemhaus-hubertushof.de\/wp-content\/uploads\/buddha-3616991_1280-1024x680.jpg 1024w, https:\/\/atemhaus-hubertushof.de\/wp-content\/uploads\/buddha-3616991_1280-900x598.jpg 900w, https:\/\/atemhaus-hubertushof.de\/wp-content\/uploads\/buddha-3616991_1280-1200x797.jpg 1200w, https:\/\/atemhaus-hubertushof.de\/wp-content\/uploads\/buddha-3616991_1280-300x199.jpg 300w, https:\/\/atemhaus-hubertushof.de\/wp-content\/uploads\/buddha-3616991_1280-768x510.jpg 768w, https:\/\/atemhaus-hubertushof.de\/wp-content\/uploads\/buddha-3616991_1280.jpg 1280w\" sizes=\"(max-width: 1024px) 100vw, 1024px\" \/>\t\t\t\t\t\t\t\t\t\t\t\t\t\t\t<\/div>\n\t\t\t\t<\/div>\n\t\t\t\t<\/div>\n\t\t\t\t\t<\/div>\n\t\t\t\t<\/div>\n\t\t<div class=\"elementor-element elementor-element-25b6956 e-flex e-con-boxed e-con e-parent\" data-id=\"25b6956\" data-element_type=\"container\" data-e-type=\"container\">\n\t\t\t\t\t<div class=\"e-con-inner\">\n\t\t\t\t<div class=\"elementor-element elementor-element-3768a7b elementor-widget elementor-widget-text-editor\" data-id=\"3768a7b\" data-element_type=\"widget\" data-e-type=\"widget\" data-widget_type=\"text-editor.default\">\n\t\t\t\t<div class=\"elementor-widget-container\">\n\t\t\t\t\t\t\t\t\t<h5 style=\"text-align: center;\"><a href=\"https:\/\/atem.training\/\" target=\"_blank\" rel=\"noopener\">Entra\u00eenement \u00e0 la respiration et transformation personnelle<\/a><\/h5>\t\t\t\t\t\t\t\t<\/div>\n\t\t\t\t<\/div>\n\t\t\t\t\t<\/div>\n\t\t\t\t<\/div>\n\t\t\t\t<\/div>","protected":false},"excerpt":{"rendered":"<p>Th\u00e9rapie respiratoire int\u00e9grative \"InBreath\" Institut de th\u00e9rapie respiratoire et de croissance transformative L'Institut de th\u00e9rapie respiratoire et de croissance transformative \"InBreath\" est une organisation centr\u00e9e sur le c\u0153ur qui se consacre au d\u00e9veloppement de la conscience, \u00e0 l'excellence dans la formation des th\u00e9rapeutes respiratoires et \u00e0 la...<\/p>","protected":false},"author":4,"featured_media":0,"parent":0,"menu_order":0,"comment_status":"closed","ping_status":"closed","template":"elementor_header_footer","meta":{"_EventAllDay":false,"_EventTimezone":"","_EventStartDate":"","_EventEndDate":"","_EventStartDateUTC":"","_EventEndDateUTC":"","_EventShowMap":false,"_EventShowMapLink":false,"_EventURL":"","_EventCost":"","_EventCostDescription":"","_EventCurrencySymbol":"","_EventCurrencyCode":"","_EventCurrencyPosition":"","_EventDateTimeSeparator":"","_EventTimeRangeSeparator":"","_EventOrganizerID":[],"_EventVenueID":[],"_OrganizerEmail":"","_OrganizerPhone":"","_OrganizerWebsite":"","_VenueAddress":"","_VenueCity":"","_VenueCountry":"","_VenueProvince":"","_VenueState":"","_VenueZip":"","_VenuePhone":"","_VenueURL":"","_VenueStateProvince":"","_VenueLat":"","_VenueLng":"","_VenueShowMap":false,"_VenueShowMapLink":false,"footnotes":""},"class_list":["post-413","page","type-page","status-publish","hentry"],"yoast_head":"<!-- This site is optimized with the Yoast SEO plugin v27.4 - https:\/\/yoast.com\/product\/yoast-seo-wordpress\/ -->\n<title>Atemtherapie - Atemhaus Hubertushof [95505 Immenreuth]<\/title>\n<meta name=\"robots\" content=\"index, follow, max-snippet:-1, max-image-preview:large, max-video-preview:-1\" \/>\n<link rel=\"canonical\" href=\"https:\/\/atemhaus-hubertushof.de\/fr\/atemtherapie\/\" \/>\n<meta property=\"og:locale\" content=\"fr_FR\" \/>\n<meta property=\"og:type\" content=\"article\" \/>\n<meta property=\"og:title\" content=\"Atemtherapie - Atemhaus Hubertushof [95505 Immenreuth]\" \/>\n<meta property=\"og:description\" content=\"Integrative Atemtherapie \u201eInBreath\u201c Institut f\u00fcr Atemtherapie und transformelles Wachstum Das Institut f\u00fcr Atemtherapie und transformelles Wachstum\u00a0\u201eInBreath\u201c\u00a0ist eine herzzentrierte Organisation, die sich Bewusstseinsentwicklung, Exzellenz in der Ausbildung von Atemtherapeuten und individuelle&hellip;\" \/>\n<meta property=\"og:url\" content=\"https:\/\/atemhaus-hubertushof.de\/fr\/atemtherapie\/\" \/>\n<meta property=\"og:site_name\" content=\"Atemhaus Hubertushof [95505 Immenreuth]\" \/>\n<meta property=\"article:modified_time\" content=\"2024-09-23T07:25:58+00:00\" \/>\n<meta property=\"og:image\" content=\"https:\/\/atemhaus-hubertushof.de\/wp-content\/uploads\/HG-und-Lera-InBreath-1024x726.png\" \/>\n<meta name=\"twitter:card\" content=\"summary_large_image\" \/>\n<meta name=\"twitter:label1\" content=\"Dur\u00e9e de lecture estim\u00e9e\" \/>\n\t<meta name=\"twitter:data1\" content=\"2 minutes\" \/>\n<script type=\"application\/ld+json\" class=\"yoast-schema-graph\">{\"@context\":\"https:\\\/\\\/schema.org\",\"@graph\":[{\"@type\":\"WebPage\",\"@id\":\"https:\\\/\\\/atemhaus-hubertushof.de\\\/atemtherapie\\\/\",\"url\":\"https:\\\/\\\/atemhaus-hubertushof.de\\\/atemtherapie\\\/\",\"name\":\"Atemtherapie - Atemhaus Hubertushof [95505 Immenreuth]\",\"isPartOf\":{\"@id\":\"https:\\\/\\\/atemhaus-hubertushof.de\\\/#website\"},\"primaryImageOfPage\":{\"@id\":\"https:\\\/\\\/atemhaus-hubertushof.de\\\/atemtherapie\\\/#primaryimage\"},\"image\":{\"@id\":\"https:\\\/\\\/atemhaus-hubertushof.de\\\/atemtherapie\\\/#primaryimage\"},\"thumbnailUrl\":\"https:\\\/\\\/atemhaus-hubertushof.de\\\/wp-content\\\/uploads\\\/HG-und-Lera-InBreath-1024x726.png\",\"datePublished\":\"2021-02-14T20:11:29+00:00\",\"dateModified\":\"2024-09-23T07:25:58+00:00\",\"breadcrumb\":{\"@id\":\"https:\\\/\\\/atemhaus-hubertushof.de\\\/atemtherapie\\\/#breadcrumb\"},\"inLanguage\":\"fr-FR\",\"potentialAction\":[{\"@type\":\"ReadAction\",\"target\":[\"https:\\\/\\\/atemhaus-hubertushof.de\\\/atemtherapie\\\/\"]}]},{\"@type\":\"ImageObject\",\"inLanguage\":\"fr-FR\",\"@id\":\"https:\\\/\\\/atemhaus-hubertushof.de\\\/atemtherapie\\\/#primaryimage\",\"url\":\"https:\\\/\\\/atemhaus-hubertushof.de\\\/wp-content\\\/uploads\\\/HG-und-Lera-InBreath-1024x726.png\",\"contentUrl\":\"https:\\\/\\\/atemhaus-hubertushof.de\\\/wp-content\\\/uploads\\\/HG-und-Lera-InBreath-1024x726.png\"},{\"@type\":\"BreadcrumbList\",\"@id\":\"https:\\\/\\\/atemhaus-hubertushof.de\\\/atemtherapie\\\/#breadcrumb\",\"itemListElement\":[{\"@type\":\"ListItem\",\"position\":1,\"name\":\"Startseite\",\"item\":\"https:\\\/\\\/atemhaus-hubertushof.de\\\/\"},{\"@type\":\"ListItem\",\"position\":2,\"name\":\"Atemtherapie\"}]},{\"@type\":\"WebSite\",\"@id\":\"https:\\\/\\\/atemhaus-hubertushof.de\\\/#website\",\"url\":\"https:\\\/\\\/atemhaus-hubertushof.de\\\/\",\"name\":\"Atemhaus Hubertushof [95505 Immenreuth]\",\"description\":\"\",\"publisher\":{\"@id\":\"https:\\\/\\\/atemhaus-hubertushof.de\\\/#organization\"},\"potentialAction\":[{\"@type\":\"SearchAction\",\"target\":{\"@type\":\"EntryPoint\",\"urlTemplate\":\"https:\\\/\\\/atemhaus-hubertushof.de\\\/?s={search_term_string}\"},\"query-input\":{\"@type\":\"PropertyValueSpecification\",\"valueRequired\":true,\"valueName\":\"search_term_string\"}}],\"inLanguage\":\"fr-FR\"},{\"@type\":\"Organization\",\"@id\":\"https:\\\/\\\/atemhaus-hubertushof.de\\\/#organization\",\"name\":\"Atemhaus Hubertushof [95505 Immenreuth]\",\"url\":\"https:\\\/\\\/atemhaus-hubertushof.de\\\/\",\"logo\":{\"@type\":\"ImageObject\",\"inLanguage\":\"fr-FR\",\"@id\":\"https:\\\/\\\/atemhaus-hubertushof.de\\\/#\\\/schema\\\/logo\\\/image\\\/\",\"url\":\"https:\\\/\\\/atemhaus-hubertushof.de\\\/wp-content\\\/uploads\\\/cropped-2-2.png\",\"contentUrl\":\"https:\\\/\\\/atemhaus-hubertushof.de\\\/wp-content\\\/uploads\\\/cropped-2-2.png\",\"width\":512,\"height\":512,\"caption\":\"Atemhaus Hubertushof [95505 Immenreuth]\"},\"image\":{\"@id\":\"https:\\\/\\\/atemhaus-hubertushof.de\\\/#\\\/schema\\\/logo\\\/image\\\/\"}}]}<\/script>\n<!-- \/ Yoast SEO plugin. -->","yoast_head_json":{"title":"Atemtherapie - Atemhaus Hubertushof [95505 Immenreuth]","robots":{"index":"index","follow":"follow","max-snippet":"max-snippet:-1","max-image-preview":"max-image-preview:large","max-video-preview":"max-video-preview:-1"},"canonical":"https:\/\/atemhaus-hubertushof.de\/fr\/atemtherapie\/","og_locale":"fr_FR","og_type":"article","og_title":"Atemtherapie - Atemhaus Hubertushof [95505 Immenreuth]","og_description":"Integrative Atemtherapie \u201eInBreath\u201c Institut f\u00fcr Atemtherapie und transformelles Wachstum Das Institut f\u00fcr Atemtherapie und transformelles Wachstum\u00a0\u201eInBreath\u201c\u00a0ist eine herzzentrierte Organisation, die sich Bewusstseinsentwicklung, Exzellenz in der Ausbildung von Atemtherapeuten und individuelle&hellip;","og_url":"https:\/\/atemhaus-hubertushof.de\/fr\/atemtherapie\/","og_site_name":"Atemhaus Hubertushof [95505 Immenreuth]","article_modified_time":"2024-09-23T07:25:58+00:00","og_image":[{"url":"https:\/\/atemhaus-hubertushof.de\/wp-content\/uploads\/HG-und-Lera-InBreath-1024x726.png","type":"","width":"","height":""}],"twitter_card":"summary_large_image","twitter_misc":{"Dur\u00e9e de lecture estim\u00e9e":"2 minutes"},"schema":{"@context":"https:\/\/schema.org","@graph":[{"@type":"WebPage","@id":"https:\/\/atemhaus-hubertushof.de\/atemtherapie\/","url":"https:\/\/atemhaus-hubertushof.de\/atemtherapie\/","name":"Atemtherapie - Atemhaus Hubertushof [95505 Immenreuth]","isPartOf":{"@id":"https:\/\/atemhaus-hubertushof.de\/#website"},"primaryImageOfPage":{"@id":"https:\/\/atemhaus-hubertushof.de\/atemtherapie\/#primaryimage"},"image":{"@id":"https:\/\/atemhaus-hubertushof.de\/atemtherapie\/#primaryimage"},"thumbnailUrl":"https:\/\/atemhaus-hubertushof.de\/wp-content\/uploads\/HG-und-Lera-InBreath-1024x726.png","datePublished":"2021-02-14T20:11:29+00:00","dateModified":"2024-09-23T07:25:58+00:00","breadcrumb":{"@id":"https:\/\/atemhaus-hubertushof.de\/atemtherapie\/#breadcrumb"},"inLanguage":"fr-FR","potentialAction":[{"@type":"ReadAction","target":["https:\/\/atemhaus-hubertushof.de\/atemtherapie\/"]}]},{"@type":"ImageObject","inLanguage":"fr-FR","@id":"https:\/\/atemhaus-hubertushof.de\/atemtherapie\/#primaryimage","url":"https:\/\/atemhaus-hubertushof.de\/wp-content\/uploads\/HG-und-Lera-InBreath-1024x726.png","contentUrl":"https:\/\/atemhaus-hubertushof.de\/wp-content\/uploads\/HG-und-Lera-InBreath-1024x726.png"},{"@type":"BreadcrumbList","@id":"https:\/\/atemhaus-hubertushof.de\/atemtherapie\/#breadcrumb","itemListElement":[{"@type":"ListItem","position":1,"name":"Startseite","item":"https:\/\/atemhaus-hubertushof.de\/"},{"@type":"ListItem","position":2,"name":"Atemtherapie"}]},{"@type":"WebSite","@id":"https:\/\/atemhaus-hubertushof.de\/#website","url":"https:\/\/atemhaus-hubertushof.de\/","name":"Atemhaus Hubertushof [95505 Immenreuth]","description":"","publisher":{"@id":"https:\/\/atemhaus-hubertushof.de\/#organization"},"potentialAction":[{"@type":"SearchAction","target":{"@type":"EntryPoint","urlTemplate":"https:\/\/atemhaus-hubertushof.de\/?s={search_term_string}"},"query-input":{"@type":"PropertyValueSpecification","valueRequired":true,"valueName":"search_term_string"}}],"inLanguage":"fr-FR"},{"@type":"Organization","@id":"https:\/\/atemhaus-hubertushof.de\/#organization","name":"Atemhaus Hubertushof [95505 Immenreuth]","url":"https:\/\/atemhaus-hubertushof.de\/","logo":{"@type":"ImageObject","inLanguage":"fr-FR","@id":"https:\/\/atemhaus-hubertushof.de\/#\/schema\/logo\/image\/","url":"https:\/\/atemhaus-hubertushof.de\/wp-content\/uploads\/cropped-2-2.png","contentUrl":"https:\/\/atemhaus-hubertushof.de\/wp-content\/uploads\/cropped-2-2.png","width":512,"height":512,"caption":"Atemhaus Hubertushof [95505 Immenreuth]"},"image":{"@id":"https:\/\/atemhaus-hubertushof.de\/#\/schema\/logo\/image\/"}}]}},"jetpack_sharing_enabled":true,"_links":{"self":[{"href":"https:\/\/atemhaus-hubertushof.de\/fr\/wp-json\/wp\/v2\/pages\/413","targetHints":{"allow":["GET"]}}],"collection":[{"href":"https:\/\/atemhaus-hubertushof.de\/fr\/wp-json\/wp\/v2\/pages"}],"about":[{"href":"https:\/\/atemhaus-hubertushof.de\/fr\/wp-json\/wp\/v2\/types\/page"}],"author":[{"embeddable":true,"href":"https:\/\/atemhaus-hubertushof.de\/fr\/wp-json\/wp\/v2\/users\/4"}],"replies":[{"embeddable":true,"href":"https:\/\/atemhaus-hubertushof.de\/fr\/wp-json\/wp\/v2\/comments?post=413"}],"version-history":[{"count":34,"href":"https:\/\/atemhaus-hubertushof.de\/fr\/wp-json\/wp\/v2\/pages\/413\/revisions"}],"predecessor-version":[{"id":11145,"href":"https:\/\/atemhaus-hubertushof.de\/fr\/wp-json\/wp\/v2\/pages\/413\/revisions\/11145"}],"wp:attachment":[{"href":"https:\/\/atemhaus-hubertushof.de\/fr\/wp-json\/wp\/v2\/media?parent=413"}],"curies":[{"name":"wp","href":"https:\/\/api.w.org\/{rel}","templated":true}]}}