{"id":313,"date":"2021-02-09T17:17:34","date_gmt":"2021-02-09T17:17:34","guid":{"rendered":"https:\/\/www.atemhaus-hubertushof.de\/?page_id=313"},"modified":"2021-02-09T17:17:34","modified_gmt":"2021-02-09T17:17:34","slug":"fur-teilnehmer","status":"publish","type":"page","link":"https:\/\/atemhaus-hubertushof.de\/fr\/fur-teilnehmer\/","title":{"rendered":"Pour les participants"},"content":{"rendered":"<h4 class=\"wp-block-heading has-text-align-center\">Chers invit\u00e9s<\/h4>\n\n\n\n<p>Bienvenue \u00e0 la maison de la respiration Hubertushof !<\/p>\n\n\n\n<p><br>C'est un plaisir pour nous de t'accueillir parmi nous. <\/p>\n\n\n\n<p>C'est avec plaisir que nous t'informons sur quelques points importants concernant notre centre de s\u00e9minaires.&nbsp;<\/p>\n\n\n\n<p>Notre maison est un <strong>Maison non-fumeur<\/strong>. Dans la maison, nous portons des pantoufles.<\/p>\n\n\n\n<p>En raison d'allergies aux animaux, il est malheureusement interdit d'amener des animaux dans la maison.<\/p>","protected":false},"excerpt":{"rendered":"<p>Liebe G\u00e4ste Herzlich willkommen im Atemhaus Hubertushof! Es ist uns eine Freude Dich bei uns begr\u00fcssen zu d\u00fcrfen. Gerne informieren wir Dich \u00fcber einige wichtige Punkte bez\u00fcglich unseres Seminarhauses.&nbsp; Unser&hellip;<\/p>","protected":false},"author":4,"featured_media":0,"parent":0,"menu_order":0,"comment_status":"closed","ping_status":"closed","template":"","meta":{"_EventAllDay":false,"_EventTimezone":"","_EventStartDate":"","_EventEndDate":"","_EventStartDateUTC":"","_EventEndDateUTC":"","_EventShowMap":false,"_EventShowMapLink":false,"_EventURL":"","_EventCost":"","_EventCostDescription":"","_EventCurrencySymbol":"","_EventCurrencyCode":"","_EventCurrencyPosition":"","_EventDateTimeSeparator":"","_EventTimeRangeSeparator":"","_EventOrganizerID":[],"_EventVenueID":[],"_OrganizerEmail":"","_OrganizerPhone":"","_OrganizerWebsite":"","_VenueAddress":"","_VenueCity":"","_VenueCountry":"","_VenueProvince":"","_VenueState":"","_VenueZip":"","_VenuePhone":"","_VenueURL":"","_VenueStateProvince":"","_VenueLat":"","_VenueLng":"","_VenueShowMap":false,"_VenueShowMapLink":false,"footnotes":""},"class_list":["post-313","page","type-page","status-publish","hentry","description-off"],"yoast_head":"<!-- This site is optimized with the Yoast SEO plugin v27.3 - https:\/\/yoast.com\/product\/yoast-seo-wordpress\/ -->\n<title>F\u00fcr Teilnehmer - Atemhaus Hubertushof [95505 Immenreuth]<\/title>\n<meta name=\"robots\" content=\"index, follow, max-snippet:-1, max-image-preview:large, max-video-preview:-1\" \/>\n<link rel=\"canonical\" href=\"https:\/\/atemhaus-hubertushof.de\/fr\/fur-teilnehmer\/\" \/>\n<meta property=\"og:locale\" content=\"fr_FR\" \/>\n<meta property=\"og:type\" content=\"article\" \/>\n<meta property=\"og:title\" content=\"F\u00fcr Teilnehmer - Atemhaus Hubertushof [95505 Immenreuth]\" \/>\n<meta property=\"og:description\" content=\"Liebe G\u00e4ste Herzlich willkommen im Atemhaus Hubertushof! Es ist uns eine Freude Dich bei uns begr\u00fcssen zu d\u00fcrfen. Gerne informieren wir Dich \u00fcber einige wichtige Punkte bez\u00fcglich unseres Seminarhauses.&nbsp; Unser&hellip;\" \/>\n<meta property=\"og:url\" content=\"https:\/\/atemhaus-hubertushof.de\/fr\/fur-teilnehmer\/\" \/>\n<meta property=\"og:site_name\" content=\"Atemhaus Hubertushof [95505 Immenreuth]\" \/>\n<meta name=\"twitter:card\" content=\"summary_large_image\" \/>\n<meta name=\"twitter:label1\" content=\"Dur\u00e9e de lecture estim\u00e9e\" \/>\n\t<meta name=\"twitter:data1\" content=\"1 minute\" \/>\n<script type=\"application\/ld+json\" class=\"yoast-schema-graph\">{\"@context\":\"https:\\\/\\\/schema.org\",\"@graph\":[{\"@type\":\"WebPage\",\"@id\":\"https:\\\/\\\/atemhaus-hubertushof.de\\\/fur-teilnehmer\\\/\",\"url\":\"https:\\\/\\\/atemhaus-hubertushof.de\\\/fur-teilnehmer\\\/\",\"name\":\"F\u00fcr Teilnehmer - Atemhaus Hubertushof [95505 Immenreuth]\",\"isPartOf\":{\"@id\":\"https:\\\/\\\/atemhaus-hubertushof.de\\\/#website\"},\"datePublished\":\"2021-02-09T17:17:34+00:00\",\"breadcrumb\":{\"@id\":\"https:\\\/\\\/atemhaus-hubertushof.de\\\/fur-teilnehmer\\\/#breadcrumb\"},\"inLanguage\":\"fr-FR\",\"potentialAction\":[{\"@type\":\"ReadAction\",\"target\":[\"https:\\\/\\\/atemhaus-hubertushof.de\\\/fur-teilnehmer\\\/\"]}]},{\"@type\":\"BreadcrumbList\",\"@id\":\"https:\\\/\\\/atemhaus-hubertushof.de\\\/fur-teilnehmer\\\/#breadcrumb\",\"itemListElement\":[{\"@type\":\"ListItem\",\"position\":1,\"name\":\"Startseite\",\"item\":\"https:\\\/\\\/atemhaus-hubertushof.de\\\/\"},{\"@type\":\"ListItem\",\"position\":2,\"name\":\"F\u00fcr Teilnehmer\"}]},{\"@type\":\"WebSite\",\"@id\":\"https:\\\/\\\/atemhaus-hubertushof.de\\\/#website\",\"url\":\"https:\\\/\\\/atemhaus-hubertushof.de\\\/\",\"name\":\"Atemhaus Hubertushof [95505 Immenreuth]\",\"description\":\"\",\"publisher\":{\"@id\":\"https:\\\/\\\/atemhaus-hubertushof.de\\\/#organization\"},\"potentialAction\":[{\"@type\":\"SearchAction\",\"target\":{\"@type\":\"EntryPoint\",\"urlTemplate\":\"https:\\\/\\\/atemhaus-hubertushof.de\\\/?s={search_term_string}\"},\"query-input\":{\"@type\":\"PropertyValueSpecification\",\"valueRequired\":true,\"valueName\":\"search_term_string\"}}],\"inLanguage\":\"fr-FR\"},{\"@type\":\"Organization\",\"@id\":\"https:\\\/\\\/atemhaus-hubertushof.de\\\/#organization\",\"name\":\"Atemhaus Hubertushof [95505 Immenreuth]\",\"url\":\"https:\\\/\\\/atemhaus-hubertushof.de\\\/\",\"logo\":{\"@type\":\"ImageObject\",\"inLanguage\":\"fr-FR\",\"@id\":\"https:\\\/\\\/atemhaus-hubertushof.de\\\/#\\\/schema\\\/logo\\\/image\\\/\",\"url\":\"https:\\\/\\\/atemhaus-hubertushof.de\\\/wp-content\\\/uploads\\\/cropped-2-2.png\",\"contentUrl\":\"https:\\\/\\\/atemhaus-hubertushof.de\\\/wp-content\\\/uploads\\\/cropped-2-2.png\",\"width\":512,\"height\":512,\"caption\":\"Atemhaus Hubertushof [95505 Immenreuth]\"},\"image\":{\"@id\":\"https:\\\/\\\/atemhaus-hubertushof.de\\\/#\\\/schema\\\/logo\\\/image\\\/\"}}]}<\/script>\n<!-- \/ Yoast SEO plugin. -->","yoast_head_json":{"title":"F\u00fcr Teilnehmer - Atemhaus Hubertushof [95505 Immenreuth]","robots":{"index":"index","follow":"follow","max-snippet":"max-snippet:-1","max-image-preview":"max-image-preview:large","max-video-preview":"max-video-preview:-1"},"canonical":"https:\/\/atemhaus-hubertushof.de\/fr\/fur-teilnehmer\/","og_locale":"fr_FR","og_type":"article","og_title":"F\u00fcr Teilnehmer - Atemhaus Hubertushof [95505 Immenreuth]","og_description":"Liebe G\u00e4ste Herzlich willkommen im Atemhaus Hubertushof! Es ist uns eine Freude Dich bei uns begr\u00fcssen zu d\u00fcrfen. Gerne informieren wir Dich \u00fcber einige wichtige Punkte bez\u00fcglich unseres Seminarhauses.&nbsp; Unser&hellip;","og_url":"https:\/\/atemhaus-hubertushof.de\/fr\/fur-teilnehmer\/","og_site_name":"Atemhaus Hubertushof [95505 Immenreuth]","twitter_card":"summary_large_image","twitter_misc":{"Dur\u00e9e de lecture estim\u00e9e":"1 minute"},"schema":{"@context":"https:\/\/schema.org","@graph":[{"@type":"WebPage","@id":"https:\/\/atemhaus-hubertushof.de\/fur-teilnehmer\/","url":"https:\/\/atemhaus-hubertushof.de\/fur-teilnehmer\/","name":"F\u00fcr Teilnehmer - Atemhaus Hubertushof [95505 Immenreuth]","isPartOf":{"@id":"https:\/\/atemhaus-hubertushof.de\/#website"},"datePublished":"2021-02-09T17:17:34+00:00","breadcrumb":{"@id":"https:\/\/atemhaus-hubertushof.de\/fur-teilnehmer\/#breadcrumb"},"inLanguage":"fr-FR","potentialAction":[{"@type":"ReadAction","target":["https:\/\/atemhaus-hubertushof.de\/fur-teilnehmer\/"]}]},{"@type":"BreadcrumbList","@id":"https:\/\/atemhaus-hubertushof.de\/fur-teilnehmer\/#breadcrumb","itemListElement":[{"@type":"ListItem","position":1,"name":"Startseite","item":"https:\/\/atemhaus-hubertushof.de\/"},{"@type":"ListItem","position":2,"name":"F\u00fcr Teilnehmer"}]},{"@type":"WebSite","@id":"https:\/\/atemhaus-hubertushof.de\/#website","url":"https:\/\/atemhaus-hubertushof.de\/","name":"Atemhaus Hubertushof [95505 Immenreuth]","description":"","publisher":{"@id":"https:\/\/atemhaus-hubertushof.de\/#organization"},"potentialAction":[{"@type":"SearchAction","target":{"@type":"EntryPoint","urlTemplate":"https:\/\/atemhaus-hubertushof.de\/?s={search_term_string}"},"query-input":{"@type":"PropertyValueSpecification","valueRequired":true,"valueName":"search_term_string"}}],"inLanguage":"fr-FR"},{"@type":"Organization","@id":"https:\/\/atemhaus-hubertushof.de\/#organization","name":"Atemhaus Hubertushof [95505 Immenreuth]","url":"https:\/\/atemhaus-hubertushof.de\/","logo":{"@type":"ImageObject","inLanguage":"fr-FR","@id":"https:\/\/atemhaus-hubertushof.de\/#\/schema\/logo\/image\/","url":"https:\/\/atemhaus-hubertushof.de\/wp-content\/uploads\/cropped-2-2.png","contentUrl":"https:\/\/atemhaus-hubertushof.de\/wp-content\/uploads\/cropped-2-2.png","width":512,"height":512,"caption":"Atemhaus Hubertushof [95505 Immenreuth]"},"image":{"@id":"https:\/\/atemhaus-hubertushof.de\/#\/schema\/logo\/image\/"}}]}},"jetpack_sharing_enabled":true,"_links":{"self":[{"href":"https:\/\/atemhaus-hubertushof.de\/fr\/wp-json\/wp\/v2\/pages\/313","targetHints":{"allow":["GET"]}}],"collection":[{"href":"https:\/\/atemhaus-hubertushof.de\/fr\/wp-json\/wp\/v2\/pages"}],"about":[{"href":"https:\/\/atemhaus-hubertushof.de\/fr\/wp-json\/wp\/v2\/types\/page"}],"author":[{"embeddable":true,"href":"https:\/\/atemhaus-hubertushof.de\/fr\/wp-json\/wp\/v2\/users\/4"}],"replies":[{"embeddable":true,"href":"https:\/\/atemhaus-hubertushof.de\/fr\/wp-json\/wp\/v2\/comments?post=313"}],"version-history":[{"count":0,"href":"https:\/\/atemhaus-hubertushof.de\/fr\/wp-json\/wp\/v2\/pages\/313\/revisions"}],"wp:attachment":[{"href":"https:\/\/atemhaus-hubertushof.de\/fr\/wp-json\/wp\/v2\/media?parent=313"}],"curies":[{"name":"wp","href":"https:\/\/api.w.org\/{rel}","templated":true}]}}