{"id":2209,"date":"2023-03-27T09:40:10","date_gmt":"2023-03-27T07:40:10","guid":{"rendered":"https:\/\/www.atemhaus-hubertushof.de\/?page_id=2209"},"modified":"2024-03-25T19:00:35","modified_gmt":"2024-03-25T18:00:35","slug":"spenden","status":"publish","type":"page","link":"https:\/\/atemhaus-hubertushof.de\/fr\/spenden\/","title":{"rendered":"DONS"},"content":{"rendered":"<div data-elementor-type=\"wp-page\" data-elementor-id=\"2209\" class=\"elementor elementor-2209\" data-elementor-post-type=\"page\">\n\t\t\t\t<div class=\"elementor-element elementor-element-0dd5477 e-flex e-con-boxed e-con e-parent\" data-id=\"0dd5477\" data-element_type=\"container\" data-e-type=\"container\">\n\t\t\t\t\t<div class=\"e-con-inner\">\n\t\t\t\t<div class=\"elementor-element elementor-element-4cd861c elementor-widget elementor-widget-image\" data-id=\"4cd861c\" data-element_type=\"widget\" data-e-type=\"widget\" data-widget_type=\"image.default\">\n\t\t\t\t<div class=\"elementor-widget-container\">\n\t\t\t\t\t\t\t\t\t\t\t\t\t\t\t<img fetchpriority=\"high\" decoding=\"async\" width=\"1024\" height=\"576\" src=\"https:\/\/atemhaus-hubertushof.de\/wp-content\/uploads\/Vorbild-Atemhaus-1024x576.jpg\" class=\"attachment-large size-large wp-image-10300\" alt=\"\" srcset=\"https:\/\/atemhaus-hubertushof.de\/wp-content\/uploads\/Vorbild-Atemhaus-1024x576.jpg 1024w, https:\/\/atemhaus-hubertushof.de\/wp-content\/uploads\/Vorbild-Atemhaus-300x169.jpg 300w, https:\/\/atemhaus-hubertushof.de\/wp-content\/uploads\/Vorbild-Atemhaus-768x432.jpg 768w, https:\/\/atemhaus-hubertushof.de\/wp-content\/uploads\/Vorbild-Atemhaus-1536x864.jpg 1536w, https:\/\/atemhaus-hubertushof.de\/wp-content\/uploads\/Vorbild-Atemhaus-2048x1152.jpg 2048w, https:\/\/atemhaus-hubertushof.de\/wp-content\/uploads\/Vorbild-Atemhaus-900x506.jpg 900w, https:\/\/atemhaus-hubertushof.de\/wp-content\/uploads\/Vorbild-Atemhaus-1200x675.jpg 1200w\" sizes=\"(max-width: 1024px) 100vw, 1024px\" \/>\t\t\t\t\t\t\t\t\t\t\t\t\t\t\t<\/div>\n\t\t\t\t<\/div>\n\t\t\t\t<div class=\"elementor-element elementor-element-6de2f0f elementor-widget elementor-widget-text-editor\" data-id=\"6de2f0f\" data-element_type=\"widget\" data-e-type=\"widget\" data-widget_type=\"text-editor.default\">\n\t\t\t\t<div class=\"elementor-widget-container\">\n\t\t\t\t\t\t\t\t\t<p>Soutenez-nous pour que nous puissions vous soutenir ! La maison de la respiration est con\u00e7ue comme un lieu de rencontre et de croissance pour soutenir et promouvoir la respiration consciente dans la soci\u00e9t\u00e9 ainsi que la sant\u00e9 et la transformation personnelle d'un ou de plusieurs individus.<\/p>\n<p>Nous avons des projets ambitieux pour notre maison et la soci\u00e9t\u00e9, mais avec l'immense augmentation des prix de l'\u00e9nergie et des mat\u00e9riaux de construction pour l'entretien, la r\u00e9novation et l'extension, nous sommes extr\u00eamement sollicit\u00e9s financi\u00e8rement. C'est pourquoi nous avons besoin de ton soutien. Ton don sera directement investi dans notre travail de prise de conscience g\u00e9n\u00e9rale de la respiration, de recherche pour la croissance int\u00e9rieure, la conscience et le changement social positif.&nbsp;<\/p>\n<p>Nous nous r\u00e9jouissons de ton don ou d'un entretien avec nous<\/p>\n<p>Atemhaus Hubertushof Poppenberg 5, 95505 Immenreuth, +49 9642 - 6913 100<\/p>\n<p>Coordonn\u00e9es bancaires : Sparkasse Oberpfalz Nord DE32 7535 0000 0011 4778 82<\/p>\n<p>Paypal : atemhaus.hubertushof@gmail.com ou directement ici : <a href=\"https:\/\/www.paypal.com\/donate\/?hosted_button_id=HSYP9VUR9B6FE\" target=\"_blank\" rel=\"noopener\">DONS<\/a><\/p>\n<p>Nous sommes reconnaissants pour chaque don, qu'il soit petit ou grand.<\/p>\n<p>Nous acceptons volontiers les virements, Paypal ou les dons en nature. Nous \u00e9tablissons volontiers des re\u00e7us de dons.  Les re\u00e7us pour l'administration fiscale ne sont n\u00e9cessaires qu'\u00e0 partir d'un don de plus de 250 EUR.<\/p>\n<p>La maison de la respiration est con\u00e7ue comme un lieu de rencontre et de croissance. Tout tourne autour de la respiration consciente dans la soci\u00e9t\u00e9 ainsi que de la sant\u00e9 et de la transformation personnelle des individus. Dans notre situation \u00e9conomique actuelle, il n'est pas possible pour tout le monde, pour des raisons financi\u00e8res, d'exp\u00e9rimenter les effets b\u00e9n\u00e9fiques de la respiration consciente. Nous voulons cependant \u00eatre un point de contact pour tous ceux qui ont v\u00e9cu des moments difficiles et qui sont pr\u00eats \u00e0 s'en d\u00e9faire pour retrouver une nouvelle vie plus l\u00e9g\u00e8re. Par ton don, tu soutiens \u00e9galement cette d\u00e9marche. Merci beaucoup.<\/p>\t\t\t\t\t\t\t\t<\/div>\n\t\t\t\t<\/div>\n\t\t\t\t\t<\/div>\n\t\t\t\t<\/div>\n\t\t\t\t<\/div>","protected":false},"excerpt":{"rendered":"<p>Soutenez-nous pour que nous puissions vous soutenir ! La maison de la respiration est con\u00e7ue comme un lieu de rencontre et de croissance pour soutenir la respiration consciente dans la soci\u00e9t\u00e9 ainsi que la sant\u00e9 et la transformation personnelle d'un ou de plusieurs individus...<\/p>","protected":false},"author":4,"featured_media":0,"parent":0,"menu_order":0,"comment_status":"closed","ping_status":"closed","template":"","meta":{"_EventAllDay":false,"_EventTimezone":"","_EventStartDate":"","_EventEndDate":"","_EventStartDateUTC":"","_EventEndDateUTC":"","_EventShowMap":false,"_EventShowMapLink":false,"_EventURL":"","_EventCost":"","_EventCostDescription":"","_EventCurrencySymbol":"","_EventCurrencyCode":"","_EventCurrencyPosition":"","_EventDateTimeSeparator":"","_EventTimeRangeSeparator":"","_EventOrganizerID":[],"_EventVenueID":[],"_OrganizerEmail":"","_OrganizerPhone":"","_OrganizerWebsite":"","_VenueAddress":"","_VenueCity":"","_VenueCountry":"","_VenueProvince":"","_VenueState":"","_VenueZip":"","_VenuePhone":"","_VenueURL":"","_VenueStateProvince":"","_VenueLat":"","_VenueLng":"","_VenueShowMap":false,"_VenueShowMapLink":false,"footnotes":""},"class_list":["post-2209","page","type-page","status-publish","hentry"],"yoast_head":"<!-- This site is optimized with the Yoast SEO plugin v27.3 - https:\/\/yoast.com\/product\/yoast-seo-wordpress\/ -->\n<title>SPENDEN - Atemhaus Hubertushof [95505 Immenreuth]<\/title>\n<meta name=\"robots\" content=\"index, follow, max-snippet:-1, max-image-preview:large, max-video-preview:-1\" \/>\n<link rel=\"canonical\" href=\"https:\/\/atemhaus-hubertushof.de\/fr\/spenden\/\" \/>\n<meta property=\"og:locale\" content=\"fr_FR\" \/>\n<meta property=\"og:type\" content=\"article\" \/>\n<meta property=\"og:title\" content=\"SPENDEN - Atemhaus Hubertushof [95505 Immenreuth]\" \/>\n<meta property=\"og:description\" content=\"Unterst\u00fctze uns, damit wir&nbsp;unterst\u00fctzen k\u00f6nnen! Das Atemhaus ist konzipiert als Begegnung- und Wachstumsst\u00e4tte um bewusstes Atmen in der Gesellschaft sowie die Gesundheit und pers\u00f6nliche Transformation Einzelner bzw. Vieler zu unterst\u00fctzen&hellip;\" \/>\n<meta property=\"og:url\" content=\"https:\/\/atemhaus-hubertushof.de\/fr\/spenden\/\" \/>\n<meta property=\"og:site_name\" content=\"Atemhaus Hubertushof [95505 Immenreuth]\" \/>\n<meta property=\"article:modified_time\" content=\"2024-03-25T18:00:35+00:00\" \/>\n<meta property=\"og:image\" content=\"https:\/\/atemhaus-hubertushof.de\/wp-content\/uploads\/Vorbild-Atemhaus-1024x576.jpg\" \/>\n<meta name=\"twitter:card\" content=\"summary_large_image\" \/>\n<meta name=\"twitter:label1\" content=\"Dur\u00e9e de lecture estim\u00e9e\" \/>\n\t<meta name=\"twitter:data1\" content=\"2 minutes\" \/>\n<script type=\"application\/ld+json\" class=\"yoast-schema-graph\">{\"@context\":\"https:\\\/\\\/schema.org\",\"@graph\":[{\"@type\":\"WebPage\",\"@id\":\"https:\\\/\\\/atemhaus-hubertushof.de\\\/spenden\\\/\",\"url\":\"https:\\\/\\\/atemhaus-hubertushof.de\\\/spenden\\\/\",\"name\":\"SPENDEN - Atemhaus Hubertushof [95505 Immenreuth]\",\"isPartOf\":{\"@id\":\"https:\\\/\\\/atemhaus-hubertushof.de\\\/#website\"},\"primaryImageOfPage\":{\"@id\":\"https:\\\/\\\/atemhaus-hubertushof.de\\\/spenden\\\/#primaryimage\"},\"image\":{\"@id\":\"https:\\\/\\\/atemhaus-hubertushof.de\\\/spenden\\\/#primaryimage\"},\"thumbnailUrl\":\"https:\\\/\\\/atemhaus-hubertushof.de\\\/wp-content\\\/uploads\\\/Vorbild-Atemhaus-1024x576.jpg\",\"datePublished\":\"2023-03-27T07:40:10+00:00\",\"dateModified\":\"2024-03-25T18:00:35+00:00\",\"breadcrumb\":{\"@id\":\"https:\\\/\\\/atemhaus-hubertushof.de\\\/spenden\\\/#breadcrumb\"},\"inLanguage\":\"fr-FR\",\"potentialAction\":[{\"@type\":\"ReadAction\",\"target\":[\"https:\\\/\\\/atemhaus-hubertushof.de\\\/spenden\\\/\"]}]},{\"@type\":\"ImageObject\",\"inLanguage\":\"fr-FR\",\"@id\":\"https:\\\/\\\/atemhaus-hubertushof.de\\\/spenden\\\/#primaryimage\",\"url\":\"https:\\\/\\\/atemhaus-hubertushof.de\\\/wp-content\\\/uploads\\\/Vorbild-Atemhaus-1024x576.jpg\",\"contentUrl\":\"https:\\\/\\\/atemhaus-hubertushof.de\\\/wp-content\\\/uploads\\\/Vorbild-Atemhaus-1024x576.jpg\"},{\"@type\":\"BreadcrumbList\",\"@id\":\"https:\\\/\\\/atemhaus-hubertushof.de\\\/spenden\\\/#breadcrumb\",\"itemListElement\":[{\"@type\":\"ListItem\",\"position\":1,\"name\":\"Startseite\",\"item\":\"https:\\\/\\\/atemhaus-hubertushof.de\\\/\"},{\"@type\":\"ListItem\",\"position\":2,\"name\":\"SPENDEN\"}]},{\"@type\":\"WebSite\",\"@id\":\"https:\\\/\\\/atemhaus-hubertushof.de\\\/#website\",\"url\":\"https:\\\/\\\/atemhaus-hubertushof.de\\\/\",\"name\":\"Atemhaus Hubertushof [95505 Immenreuth]\",\"description\":\"\",\"publisher\":{\"@id\":\"https:\\\/\\\/atemhaus-hubertushof.de\\\/#organization\"},\"potentialAction\":[{\"@type\":\"SearchAction\",\"target\":{\"@type\":\"EntryPoint\",\"urlTemplate\":\"https:\\\/\\\/atemhaus-hubertushof.de\\\/?s={search_term_string}\"},\"query-input\":{\"@type\":\"PropertyValueSpecification\",\"valueRequired\":true,\"valueName\":\"search_term_string\"}}],\"inLanguage\":\"fr-FR\"},{\"@type\":\"Organization\",\"@id\":\"https:\\\/\\\/atemhaus-hubertushof.de\\\/#organization\",\"name\":\"Atemhaus Hubertushof [95505 Immenreuth]\",\"url\":\"https:\\\/\\\/atemhaus-hubertushof.de\\\/\",\"logo\":{\"@type\":\"ImageObject\",\"inLanguage\":\"fr-FR\",\"@id\":\"https:\\\/\\\/atemhaus-hubertushof.de\\\/#\\\/schema\\\/logo\\\/image\\\/\",\"url\":\"https:\\\/\\\/atemhaus-hubertushof.de\\\/wp-content\\\/uploads\\\/cropped-2-2.png\",\"contentUrl\":\"https:\\\/\\\/atemhaus-hubertushof.de\\\/wp-content\\\/uploads\\\/cropped-2-2.png\",\"width\":512,\"height\":512,\"caption\":\"Atemhaus Hubertushof [95505 Immenreuth]\"},\"image\":{\"@id\":\"https:\\\/\\\/atemhaus-hubertushof.de\\\/#\\\/schema\\\/logo\\\/image\\\/\"}}]}<\/script>\n<!-- \/ Yoast SEO plugin. -->","yoast_head_json":{"title":"SPENDEN - Atemhaus Hubertushof [95505 Immenreuth]","robots":{"index":"index","follow":"follow","max-snippet":"max-snippet:-1","max-image-preview":"max-image-preview:large","max-video-preview":"max-video-preview:-1"},"canonical":"https:\/\/atemhaus-hubertushof.de\/fr\/spenden\/","og_locale":"fr_FR","og_type":"article","og_title":"SPENDEN - Atemhaus Hubertushof [95505 Immenreuth]","og_description":"Unterst\u00fctze uns, damit wir&nbsp;unterst\u00fctzen k\u00f6nnen! Das Atemhaus ist konzipiert als Begegnung- und Wachstumsst\u00e4tte um bewusstes Atmen in der Gesellschaft sowie die Gesundheit und pers\u00f6nliche Transformation Einzelner bzw. Vieler zu unterst\u00fctzen&hellip;","og_url":"https:\/\/atemhaus-hubertushof.de\/fr\/spenden\/","og_site_name":"Atemhaus Hubertushof [95505 Immenreuth]","article_modified_time":"2024-03-25T18:00:35+00:00","og_image":[{"url":"https:\/\/atemhaus-hubertushof.de\/wp-content\/uploads\/Vorbild-Atemhaus-1024x576.jpg","type":"","width":"","height":""}],"twitter_card":"summary_large_image","twitter_misc":{"Dur\u00e9e de lecture estim\u00e9e":"2 minutes"},"schema":{"@context":"https:\/\/schema.org","@graph":[{"@type":"WebPage","@id":"https:\/\/atemhaus-hubertushof.de\/spenden\/","url":"https:\/\/atemhaus-hubertushof.de\/spenden\/","name":"SPENDEN - Atemhaus Hubertushof [95505 Immenreuth]","isPartOf":{"@id":"https:\/\/atemhaus-hubertushof.de\/#website"},"primaryImageOfPage":{"@id":"https:\/\/atemhaus-hubertushof.de\/spenden\/#primaryimage"},"image":{"@id":"https:\/\/atemhaus-hubertushof.de\/spenden\/#primaryimage"},"thumbnailUrl":"https:\/\/atemhaus-hubertushof.de\/wp-content\/uploads\/Vorbild-Atemhaus-1024x576.jpg","datePublished":"2023-03-27T07:40:10+00:00","dateModified":"2024-03-25T18:00:35+00:00","breadcrumb":{"@id":"https:\/\/atemhaus-hubertushof.de\/spenden\/#breadcrumb"},"inLanguage":"fr-FR","potentialAction":[{"@type":"ReadAction","target":["https:\/\/atemhaus-hubertushof.de\/spenden\/"]}]},{"@type":"ImageObject","inLanguage":"fr-FR","@id":"https:\/\/atemhaus-hubertushof.de\/spenden\/#primaryimage","url":"https:\/\/atemhaus-hubertushof.de\/wp-content\/uploads\/Vorbild-Atemhaus-1024x576.jpg","contentUrl":"https:\/\/atemhaus-hubertushof.de\/wp-content\/uploads\/Vorbild-Atemhaus-1024x576.jpg"},{"@type":"BreadcrumbList","@id":"https:\/\/atemhaus-hubertushof.de\/spenden\/#breadcrumb","itemListElement":[{"@type":"ListItem","position":1,"name":"Startseite","item":"https:\/\/atemhaus-hubertushof.de\/"},{"@type":"ListItem","position":2,"name":"SPENDEN"}]},{"@type":"WebSite","@id":"https:\/\/atemhaus-hubertushof.de\/#website","url":"https:\/\/atemhaus-hubertushof.de\/","name":"Atemhaus Hubertushof [95505 Immenreuth]","description":"","publisher":{"@id":"https:\/\/atemhaus-hubertushof.de\/#organization"},"potentialAction":[{"@type":"SearchAction","target":{"@type":"EntryPoint","urlTemplate":"https:\/\/atemhaus-hubertushof.de\/?s={search_term_string}"},"query-input":{"@type":"PropertyValueSpecification","valueRequired":true,"valueName":"search_term_string"}}],"inLanguage":"fr-FR"},{"@type":"Organization","@id":"https:\/\/atemhaus-hubertushof.de\/#organization","name":"Atemhaus Hubertushof [95505 Immenreuth]","url":"https:\/\/atemhaus-hubertushof.de\/","logo":{"@type":"ImageObject","inLanguage":"fr-FR","@id":"https:\/\/atemhaus-hubertushof.de\/#\/schema\/logo\/image\/","url":"https:\/\/atemhaus-hubertushof.de\/wp-content\/uploads\/cropped-2-2.png","contentUrl":"https:\/\/atemhaus-hubertushof.de\/wp-content\/uploads\/cropped-2-2.png","width":512,"height":512,"caption":"Atemhaus Hubertushof [95505 Immenreuth]"},"image":{"@id":"https:\/\/atemhaus-hubertushof.de\/#\/schema\/logo\/image\/"}}]}},"jetpack_sharing_enabled":true,"_links":{"self":[{"href":"https:\/\/atemhaus-hubertushof.de\/fr\/wp-json\/wp\/v2\/pages\/2209","targetHints":{"allow":["GET"]}}],"collection":[{"href":"https:\/\/atemhaus-hubertushof.de\/fr\/wp-json\/wp\/v2\/pages"}],"about":[{"href":"https:\/\/atemhaus-hubertushof.de\/fr\/wp-json\/wp\/v2\/types\/page"}],"author":[{"embeddable":true,"href":"https:\/\/atemhaus-hubertushof.de\/fr\/wp-json\/wp\/v2\/users\/4"}],"replies":[{"embeddable":true,"href":"https:\/\/atemhaus-hubertushof.de\/fr\/wp-json\/wp\/v2\/comments?post=2209"}],"version-history":[{"count":18,"href":"https:\/\/atemhaus-hubertushof.de\/fr\/wp-json\/wp\/v2\/pages\/2209\/revisions"}],"predecessor-version":[{"id":10585,"href":"https:\/\/atemhaus-hubertushof.de\/fr\/wp-json\/wp\/v2\/pages\/2209\/revisions\/10585"}],"wp:attachment":[{"href":"https:\/\/atemhaus-hubertushof.de\/fr\/wp-json\/wp\/v2\/media?parent=2209"}],"curies":[{"name":"wp","href":"https:\/\/api.w.org\/{rel}","templated":true}]}}