{"id":102,"date":"2021-02-07T19:26:30","date_gmt":"2021-02-07T19:26:30","guid":{"rendered":"https:\/\/www.atemhaus-hubertushof.de\/?page_id=102"},"modified":"2023-12-18T11:36:10","modified_gmt":"2023-12-18T10:36:10","slug":"impressum","status":"publish","type":"page","link":"https:\/\/atemhaus-hubertushof.de\/fr\/impressum\/","title":{"rendered":"Mentions l\u00e9gales"},"content":{"rendered":"<div data-elementor-type=\"wp-page\" data-elementor-id=\"102\" class=\"elementor elementor-102\" data-elementor-post-type=\"page\">\n\t\t\t\t<div class=\"elementor-element elementor-element-d57fa40 e-flex e-con-boxed e-con e-parent\" data-id=\"d57fa40\" data-element_type=\"container\" data-e-type=\"container\">\n\t\t\t\t\t<div class=\"e-con-inner\">\n\t\t\t\t<div class=\"elementor-element elementor-element-1467c621 elementor-widget elementor-widget-text-editor\" data-id=\"1467c621\" data-element_type=\"widget\" data-e-type=\"widget\" data-widget_type=\"text-editor.default\">\n\t\t\t\t<div class=\"elementor-widget-container\">\n\t\t\t\t\t\t\t\t\t\n<div class=\"wp-block-image\">\n<figure class=\"alignright\"><a href=\"http:\/\/www.inbreath.org\/wp-content\/uploads\/2020\/12\/crystals-5047732_1280.jpg\"><img decoding=\"async\" class=\"wp-image-24425\" src=\"http:\/\/www.inbreath.org\/wp-content\/uploads\/2020\/12\/crystals-5047732_1280-300x200.jpg\" alt=\"\" \/><\/a><\/figure>\n<\/div>\n\n<p>Informations selon \u00a7 5 TMG<\/p>\n\n<p>ATEMevents GmbH<br \/>Poppenberg 5,<br \/>95505 Immenreuth<\/p>\n\n<p>T\u00e9l. : +49 9642 - 6913 100<br \/>Mob : +49 1520 3547 266\u00a0<\/p>\n\n<p>E-mail :\u00a0<a href=\"mailto:mail@atemhaus-hubertushof.de\">mail@atemhaus-hubertushof.de<\/a><\/p>\n\n<p><strong>Responsable du contenu selon le \u00a7 55 Abs. 2 RStV :<\/strong><\/p>\n\n<p>Heinz Gerd Lange<\/p>\n\n<p><strong>Clause de non-responsabilit\u00e9 :<\/strong><\/p>\n\n<p><strong>1. responsabilit\u00e9 du contenu<\/strong><br \/>Les contenus de ce site web sont \u00e9labor\u00e9s avec le plus grand soin. Le fournisseur n'assume toutefois aucune garantie quant \u00e0 l'exactitude, l'exhaustivit\u00e9 et l'actualit\u00e9 des contenus mis \u00e0 disposition. L'utilisation des contenus du site web se fait aux risques et p\u00e9rils de l'utilisateur. Les contributions nomm\u00e9es refl\u00e8tent l'opinion de l'auteur respectif et pas toujours celle du fournisseur. La simple utilisation du site web du fournisseur ne donne lieu \u00e0 aucune relation contractuelle entre l'utilisateur et le fournisseur.<\/p>\n\n<p>Mention de responsabilit\u00e9 :<br \/>Malgr\u00e9 un contr\u00f4le minutieux du contenu, nous n'assumons aucune responsabilit\u00e9 pour le contenu des liens externes. Seuls les exploitants de ces sites sont responsables de leur contenu.<\/p>\n\n<p>Avis de droit d'auteur :<br \/>Tous les articles et illustrations publi\u00e9s sur ce site sont prot\u00e9g\u00e9s par des droits d'auteur. Toute utilisation non autoris\u00e9e par la loi sur les droits d'auteur requiert l'accord \u00e9crit pr\u00e9alable du fournisseur. Cela s'applique en particulier \u00e0 la reproduction, au traitement, \u00e0 la traduction, \u00e0 l'enregistrement, au traitement ou \u00e0 la reproduction de contenus et d'images dans des bases de donn\u00e9es ou d'autres m\u00e9dias et syst\u00e8mes \u00e9lectroniques.<\/p>\n\n<p>Num\u00e9ro d'identification de la taxe sur le chiffre d'affaires conform\u00e9ment au \u00a7 27 de la loi sur la taxe sur le chiffre d'affaires<\/p>\n\n<p><strong>2. liens externes<\/strong><br \/>Ce site web contient des liens vers des sites web de tiers (\"liens externes\"). Ces sites sont soumis \u00e0 la responsabilit\u00e9 de leurs exploitants respectifs. Lors de la premi\u00e8re mise en place des liens externes, le fournisseur a v\u00e9rifi\u00e9 si les contenus externes pr\u00e9sentaient d'\u00e9ventuelles violations de la loi. Aucune violation de la loi n'a \u00e9t\u00e9 constat\u00e9e \u00e0 ce moment-l\u00e0. Le fournisseur n'a aucune influence sur la conception actuelle et future et sur les contenus des pages li\u00e9es. Un contr\u00f4le permanent des liens externes ne peut \u00eatre exig\u00e9 du fournisseur sans indications concr\u00e8tes de violations de la loi. En cas de prise de connaissance de violations de la loi, les liens externes de ce type seront toutefois imm\u00e9diatement supprim\u00e9s.<\/p>\n\n<p><strong>3. droits d'auteur et droits voisins<\/strong><br \/>Les contenus publi\u00e9s sur ce site Internet sont soumis au droit d'auteur et aux droits voisins allemands. Toute utilisation non autoris\u00e9e par le droit d'auteur et les droits voisins allemands requiert l'accord \u00e9crit pr\u00e9alable du fournisseur ou du d\u00e9tenteur des droits. Cela s'applique en particulier \u00e0 la reproduction, au traitement, \u00e0 la traduction, \u00e0 l'enregistrement, au traitement ou \u00e0 la restitution de contenus dans des bases de donn\u00e9es ou d'autres m\u00e9dias et syst\u00e8mes \u00e9lectroniques. Les contenus et les droits de tiers sont signal\u00e9s comme tels. La reproduction ou la transmission non autoris\u00e9e de contenus individuels ou de pages compl\u00e8tes est interdite et punissable. Seule la r\u00e9alisation de copies et de t\u00e9l\u00e9chargements pour un usage personnel, priv\u00e9 et non commercial est autoris\u00e9e. La repr\u00e9sentation de ce site web dans des cadres \u00e9trangers n'est autoris\u00e9e qu'avec une permission \u00e9crite.<\/p>\n\n<p><strong>4. protection des donn\u00e9es<br \/><\/strong>L'utilisation de ce site web est possible sans indication de donn\u00e9es personnelles. Si des donn\u00e9es personnelles (p. ex. nom, adresse ou adresses e-mail) sont collect\u00e9es sur ce site, elles le sont sur une base volontaire. Ces donn\u00e9es ne seront pas transmises \u00e0 des tiers sans votre accord explicite.<\/p>\n\n<p>Le fournisseur attire express\u00e9ment l'attention sur le fait que la transmission de donn\u00e9es sur Internet (par exemple lors de la communication par e-mail) pr\u00e9sente des failles de s\u00e9curit\u00e9 et qu'elle ne peut pas \u00eatre enti\u00e8rement prot\u00e9g\u00e9e contre l'acc\u00e8s par des tiers.<\/p>\n\n<p>L'utilisation par des tiers des donn\u00e9es de contact publi\u00e9es dans le cadre des mentions l\u00e9gales obligatoires pour l'envoi de publicit\u00e9 et de mat\u00e9riel d'information non express\u00e9ment demand\u00e9s est express\u00e9ment interdite. L'exploitant du site web se r\u00e9serve express\u00e9ment le droit de prendre des mesures juridiques en cas d'envoi non sollicit\u00e9 d'informations publicitaires, par exemple par le biais de spams.<\/p>\n\t\t\t\t\t\t\t\t<\/div>\n\t\t\t\t<\/div>\n\t\t\t\t\t<\/div>\n\t\t\t\t<\/div>\n\t\t\t\t<\/div>","protected":false},"excerpt":{"rendered":"<p>Informations selon \u00a7 5 TMG ATEMevents GmbHPoppenberg 5,95505 Immenreuth T\u00e9l. : +49 9642 - 6913 100Mob : +49 1520 3547 266 E-mail : mail@atemhaus-hubertushof.de Responsable du contenu selon \u00a7 55 Abs. 2 RStV :...<\/p>","protected":false},"author":4,"featured_media":0,"parent":0,"menu_order":0,"comment_status":"closed","ping_status":"closed","template":"","meta":{"_EventAllDay":false,"_EventTimezone":"","_EventStartDate":"","_EventEndDate":"","_EventStartDateUTC":"","_EventEndDateUTC":"","_EventShowMap":false,"_EventShowMapLink":false,"_EventURL":"","_EventCost":"","_EventCostDescription":"","_EventCurrencySymbol":"","_EventCurrencyCode":"","_EventCurrencyPosition":"","_EventDateTimeSeparator":"","_EventTimeRangeSeparator":"","_EventOrganizerID":[],"_EventVenueID":[],"_OrganizerEmail":"","_OrganizerPhone":"","_OrganizerWebsite":"","_VenueAddress":"","_VenueCity":"","_VenueCountry":"","_VenueProvince":"","_VenueState":"","_VenueZip":"","_VenuePhone":"","_VenueURL":"","_VenueStateProvince":"","_VenueLat":"","_VenueLng":"","_VenueShowMap":false,"_VenueShowMapLink":false,"footnotes":""},"class_list":["post-102","page","type-page","status-publish","hentry"],"yoast_head":"<!-- This site is optimized with the Yoast SEO plugin v27.3 - https:\/\/yoast.com\/product\/yoast-seo-wordpress\/ -->\n<title>Impressum - Atemhaus Hubertushof [95505 Immenreuth]<\/title>\n<meta name=\"robots\" content=\"index, follow, max-snippet:-1, max-image-preview:large, max-video-preview:-1\" \/>\n<link rel=\"canonical\" href=\"https:\/\/atemhaus-hubertushof.de\/fr\/impressum\/\" \/>\n<meta property=\"og:locale\" content=\"fr_FR\" \/>\n<meta property=\"og:type\" content=\"article\" \/>\n<meta property=\"og:title\" content=\"Impressum - Atemhaus Hubertushof [95505 Immenreuth]\" \/>\n<meta property=\"og:description\" content=\"Angaben gem\u00e4\u00df \u00a7 5 TMG ATEMevents GmbHPoppenberg 5,95505 Immenreuth Tel.: +49 9642 &#8211; 6913 100Mob: +49 1520 3547 266\u00a0 E-mail:\u00a0mail@atemhaus-hubertushof.de Verantwortlich f\u00fcr den Inhalt nach \u00a7 55 Abs. 2 RStV:&hellip;\" \/>\n<meta property=\"og:url\" content=\"https:\/\/atemhaus-hubertushof.de\/fr\/impressum\/\" \/>\n<meta property=\"og:site_name\" content=\"Atemhaus Hubertushof [95505 Immenreuth]\" \/>\n<meta property=\"article:modified_time\" content=\"2023-12-18T10:36:10+00:00\" \/>\n<meta property=\"og:image\" content=\"http:\/\/www.inbreath.org\/wp-content\/uploads\/2020\/12\/crystals-5047732_1280-300x200.jpg\" \/>\n<meta name=\"twitter:card\" content=\"summary_large_image\" \/>\n<meta name=\"twitter:label1\" content=\"Dur\u00e9e de lecture estim\u00e9e\" \/>\n\t<meta name=\"twitter:data1\" content=\"4 minutes\" \/>\n<script type=\"application\/ld+json\" class=\"yoast-schema-graph\">{\"@context\":\"https:\\\/\\\/schema.org\",\"@graph\":[{\"@type\":\"WebPage\",\"@id\":\"https:\\\/\\\/atemhaus-hubertushof.de\\\/impressum\\\/\",\"url\":\"https:\\\/\\\/atemhaus-hubertushof.de\\\/impressum\\\/\",\"name\":\"Impressum - Atemhaus Hubertushof [95505 Immenreuth]\",\"isPartOf\":{\"@id\":\"https:\\\/\\\/atemhaus-hubertushof.de\\\/#website\"},\"primaryImageOfPage\":{\"@id\":\"https:\\\/\\\/atemhaus-hubertushof.de\\\/impressum\\\/#primaryimage\"},\"image\":{\"@id\":\"https:\\\/\\\/atemhaus-hubertushof.de\\\/impressum\\\/#primaryimage\"},\"thumbnailUrl\":\"http:\\\/\\\/www.inbreath.org\\\/wp-content\\\/uploads\\\/2020\\\/12\\\/crystals-5047732_1280-300x200.jpg\",\"datePublished\":\"2021-02-07T19:26:30+00:00\",\"dateModified\":\"2023-12-18T10:36:10+00:00\",\"breadcrumb\":{\"@id\":\"https:\\\/\\\/atemhaus-hubertushof.de\\\/impressum\\\/#breadcrumb\"},\"inLanguage\":\"fr-FR\",\"potentialAction\":[{\"@type\":\"ReadAction\",\"target\":[\"https:\\\/\\\/atemhaus-hubertushof.de\\\/impressum\\\/\"]}]},{\"@type\":\"ImageObject\",\"inLanguage\":\"fr-FR\",\"@id\":\"https:\\\/\\\/atemhaus-hubertushof.de\\\/impressum\\\/#primaryimage\",\"url\":\"http:\\\/\\\/www.inbreath.org\\\/wp-content\\\/uploads\\\/2020\\\/12\\\/crystals-5047732_1280-300x200.jpg\",\"contentUrl\":\"http:\\\/\\\/www.inbreath.org\\\/wp-content\\\/uploads\\\/2020\\\/12\\\/crystals-5047732_1280-300x200.jpg\"},{\"@type\":\"BreadcrumbList\",\"@id\":\"https:\\\/\\\/atemhaus-hubertushof.de\\\/impressum\\\/#breadcrumb\",\"itemListElement\":[{\"@type\":\"ListItem\",\"position\":1,\"name\":\"Startseite\",\"item\":\"https:\\\/\\\/atemhaus-hubertushof.de\\\/\"},{\"@type\":\"ListItem\",\"position\":2,\"name\":\"Impressum\"}]},{\"@type\":\"WebSite\",\"@id\":\"https:\\\/\\\/atemhaus-hubertushof.de\\\/#website\",\"url\":\"https:\\\/\\\/atemhaus-hubertushof.de\\\/\",\"name\":\"Atemhaus Hubertushof [95505 Immenreuth]\",\"description\":\"\",\"publisher\":{\"@id\":\"https:\\\/\\\/atemhaus-hubertushof.de\\\/#organization\"},\"potentialAction\":[{\"@type\":\"SearchAction\",\"target\":{\"@type\":\"EntryPoint\",\"urlTemplate\":\"https:\\\/\\\/atemhaus-hubertushof.de\\\/?s={search_term_string}\"},\"query-input\":{\"@type\":\"PropertyValueSpecification\",\"valueRequired\":true,\"valueName\":\"search_term_string\"}}],\"inLanguage\":\"fr-FR\"},{\"@type\":\"Organization\",\"@id\":\"https:\\\/\\\/atemhaus-hubertushof.de\\\/#organization\",\"name\":\"Atemhaus Hubertushof [95505 Immenreuth]\",\"url\":\"https:\\\/\\\/atemhaus-hubertushof.de\\\/\",\"logo\":{\"@type\":\"ImageObject\",\"inLanguage\":\"fr-FR\",\"@id\":\"https:\\\/\\\/atemhaus-hubertushof.de\\\/#\\\/schema\\\/logo\\\/image\\\/\",\"url\":\"https:\\\/\\\/atemhaus-hubertushof.de\\\/wp-content\\\/uploads\\\/cropped-2-2.png\",\"contentUrl\":\"https:\\\/\\\/atemhaus-hubertushof.de\\\/wp-content\\\/uploads\\\/cropped-2-2.png\",\"width\":512,\"height\":512,\"caption\":\"Atemhaus Hubertushof [95505 Immenreuth]\"},\"image\":{\"@id\":\"https:\\\/\\\/atemhaus-hubertushof.de\\\/#\\\/schema\\\/logo\\\/image\\\/\"}}]}<\/script>\n<!-- \/ Yoast SEO plugin. -->","yoast_head_json":{"title":"Impressum - Atemhaus Hubertushof [95505 Immenreuth]","robots":{"index":"index","follow":"follow","max-snippet":"max-snippet:-1","max-image-preview":"max-image-preview:large","max-video-preview":"max-video-preview:-1"},"canonical":"https:\/\/atemhaus-hubertushof.de\/fr\/impressum\/","og_locale":"fr_FR","og_type":"article","og_title":"Impressum - Atemhaus Hubertushof [95505 Immenreuth]","og_description":"Angaben gem\u00e4\u00df \u00a7 5 TMG ATEMevents GmbHPoppenberg 5,95505 Immenreuth Tel.: +49 9642 &#8211; 6913 100Mob: +49 1520 3547 266\u00a0 E-mail:\u00a0mail@atemhaus-hubertushof.de Verantwortlich f\u00fcr den Inhalt nach \u00a7 55 Abs. 2 RStV:&hellip;","og_url":"https:\/\/atemhaus-hubertushof.de\/fr\/impressum\/","og_site_name":"Atemhaus Hubertushof [95505 Immenreuth]","article_modified_time":"2023-12-18T10:36:10+00:00","og_image":[{"url":"http:\/\/www.inbreath.org\/wp-content\/uploads\/2020\/12\/crystals-5047732_1280-300x200.jpg","type":"","width":"","height":""}],"twitter_card":"summary_large_image","twitter_misc":{"Dur\u00e9e de lecture estim\u00e9e":"4 minutes"},"schema":{"@context":"https:\/\/schema.org","@graph":[{"@type":"WebPage","@id":"https:\/\/atemhaus-hubertushof.de\/impressum\/","url":"https:\/\/atemhaus-hubertushof.de\/impressum\/","name":"Impressum - Atemhaus Hubertushof [95505 Immenreuth]","isPartOf":{"@id":"https:\/\/atemhaus-hubertushof.de\/#website"},"primaryImageOfPage":{"@id":"https:\/\/atemhaus-hubertushof.de\/impressum\/#primaryimage"},"image":{"@id":"https:\/\/atemhaus-hubertushof.de\/impressum\/#primaryimage"},"thumbnailUrl":"http:\/\/www.inbreath.org\/wp-content\/uploads\/2020\/12\/crystals-5047732_1280-300x200.jpg","datePublished":"2021-02-07T19:26:30+00:00","dateModified":"2023-12-18T10:36:10+00:00","breadcrumb":{"@id":"https:\/\/atemhaus-hubertushof.de\/impressum\/#breadcrumb"},"inLanguage":"fr-FR","potentialAction":[{"@type":"ReadAction","target":["https:\/\/atemhaus-hubertushof.de\/impressum\/"]}]},{"@type":"ImageObject","inLanguage":"fr-FR","@id":"https:\/\/atemhaus-hubertushof.de\/impressum\/#primaryimage","url":"http:\/\/www.inbreath.org\/wp-content\/uploads\/2020\/12\/crystals-5047732_1280-300x200.jpg","contentUrl":"http:\/\/www.inbreath.org\/wp-content\/uploads\/2020\/12\/crystals-5047732_1280-300x200.jpg"},{"@type":"BreadcrumbList","@id":"https:\/\/atemhaus-hubertushof.de\/impressum\/#breadcrumb","itemListElement":[{"@type":"ListItem","position":1,"name":"Startseite","item":"https:\/\/atemhaus-hubertushof.de\/"},{"@type":"ListItem","position":2,"name":"Impressum"}]},{"@type":"WebSite","@id":"https:\/\/atemhaus-hubertushof.de\/#website","url":"https:\/\/atemhaus-hubertushof.de\/","name":"Atemhaus Hubertushof [95505 Immenreuth]","description":"","publisher":{"@id":"https:\/\/atemhaus-hubertushof.de\/#organization"},"potentialAction":[{"@type":"SearchAction","target":{"@type":"EntryPoint","urlTemplate":"https:\/\/atemhaus-hubertushof.de\/?s={search_term_string}"},"query-input":{"@type":"PropertyValueSpecification","valueRequired":true,"valueName":"search_term_string"}}],"inLanguage":"fr-FR"},{"@type":"Organization","@id":"https:\/\/atemhaus-hubertushof.de\/#organization","name":"Atemhaus Hubertushof [95505 Immenreuth]","url":"https:\/\/atemhaus-hubertushof.de\/","logo":{"@type":"ImageObject","inLanguage":"fr-FR","@id":"https:\/\/atemhaus-hubertushof.de\/#\/schema\/logo\/image\/","url":"https:\/\/atemhaus-hubertushof.de\/wp-content\/uploads\/cropped-2-2.png","contentUrl":"https:\/\/atemhaus-hubertushof.de\/wp-content\/uploads\/cropped-2-2.png","width":512,"height":512,"caption":"Atemhaus Hubertushof [95505 Immenreuth]"},"image":{"@id":"https:\/\/atemhaus-hubertushof.de\/#\/schema\/logo\/image\/"}}]}},"jetpack_sharing_enabled":true,"_links":{"self":[{"href":"https:\/\/atemhaus-hubertushof.de\/fr\/wp-json\/wp\/v2\/pages\/102","targetHints":{"allow":["GET"]}}],"collection":[{"href":"https:\/\/atemhaus-hubertushof.de\/fr\/wp-json\/wp\/v2\/pages"}],"about":[{"href":"https:\/\/atemhaus-hubertushof.de\/fr\/wp-json\/wp\/v2\/types\/page"}],"author":[{"embeddable":true,"href":"https:\/\/atemhaus-hubertushof.de\/fr\/wp-json\/wp\/v2\/users\/4"}],"replies":[{"embeddable":true,"href":"https:\/\/atemhaus-hubertushof.de\/fr\/wp-json\/wp\/v2\/comments?post=102"}],"version-history":[{"count":10,"href":"https:\/\/atemhaus-hubertushof.de\/fr\/wp-json\/wp\/v2\/pages\/102\/revisions"}],"predecessor-version":[{"id":9166,"href":"https:\/\/atemhaus-hubertushof.de\/fr\/wp-json\/wp\/v2\/pages\/102\/revisions\/9166"}],"wp:attachment":[{"href":"https:\/\/atemhaus-hubertushof.de\/fr\/wp-json\/wp\/v2\/media?parent=102"}],"curies":[{"name":"wp","href":"https:\/\/api.w.org\/{rel}","templated":true}]}}