{"id":581,"date":"2021-03-01T17:00:16","date_gmt":"2021-03-01T17:00:16","guid":{"rendered":"https:\/\/www.atemhaus-hubertushof.de\/?page_id=581"},"modified":"2024-09-23T09:09:43","modified_gmt":"2024-09-23T07:09:43","slug":"anreise-per-auto","status":"publish","type":"page","link":"https:\/\/atemhaus-hubertushof.de\/en\/anreise-per-auto\/","title":{"rendered":"Travelling by car"},"content":{"rendered":"<div data-elementor-type=\"wp-page\" data-elementor-id=\"581\" class=\"elementor elementor-581\" data-elementor-post-type=\"page\">\n\t\t\t\t<div class=\"elementor-element elementor-element-d204275 e-flex e-con-boxed e-con e-parent\" data-id=\"d204275\" data-element_type=\"container\" data-e-type=\"container\">\n\t\t\t\t\t<div class=\"e-con-inner\">\n\t\t\t\t<div class=\"elementor-element elementor-element-859495c elementor-widget elementor-widget-text-editor\" data-id=\"859495c\" data-element_type=\"widget\" data-e-type=\"widget\" data-widget_type=\"text-editor.default\">\n\t\t\t\t<div class=\"elementor-widget-container\">\n\t\t\t\t\t\t\t\t\t<p><span style=\"font-weight: 400;\">Drive into Ahornberg and immediately take the first road to the left (at the bus stop) signposted Atemhaus. Then turn left again uphill at the war memorial (signposted Atemhaus). Then it's always steep up the hill... approx. 3 km. Always follow the main road, which bends to the right once. Don't go straight there, but keep to the right and up the hill. Keep going until you come to a T-junction. Turn left down the hill (signposted Atemhaus) until you reach us. The road ends here. If there is snow, you will definitely need winter tyres, possibly even snow chains or at least an agreement with us. A little adventure, but very beautiful and you just have to watch out for deers or rabbits on the way...\u00a0<\/span><\/p>\n<p><span style=\"font-weight: 400;\">If you are coming from Bayreuth, listen to your satnav for most of the journey, only the last stage needs an explanation. If you are coming from Bayreuth, your sat nav may want to guide you via \"Dennhof\" or \"Lienlas\". Don't listen to it, otherwise you will end up in the forest on a route that requires a four-wheel drive or tractor, i.e. you have to <\/span><b>always via Ahornberg<\/b><span style=\"font-weight: 400;\"> arrive.\u00a0<\/span><\/p>\n<p><span style=\"font-weight: 400;\">Coming from Munich, drive through Immenreuth and after approx. 1 km turn right to Ahornberg (signposted Seminar Centre Atemhaus). If you are coming via Bayreuth, the turn-off to Ahornberg is before Immenreuth (to the left).\u00a0<\/span><\/p>\n<p><span style=\"font-weight: 400;\">Drive into Ahornberg and take the first left at the bus stop (Atemhaus signposted). Then turn left again at the war memorial uphill (Atemhaus signposted). Then it is always steep up the mountain... approx. 3 km. Always follow the main road, which bends to the right once.  Don't go straight on there but keep right up the hill until you come to a T-junction. Turn left down the hill (signposted Atemhaus) until you reach us. The road ends here. If there is snow, you will definitely need winter tyres, possibly even snow chains or at least an agreement with us. A little adventure, but beautiful, you just have to watch out for deer or hares on the way...\u00a0<\/span><\/p>\t\t\t\t\t\t\t\t<\/div>\n\t\t\t\t<\/div>\n\t\t\t\t\t<\/div>\n\t\t\t\t<\/div>\n\t\t\t\t<\/div>","protected":false},"excerpt":{"rendered":"<p>How you get to us by car depends of course on where you are coming from. From the south (Munich area) I often choose the route via Regensburg (A93) to Weiden...<\/p>","protected":false},"author":4,"featured_media":0,"parent":0,"menu_order":0,"comment_status":"closed","ping_status":"closed","template":"","meta":{"_EventAllDay":false,"_EventTimezone":"","_EventStartDate":"","_EventEndDate":"","_EventStartDateUTC":"","_EventEndDateUTC":"","_EventShowMap":false,"_EventShowMapLink":false,"_EventURL":"","_EventCost":"","_EventCostDescription":"","_EventCurrencySymbol":"","_EventCurrencyCode":"","_EventCurrencyPosition":"","_EventDateTimeSeparator":"","_EventTimeRangeSeparator":"","_EventOrganizerID":[],"_EventVenueID":[],"_OrganizerEmail":"","_OrganizerPhone":"","_OrganizerWebsite":"","_VenueAddress":"","_VenueCity":"","_VenueCountry":"","_VenueProvince":"","_VenueState":"","_VenueZip":"","_VenuePhone":"","_VenueURL":"","_VenueStateProvince":"","_VenueLat":"","_VenueLng":"","_VenueShowMap":false,"_VenueShowMapLink":false,"footnotes":""},"class_list":["post-581","page","type-page","status-publish","hentry"],"yoast_head":"<!-- This site is optimized with the Yoast SEO plugin v27.3 - https:\/\/yoast.com\/product\/yoast-seo-wordpress\/ -->\n<title>Anreise per Auto - Atemhaus Hubertushof [95505 Immenreuth]<\/title>\n<meta name=\"robots\" content=\"index, follow, max-snippet:-1, max-image-preview:large, max-video-preview:-1\" \/>\n<link rel=\"canonical\" href=\"https:\/\/atemhaus-hubertushof.de\/en\/anreise-per-auto\/\" \/>\n<meta property=\"og:locale\" content=\"en_GB\" \/>\n<meta property=\"og:type\" content=\"article\" \/>\n<meta property=\"og:title\" content=\"Anreise per Auto - Atemhaus Hubertushof [95505 Immenreuth]\" \/>\n<meta property=\"og:description\" content=\"Wie Du mit dem Auto zu uns kommst, h\u00e4ngt nat\u00fcrlich davon ab, woher Du kommst. Aus dem S\u00fcden (M\u00fcnchner Gegend) w\u00e4hle ich oft den Weg \u00fcber Regensburg (A93) nach Weiden&hellip;\" \/>\n<meta property=\"og:url\" content=\"https:\/\/atemhaus-hubertushof.de\/en\/anreise-per-auto\/\" \/>\n<meta property=\"og:site_name\" content=\"Atemhaus Hubertushof [95505 Immenreuth]\" \/>\n<meta property=\"article:modified_time\" content=\"2024-09-23T07:09:43+00:00\" \/>\n<meta name=\"twitter:card\" content=\"summary_large_image\" \/>\n<meta name=\"twitter:label1\" content=\"Estimated reading time\" \/>\n\t<meta name=\"twitter:data1\" content=\"2 minutes\" \/>\n<script type=\"application\/ld+json\" class=\"yoast-schema-graph\">{\"@context\":\"https:\\\/\\\/schema.org\",\"@graph\":[{\"@type\":\"WebPage\",\"@id\":\"https:\\\/\\\/atemhaus-hubertushof.de\\\/anreise-per-auto\\\/\",\"url\":\"https:\\\/\\\/atemhaus-hubertushof.de\\\/anreise-per-auto\\\/\",\"name\":\"Anreise per Auto - Atemhaus Hubertushof [95505 Immenreuth]\",\"isPartOf\":{\"@id\":\"https:\\\/\\\/atemhaus-hubertushof.de\\\/#website\"},\"datePublished\":\"2021-03-01T17:00:16+00:00\",\"dateModified\":\"2024-09-23T07:09:43+00:00\",\"breadcrumb\":{\"@id\":\"https:\\\/\\\/atemhaus-hubertushof.de\\\/anreise-per-auto\\\/#breadcrumb\"},\"inLanguage\":\"en-GB\",\"potentialAction\":[{\"@type\":\"ReadAction\",\"target\":[\"https:\\\/\\\/atemhaus-hubertushof.de\\\/anreise-per-auto\\\/\"]}]},{\"@type\":\"BreadcrumbList\",\"@id\":\"https:\\\/\\\/atemhaus-hubertushof.de\\\/anreise-per-auto\\\/#breadcrumb\",\"itemListElement\":[{\"@type\":\"ListItem\",\"position\":1,\"name\":\"Startseite\",\"item\":\"https:\\\/\\\/atemhaus-hubertushof.de\\\/\"},{\"@type\":\"ListItem\",\"position\":2,\"name\":\"Anreise per Auto\"}]},{\"@type\":\"WebSite\",\"@id\":\"https:\\\/\\\/atemhaus-hubertushof.de\\\/#website\",\"url\":\"https:\\\/\\\/atemhaus-hubertushof.de\\\/\",\"name\":\"Atemhaus Hubertushof [95505 Immenreuth]\",\"description\":\"\",\"publisher\":{\"@id\":\"https:\\\/\\\/atemhaus-hubertushof.de\\\/#organization\"},\"potentialAction\":[{\"@type\":\"SearchAction\",\"target\":{\"@type\":\"EntryPoint\",\"urlTemplate\":\"https:\\\/\\\/atemhaus-hubertushof.de\\\/?s={search_term_string}\"},\"query-input\":{\"@type\":\"PropertyValueSpecification\",\"valueRequired\":true,\"valueName\":\"search_term_string\"}}],\"inLanguage\":\"en-GB\"},{\"@type\":\"Organization\",\"@id\":\"https:\\\/\\\/atemhaus-hubertushof.de\\\/#organization\",\"name\":\"Atemhaus Hubertushof [95505 Immenreuth]\",\"url\":\"https:\\\/\\\/atemhaus-hubertushof.de\\\/\",\"logo\":{\"@type\":\"ImageObject\",\"inLanguage\":\"en-GB\",\"@id\":\"https:\\\/\\\/atemhaus-hubertushof.de\\\/#\\\/schema\\\/logo\\\/image\\\/\",\"url\":\"https:\\\/\\\/atemhaus-hubertushof.de\\\/wp-content\\\/uploads\\\/cropped-2-2.png\",\"contentUrl\":\"https:\\\/\\\/atemhaus-hubertushof.de\\\/wp-content\\\/uploads\\\/cropped-2-2.png\",\"width\":512,\"height\":512,\"caption\":\"Atemhaus Hubertushof [95505 Immenreuth]\"},\"image\":{\"@id\":\"https:\\\/\\\/atemhaus-hubertushof.de\\\/#\\\/schema\\\/logo\\\/image\\\/\"}}]}<\/script>\n<!-- \/ Yoast SEO plugin. -->","yoast_head_json":{"title":"Anreise per Auto - Atemhaus Hubertushof [95505 Immenreuth]","robots":{"index":"index","follow":"follow","max-snippet":"max-snippet:-1","max-image-preview":"max-image-preview:large","max-video-preview":"max-video-preview:-1"},"canonical":"https:\/\/atemhaus-hubertushof.de\/en\/anreise-per-auto\/","og_locale":"en_GB","og_type":"article","og_title":"Anreise per Auto - Atemhaus Hubertushof [95505 Immenreuth]","og_description":"Wie Du mit dem Auto zu uns kommst, h\u00e4ngt nat\u00fcrlich davon ab, woher Du kommst. Aus dem S\u00fcden (M\u00fcnchner Gegend) w\u00e4hle ich oft den Weg \u00fcber Regensburg (A93) nach Weiden&hellip;","og_url":"https:\/\/atemhaus-hubertushof.de\/en\/anreise-per-auto\/","og_site_name":"Atemhaus Hubertushof [95505 Immenreuth]","article_modified_time":"2024-09-23T07:09:43+00:00","twitter_card":"summary_large_image","twitter_misc":{"Estimated reading time":"2 minutes"},"schema":{"@context":"https:\/\/schema.org","@graph":[{"@type":"WebPage","@id":"https:\/\/atemhaus-hubertushof.de\/anreise-per-auto\/","url":"https:\/\/atemhaus-hubertushof.de\/anreise-per-auto\/","name":"Anreise per Auto - Atemhaus Hubertushof [95505 Immenreuth]","isPartOf":{"@id":"https:\/\/atemhaus-hubertushof.de\/#website"},"datePublished":"2021-03-01T17:00:16+00:00","dateModified":"2024-09-23T07:09:43+00:00","breadcrumb":{"@id":"https:\/\/atemhaus-hubertushof.de\/anreise-per-auto\/#breadcrumb"},"inLanguage":"en-GB","potentialAction":[{"@type":"ReadAction","target":["https:\/\/atemhaus-hubertushof.de\/anreise-per-auto\/"]}]},{"@type":"BreadcrumbList","@id":"https:\/\/atemhaus-hubertushof.de\/anreise-per-auto\/#breadcrumb","itemListElement":[{"@type":"ListItem","position":1,"name":"Startseite","item":"https:\/\/atemhaus-hubertushof.de\/"},{"@type":"ListItem","position":2,"name":"Anreise per Auto"}]},{"@type":"WebSite","@id":"https:\/\/atemhaus-hubertushof.de\/#website","url":"https:\/\/atemhaus-hubertushof.de\/","name":"Atemhaus Hubertushof [95505 Immenreuth]","description":"","publisher":{"@id":"https:\/\/atemhaus-hubertushof.de\/#organization"},"potentialAction":[{"@type":"SearchAction","target":{"@type":"EntryPoint","urlTemplate":"https:\/\/atemhaus-hubertushof.de\/?s={search_term_string}"},"query-input":{"@type":"PropertyValueSpecification","valueRequired":true,"valueName":"search_term_string"}}],"inLanguage":"en-GB"},{"@type":"Organization","@id":"https:\/\/atemhaus-hubertushof.de\/#organization","name":"Atemhaus Hubertushof [95505 Immenreuth]","url":"https:\/\/atemhaus-hubertushof.de\/","logo":{"@type":"ImageObject","inLanguage":"en-GB","@id":"https:\/\/atemhaus-hubertushof.de\/#\/schema\/logo\/image\/","url":"https:\/\/atemhaus-hubertushof.de\/wp-content\/uploads\/cropped-2-2.png","contentUrl":"https:\/\/atemhaus-hubertushof.de\/wp-content\/uploads\/cropped-2-2.png","width":512,"height":512,"caption":"Atemhaus Hubertushof [95505 Immenreuth]"},"image":{"@id":"https:\/\/atemhaus-hubertushof.de\/#\/schema\/logo\/image\/"}}]}},"jetpack_sharing_enabled":true,"_links":{"self":[{"href":"https:\/\/atemhaus-hubertushof.de\/en\/wp-json\/wp\/v2\/pages\/581","targetHints":{"allow":["GET"]}}],"collection":[{"href":"https:\/\/atemhaus-hubertushof.de\/en\/wp-json\/wp\/v2\/pages"}],"about":[{"href":"https:\/\/atemhaus-hubertushof.de\/en\/wp-json\/wp\/v2\/types\/page"}],"author":[{"embeddable":true,"href":"https:\/\/atemhaus-hubertushof.de\/en\/wp-json\/wp\/v2\/users\/4"}],"replies":[{"embeddable":true,"href":"https:\/\/atemhaus-hubertushof.de\/en\/wp-json\/wp\/v2\/comments?post=581"}],"version-history":[{"count":6,"href":"https:\/\/atemhaus-hubertushof.de\/en\/wp-json\/wp\/v2\/pages\/581\/revisions"}],"predecessor-version":[{"id":11133,"href":"https:\/\/atemhaus-hubertushof.de\/en\/wp-json\/wp\/v2\/pages\/581\/revisions\/11133"}],"wp:attachment":[{"href":"https:\/\/atemhaus-hubertushof.de\/en\/wp-json\/wp\/v2\/media?parent=581"}],"curies":[{"name":"wp","href":"https:\/\/api.w.org\/{rel}","templated":true}]}}